{"id":461,"date":"2014-12-01T20:36:01","date_gmt":"2014-12-01T19:36:01","guid":{"rendered":"http:\/\/wordpress.nibis.de\/gsrautheim\/?page_id=461"},"modified":"2014-12-26T00:44:24","modified_gmt":"2014-12-25T23:44:24","slug":"schulplaner","status":"publish","type":"page","link":"https:\/\/wordpress.nibis.de\/gsrautheim\/schulplaner\/","title":{"rendered":"Schulplaner"},"content":{"rendered":"<p><span style=\"font-family: tahoma,arial,helvetica,sans-serif;font-size: 10pt\">Der Schulplaner der Grundschule Rautheim ist verpflichtend f\u00fcr alle Kinder eingef\u00fchrt. Im Schulplaner notieren die Kinder Hausaufgaben und alle wichtigen Infomationen.<\/span><\/p>\n<p><span style=\"font-family: tahoma,arial,helvetica,sans-serif;font-size: 10pt\">Der Schulplaner wird auch als Kommunikationsmittel zwischen Elternhaus und Schule genutzt.<\/span><\/p>\n<p><span style=\"font-family: tahoma,arial,helvetica,sans-serif;font-size: 10pt\">Wir danken dem F\u00f6rderverein f\u00fcr die Subventionsierung des Schulplaners.<\/span><\/p>\n<p><a href=\"http:\/\/wordpress.nibis.de\/gsrautheim\/a-bis-zett\/\">zur\u00fcck<\/a><\/p>\n","protected":false},"excerpt":{"rendered":"<p>Der Schulplaner der Grundschule Rautheim ist verpflichtend f\u00fcr alle Kinder eingef\u00fchrt. Im Schulplaner notieren die Kinder Hausaufgaben und alle wichtigen Infomationen. Der Schulplaner wird auch als Kommunikationsmittel zwischen Elternhaus und Schule genutzt. Wir danken dem F\u00f6rderverein f\u00fcr die Subventionsierung des Schulplaners. zur\u00fcck<\/p>\n","protected":false},"author":635,"featured_media":0,"parent":0,"menu_order":0,"comment_status":"closed","ping_status":"closed","template":"","meta":{"footnotes":""},"class_list":["post-461","page","type-page","status-publish","hentry"],"_links":{"self":[{"href":"https:\/\/wordpress.nibis.de\/gsrautheim\/wp-json\/wp\/v2\/pages\/461","targetHints":{"allow":["GET"]}}],"collection":[{"href":"https:\/\/wordpress.nibis.de\/gsrautheim\/wp-json\/wp\/v2\/pages"}],"about":[{"href":"https:\/\/wordpress.nibis.de\/gsrautheim\/wp-json\/wp\/v2\/types\/page"}],"author":[{"embeddable":true,"href":"https:\/\/wordpress.nibis.de\/gsrautheim\/wp-json\/wp\/v2\/users\/635"}],"replies":[{"embeddable":true,"href":"https:\/\/wordpress.nibis.de\/gsrautheim\/wp-json\/wp\/v2\/comments?post=461"}],"version-history":[{"count":2,"href":"https:\/\/wordpress.nibis.de\/gsrautheim\/wp-json\/wp\/v2\/pages\/461\/revisions"}],"predecessor-version":[{"id":635,"href":"https:\/\/wordpress.nibis.de\/gsrautheim\/wp-json\/wp\/v2\/pages\/461\/revisions\/635"}],"wp:attachment":[{"href":"https:\/\/wordpress.nibis.de\/gsrautheim\/wp-json\/wp\/v2\/media?parent=461"}],"curies":[{"name":"wp","href":"https:\/\/api.w.org\/{rel}","templated":true}]}}