{"id":465,"date":"2014-12-01T20:47:41","date_gmt":"2014-12-01T19:47:41","guid":{"rendered":"http:\/\/wordpress.nibis.de\/gsrautheim\/?page_id=465"},"modified":"2025-05-29T20:59:59","modified_gmt":"2025-05-29T19:59:59","slug":"hausschuhe-etc","status":"publish","type":"page","link":"https:\/\/wordpress.nibis.de\/gsrautheim\/hausschuhe-etc\/","title":{"rendered":"Hausschuhe etc."},"content":{"rendered":"<p><span style=\"font-family: tahoma,arial,helvetica,sans-serif;font-size: 10pt\">Unsere Sch\u00fclerinnen und Sch\u00fcler tragen w\u00e4hrend der Unterrichts- und Betreuungszeit im Schulgeb\u00e4ude <em><strong>Hausschuhe<\/strong><\/em>.<\/span><br \/>\n<span style=\"font-family: tahoma,arial,helvetica,sans-serif;font-size: 10pt\">In der gro\u00dfen Pausen und nach Unterrichtsschluss stellen die Kinder die Schuhe in den Spinden ab. <\/span><\/p>\n<p><span style=\"font-family: tahoma,arial,helvetica,sans-serif;font-size: 10pt\">Die Kinder sind daf\u00fcr verantwortlich, dass ihre Sachen (z. B. Schuhe, Jacken, M\u00fctzen, Schals, Handschuhe, Sportzeug \u2026) sorgf\u00e4ltig in den Spinden aufbewahrt werden. <\/span><\/p>\n<p><span style=\"font-family: tahoma,arial,helvetica,sans-serif;font-size: 10pt\">Wenn die Kinder etwas verlegt oder verloren haben, sollten sie zuerst auf dem Fundsachentisch &#8222;im Flur rechts vom Haupteingang&#8220;\u00a0 nachsehen.<\/span><\/p>\n<p>&nbsp;<\/p>\n<p><a href=\"http:\/\/wordpress.nibis.de\/gsrautheim\/a-bis-zett\/\"><span style=\"font-family: tahoma,arial,helvetica,sans-serif;font-size: 8pt\">zur\u00fcck<\/span><\/a><\/p>\n","protected":false},"excerpt":{"rendered":"<p>Unsere Sch\u00fclerinnen und Sch\u00fcler tragen w\u00e4hrend der Unterrichts- und Betreuungszeit im Schulgeb\u00e4ude Hausschuhe. In der gro\u00dfen Pausen und nach Unterrichtsschluss stellen die Kinder die Schuhe in den Spinden ab. Die Kinder sind daf\u00fcr verantwortlich, dass ihre Sachen (z. B. Schuhe, Jacken, M\u00fctzen, Schals, Handschuhe, Sportzeug \u2026) sorgf\u00e4ltig in den Spinden aufbewahrt werden. Wenn die Kinder &hellip; <a href=\"https:\/\/wordpress.nibis.de\/gsrautheim\/hausschuhe-etc\/\" class=\"more-link\"><span class=\"screen-reader-text\">Hausschuhe etc.<\/span> weiterlesen <span class=\"meta-nav\">&rarr;<\/span><\/a><\/p>\n","protected":false},"author":635,"featured_media":0,"parent":0,"menu_order":0,"comment_status":"closed","ping_status":"closed","template":"","meta":{"footnotes":""},"class_list":["post-465","page","type-page","status-publish","hentry"],"_links":{"self":[{"href":"https:\/\/wordpress.nibis.de\/gsrautheim\/wp-json\/wp\/v2\/pages\/465","targetHints":{"allow":["GET"]}}],"collection":[{"href":"https:\/\/wordpress.nibis.de\/gsrautheim\/wp-json\/wp\/v2\/pages"}],"about":[{"href":"https:\/\/wordpress.nibis.de\/gsrautheim\/wp-json\/wp\/v2\/types\/page"}],"author":[{"embeddable":true,"href":"https:\/\/wordpress.nibis.de\/gsrautheim\/wp-json\/wp\/v2\/users\/635"}],"replies":[{"embeddable":true,"href":"https:\/\/wordpress.nibis.de\/gsrautheim\/wp-json\/wp\/v2\/comments?post=465"}],"version-history":[{"count":2,"href":"https:\/\/wordpress.nibis.de\/gsrautheim\/wp-json\/wp\/v2\/pages\/465\/revisions"}],"predecessor-version":[{"id":6139,"href":"https:\/\/wordpress.nibis.de\/gsrautheim\/wp-json\/wp\/v2\/pages\/465\/revisions\/6139"}],"wp:attachment":[{"href":"https:\/\/wordpress.nibis.de\/gsrautheim\/wp-json\/wp\/v2\/media?parent=465"}],"curies":[{"name":"wp","href":"https:\/\/api.w.org\/{rel}","templated":true}]}}