{"id":474,"date":"2014-12-01T21:01:49","date_gmt":"2014-12-01T20:01:49","guid":{"rendered":"http:\/\/wordpress.nibis.de\/gsrautheim\/?page_id=474"},"modified":"2025-05-29T20:20:59","modified_gmt":"2025-05-29T19:20:59","slug":"aktivitaeten-im-schuljahr","status":"publish","type":"page","link":"https:\/\/wordpress.nibis.de\/gsrautheim\/aktivitaeten-im-schuljahr\/","title":{"rendered":"Aktivit\u00e4ten im Schuljahr"},"content":{"rendered":"<p><span style=\"font-family: tahoma,arial,helvetica,sans-serif;font-size: 10pt\">Unser Schulleben ist gepr\u00e4gt von regelm\u00e4\u00dfig in den Schuljahren durchgef\u00fchrten Klassenaktivit\u00e4ten und Schulveranstaltungen.<\/span><\/p>\n<p><span style=\"font-family: tahoma,arial,helvetica,sans-serif;font-size: 10pt\">Fest eingebunden in unser Schuljahr sind<br \/>\n<em>(in chronologischer Aufz\u00e4hlung)<\/em><\/span><\/p>\n<ul>\n<li><span style=\"font-family: tahoma,arial,helvetica,sans-serif;font-size: 10pt\">Gestaltung der Einschulungsfeier durch die Zweitkl\u00e4ssler<\/span><\/li>\n<li><span style=\"font-family: tahoma,arial,helvetica,sans-serif;font-size: 10pt\">Radfahrpr\u00fcfung der 4. Klassen<\/span><\/li>\n<li><span style=\"font-family: tahoma,arial,helvetica,sans-serif;font-size: 10pt\">Waldaktionstag f\u00fcr die 3. und 4. Klassen\/ Naturtag f\u00fcr die 1. und 2. Klassen<\/span><\/li>\n<li><span style=\"font-family: tahoma,arial,helvetica,sans-serif;font-size: 10pt\">Herbstsingen<\/span><\/li>\n<li><span style=\"font-family: tahoma, arial, helvetica, sans-serif;font-size: 10pt\">Eine Schule liest vor<\/span><\/li>\n<li><span style=\"font-family: tahoma,arial,helvetica,sans-serif;font-size: 10pt\">Autorenlesung im Rahmen der Jugendbuchwoche (f\u00fcr die 3. Klassen)<\/span><\/li>\n<li><span style=\"font-family: tahoma, arial, helvetica, sans-serif;font-size: 10pt\">SchiK : \u201cSchule in der Kirche\u201d<\/span><\/li>\n<li><span style=\"font-family: tahoma,arial,helvetica,sans-serif;font-size: 10pt\">Adventssingen<\/span><\/li>\n<li><span style=\"font-family: tahoma,arial,helvetica,sans-serif;font-size: 10pt\">Theaterbesuch in der Adventszeit<\/span><\/li>\n<li><span style=\"font-family: tahoma,arial,helvetica,sans-serif;font-size: 10pt\">Fr\u00fchradfahren f\u00fcr die 2. Klassen<\/span><\/li>\n<li><span style=\"font-family: tahoma,arial,helvetica,sans-serif;font-size: 10pt\">Rosenmontagsfeier mit Faschingsturnen <\/span><span style=\"font-family: tahoma,arial,helvetica,sans-serif;font-size: 10pt\">Schulputztag<\/span><\/li>\n<li><span style=\"font-family: tahoma,arial,helvetica,sans-serif;font-size: 10pt\">K\u00e4nguruwettbewerb f\u00fcr die 3. und 4. Klassen<\/span><\/li>\n<li><span style=\"font-family: tahoma,arial,helvetica,sans-serif;font-size: 10pt\">Fr\u00fchlingssingen<\/span><\/li>\n<li><span style=\"font-family: tahoma,arial,helvetica,sans-serif;font-size: 10pt\">Lesewettbewerb<\/span><\/li>\n<li><span style=\"font-family: tahoma,arial,helvetica,sans-serif;font-size: 10pt\">Schnuppertag der neuen Erstis<\/span><\/li>\n<li><span style=\"font-family: tahoma,arial,helvetica,sans-serif;font-size: 10pt\">Mobilit\u00e4tstag<\/span><\/li>\n<li><span style=\"font-family: tahoma,arial,helvetica,sans-serif;font-size: 10pt\">Bundesjugendspiele <\/span><\/li>\n<li><span style=\"font-family: tahoma,arial,helvetica,sans-serif;font-size: 10pt\">Teilnahme am Braunschweiger Nachtlauf<\/span><\/li>\n<li><span style=\"font-family: tahoma,arial,helvetica,sans-serif;font-size: 10pt\">Projekttage (alle 2 Jahre)<\/span><\/li>\n<li><span style=\"font-family: tahoma,arial,helvetica,sans-serif;font-size: 10pt\">Schulfest (alle zwei Jahre<\/span>)<\/li>\n<li><span style=\"font-family: tahoma,arial,helvetica,sans-serif;font-size: 10pt\">Abschiedsfeier f\u00fcr die 4. Klassen<\/span><\/li>\n<\/ul>\n<p><a href=\"http:\/\/wordpress.nibis.de\/gsrautheim\/a-bis-zett\/\"><span style=\"font-family: tahoma,arial,helvetica,sans-serif;font-size: 10pt\">zur\u00fcck<\/span><\/a><\/p>\n<p>&nbsp;<\/p>\n","protected":false},"excerpt":{"rendered":"<p>Unser Schulleben ist gepr\u00e4gt von regelm\u00e4\u00dfig in den Schuljahren durchgef\u00fchrten Klassenaktivit\u00e4ten und Schulveranstaltungen. Fest eingebunden in unser Schuljahr sind (in chronologischer Aufz\u00e4hlung) Gestaltung der Einschulungsfeier durch die Zweitkl\u00e4ssler Radfahrpr\u00fcfung der 4. Klassen Waldaktionstag f\u00fcr die 3. und 4. Klassen\/ Naturtag f\u00fcr die 1. und 2. Klassen Herbstsingen Eine Schule liest vor Autorenlesung im Rahmen der &hellip; <a href=\"https:\/\/wordpress.nibis.de\/gsrautheim\/aktivitaeten-im-schuljahr\/\" class=\"more-link\"><span class=\"screen-reader-text\">Aktivit\u00e4ten im Schuljahr<\/span> weiterlesen <span class=\"meta-nav\">&rarr;<\/span><\/a><\/p>\n","protected":false},"author":635,"featured_media":0,"parent":0,"menu_order":0,"comment_status":"closed","ping_status":"closed","template":"","meta":{"footnotes":""},"class_list":["post-474","page","type-page","status-publish","hentry"],"_links":{"self":[{"href":"https:\/\/wordpress.nibis.de\/gsrautheim\/wp-json\/wp\/v2\/pages\/474","targetHints":{"allow":["GET"]}}],"collection":[{"href":"https:\/\/wordpress.nibis.de\/gsrautheim\/wp-json\/wp\/v2\/pages"}],"about":[{"href":"https:\/\/wordpress.nibis.de\/gsrautheim\/wp-json\/wp\/v2\/types\/page"}],"author":[{"embeddable":true,"href":"https:\/\/wordpress.nibis.de\/gsrautheim\/wp-json\/wp\/v2\/users\/635"}],"replies":[{"embeddable":true,"href":"https:\/\/wordpress.nibis.de\/gsrautheim\/wp-json\/wp\/v2\/comments?post=474"}],"version-history":[{"count":5,"href":"https:\/\/wordpress.nibis.de\/gsrautheim\/wp-json\/wp\/v2\/pages\/474\/revisions"}],"predecessor-version":[{"id":6122,"href":"https:\/\/wordpress.nibis.de\/gsrautheim\/wp-json\/wp\/v2\/pages\/474\/revisions\/6122"}],"wp:attachment":[{"href":"https:\/\/wordpress.nibis.de\/gsrautheim\/wp-json\/wp\/v2\/media?parent=474"}],"curies":[{"name":"wp","href":"https:\/\/api.w.org\/{rel}","templated":true}]}}