{"id":483,"date":"2014-12-01T21:10:12","date_gmt":"2014-12-01T20:10:12","guid":{"rendered":"http:\/\/wordpress.nibis.de\/gsrautheim\/?page_id=483"},"modified":"2022-04-21T14:52:05","modified_gmt":"2022-04-21T12:52:05","slug":"einschulung","status":"publish","type":"page","link":"https:\/\/wordpress.nibis.de\/gsrautheim\/einschulung\/","title":{"rendered":"Einschulung"},"content":{"rendered":"<p><span style=\"font-family: tahoma,arial,helvetica,sans-serif;font-size: 10pt\">Die Anmeldung der zuk\u00fcnftigen Schulanf\u00e4ngerinnen und Schulanf\u00e4nger und die Sprachstandsfeststellung erfolgen bereits im Mai des Vorjahres. <\/span><\/p>\n<p><span style=\"font-family: tahoma,arial,helvetica,sans-serif;font-size: 10pt\">Die Einschulung ( d.h. der erste Tag der Schulpflicht der Schulanf\u00e4ngerinnen und Schulanf\u00e4nger) findet in der Regel am 1. Samstag des neuen Schuljahres im Rahmen einer Einschulungsfeier statt.<\/span><\/p>\n<p><span style=\"font-family: tahoma,arial,helvetica,sans-serif;font-size: 10pt\">In der Schulaula gestalten traditionell die neuen Zweitkl\u00e4ssler mit ihren Klassenlehrerinnen eine kleine Auff\u00fchrung. Anschlie\u00dfend erleben die ABC-Sch\u00fctzen ihre erste Unterrichtsstunde.<\/span><\/p>\n<p><span style=\"font-family: tahoma,arial,helvetica,sans-serif;font-size: 8pt\"><a href=\"http:\/\/wordpress.nibis.de\/gsrautheim\/a-bis-zett\/\">zur\u00fcck<\/a><\/span><\/p>\n","protected":false},"excerpt":{"rendered":"<p>Die Anmeldung der zuk\u00fcnftigen Schulanf\u00e4ngerinnen und Schulanf\u00e4nger und die Sprachstandsfeststellung erfolgen bereits im Mai des Vorjahres. Die Einschulung ( d.h. der erste Tag der Schulpflicht der Schulanf\u00e4ngerinnen und Schulanf\u00e4nger) findet in der Regel am 1. Samstag des neuen Schuljahres im Rahmen einer Einschulungsfeier statt. In der Schulaula gestalten traditionell die neuen Zweitkl\u00e4ssler mit ihren Klassenlehrerinnen &hellip; <a href=\"https:\/\/wordpress.nibis.de\/gsrautheim\/einschulung\/\" class=\"more-link\"><span class=\"screen-reader-text\">Einschulung<\/span> weiterlesen <span class=\"meta-nav\">&rarr;<\/span><\/a><\/p>\n","protected":false},"author":635,"featured_media":0,"parent":0,"menu_order":0,"comment_status":"closed","ping_status":"closed","template":"","meta":{"footnotes":""},"class_list":["post-483","page","type-page","status-publish","hentry"],"_links":{"self":[{"href":"https:\/\/wordpress.nibis.de\/gsrautheim\/wp-json\/wp\/v2\/pages\/483","targetHints":{"allow":["GET"]}}],"collection":[{"href":"https:\/\/wordpress.nibis.de\/gsrautheim\/wp-json\/wp\/v2\/pages"}],"about":[{"href":"https:\/\/wordpress.nibis.de\/gsrautheim\/wp-json\/wp\/v2\/types\/page"}],"author":[{"embeddable":true,"href":"https:\/\/wordpress.nibis.de\/gsrautheim\/wp-json\/wp\/v2\/users\/635"}],"replies":[{"embeddable":true,"href":"https:\/\/wordpress.nibis.de\/gsrautheim\/wp-json\/wp\/v2\/comments?post=483"}],"version-history":[{"count":3,"href":"https:\/\/wordpress.nibis.de\/gsrautheim\/wp-json\/wp\/v2\/pages\/483\/revisions"}],"predecessor-version":[{"id":5026,"href":"https:\/\/wordpress.nibis.de\/gsrautheim\/wp-json\/wp\/v2\/pages\/483\/revisions\/5026"}],"wp:attachment":[{"href":"https:\/\/wordpress.nibis.de\/gsrautheim\/wp-json\/wp\/v2\/media?parent=483"}],"curies":[{"name":"wp","href":"https:\/\/api.w.org\/{rel}","templated":true}]}}