{"id":4908,"date":"2022-02-01T15:15:46","date_gmt":"2022-02-01T13:15:46","guid":{"rendered":"https:\/\/wordpress.nibis.de\/gsrautheim\/?page_id=4908"},"modified":"2022-02-23T21:19:26","modified_gmt":"2022-02-23T19:19:26","slug":"winston","status":"publish","type":"page","link":"https:\/\/wordpress.nibis.de\/gsrautheim\/winston\/","title":{"rendered":"Winston"},"content":{"rendered":"<p style=\"text-align: justify\"><span style=\"font-family: tahoma, arial, helvetica, sans-serif\"><img loading=\"lazy\" decoding=\"async\" class=\"wp-image-4910 alignleft\" style=\"font-size: 16px\" src=\"https:\/\/wordpress.nibis.de\/gsrautheim\/files\/2022\/01\/20210728_114420-scaled-e1642421899603-300x265.jpg\" alt=\"\" width=\"241\" height=\"213\" \/>Ich hei\u00dfe Winston und ich bin ein Labrador-Australian-Sheperd-Mischling.<br \/>\nIm Dezember 2019 wurde ich geboren und kam schon als Welpe in Frau Tappenbecks Familie. Seitdem besuchen wir zusammen Hundeschulkurse. In\u00a0 der Welpenschule haben wir angefangen, dann kamen die Junghundschule und Sozialtrainings. Jetzt sind wir beim &#8222;Hoopers Fun&#8220;, das ist Hundesport, der mir richtig viel Spa\u00df macht.<\/span><\/p>\n<p style=\"text-align: justify\"><span style=\"font-family: tahoma, arial, helvetica, sans-serif\">Ich spiele und tobe sehr gerne; am liebsten nat\u00fcrlich mit anderen Hunden. Ich w\u00fcrde so gern mit meiner Schulhund-Kollegin Ronja \u00fcber den Schulhof toben, aber wir sind ja immer &#8222;im Dienst&#8220; und dann d\u00fcrfen wir das nicht.<\/span><br \/>\n<span style=\"font-family: tahoma, arial, helvetica, sans-serif\">Ich spiele aber auch gern mit Menschen. Wenn sie f\u00fcr mich B\u00e4lle werfen, renne ich so schnell ich kann, um sie zur\u00fcckzuholen.\u00a0<\/span><br \/>\n<span style=\"font-family: tahoma, arial, helvetica, sans-serif\">Ich lasse mich sehr gerne kraulen. Am liebsten unter den Ohren und am Po. <\/span><br \/>\n<span style=\"font-family: tahoma, arial, helvetica, sans-serif\">Nicht nur im Sommer gehe ich gern ins Wasser. In jede Pf\u00fctze und in jeden Graben w\u00fcrde ich springen, wenn mich Frau Tappenbeck lie\u00dfe. Sie sagt aber, dass ich dann zu sehr stinke und dann passiert das, was ich gar nicht mag: Ich muss gebadet werden. Schwimmen find ich ja toll, aber gebadet werden ist bl\u00f6d. Da muss ich schon mit Erdnussbutter \u00fcberredet werden.<\/span><\/p>\n<p style=\"text-align: justify\"><span style=\"font-family: tahoma, arial, helvetica, sans-serif\">Seit ich ein kleiner Welpe war, bin ich regelm\u00e4\u00dfig mit in die Grundschule gekommen. Anfangs war ich noch sehr st\u00fcrmisch, aber ich habe gelernt, wie ich ruhiger sein kann. <\/span><br \/>\n<span style=\"font-family: tahoma, arial, helvetica, sans-serif\">Da ich aber wei\u00df, dass es nicht b\u00f6se gemeint ist, wenn man schwungvoll ist, nehme ich es auch keinem Menschen \u00fcbel, wenn ich mal st\u00fcrmisch oder ungeschickt angefasst werde.\u00a0<\/span><\/p>\n<p style=\"text-align: justify\"><span style=\"font-family: tahoma, arial, helvetica, sans-serif\">Mich erschrecken nur Ger\u00e4usche, die ich nicht kenne. Dann belle ich. Da ich ein gro\u00dfer Hund bin, habe ich auch eine tiefe und laute Stimme. Deswegen erschrecken sich manche Menschen vor meinem Bellen. Aber Frau Tappenbeck beruhigt mich dann oder lenkt mich ab.\u00a0 \u00a0 \u00a0<\/span><\/p>\n<p style=\"text-align: justify\"><span style=\"font-family: tahoma, arial, helvetica, sans-serif\"><img loading=\"lazy\" decoding=\"async\" class=\"wp-image-4945 alignleft\" src=\"https:\/\/wordpress.nibis.de\/gsrautheim\/files\/2022\/02\/20220203_105246a-e1643896693934-300x186.jpg\" alt=\"\" width=\"276\" height=\"171\" srcset=\"https:\/\/wordpress.nibis.de\/gsrautheim\/files\/2022\/02\/20220203_105246a-e1643896693934-300x186.jpg 300w, https:\/\/wordpress.nibis.de\/gsrautheim\/files\/2022\/02\/20220203_105246a-e1643896693934.jpg 330w\" sizes=\"auto, (max-width: 276px) 100vw, 276px\" \/>Im Sommer 2021 begannen Frau Tappenbeck und ich dann unsere Schulhund-Ausbildung, die wir im Februar 2022 abgeschlossen haben. Jetzt bin ich ein Schulhund und darf an meinem Arbeitsgeschirr auch endlich das neue Schild tragen.\u00a0<\/span><\/p>\n<p style=\"text-align: justify\"><span style=\"font-family: tahoma, arial, helvetica, sans-serif\"><img loading=\"lazy\" decoding=\"async\" class=\"size-medium wp-image-4911 alignright\" style=\"font-size: 16px;text-align: justify\" src=\"https:\/\/wordpress.nibis.de\/gsrautheim\/files\/2022\/01\/Tuerschild-215x300.jpg\" alt=\"\" width=\"215\" height=\"300\" srcset=\"https:\/\/wordpress.nibis.de\/gsrautheim\/files\/2022\/01\/Tuerschild-215x300.jpg 215w, https:\/\/wordpress.nibis.de\/gsrautheim\/files\/2022\/01\/Tuerschild-430x600.jpg 430w, https:\/\/wordpress.nibis.de\/gsrautheim\/files\/2022\/01\/Tuerschild.jpg 501w\" sizes=\"auto, (max-width: 215px) 100vw, 215px\" \/><\/span><\/p>\n<p>&nbsp;<\/p>\n<p style=\"text-align: justify\"><span style=\"font-family: tahoma, arial, helvetica, sans-serif\">I<\/span><span style=\"font-family: tahoma, arial, helvetica, sans-serif\">ch bin nicht an jedem Schultag in der Schule. Ob ich da bin, erkennt man an <\/span><span style=\"font-family: tahoma, arial, helvetica, sans-serif\">diesem Schild. Es h\u00e4ngt in der Aula und an Frau Tappenbecks Klas<\/span><span style=\"font-family: tahoma, arial, helvetica, sans-serif\">sent\u00fcr.\u00a0<\/span><br \/>\n<span style=\"font-family: tahoma, arial, helvetica, sans-serif\">\u00a0<\/span><\/p>\n","protected":false},"excerpt":{"rendered":"<p>Ich hei\u00dfe Winston und ich bin ein Labrador-Australian-Sheperd-Mischling. Im Dezember 2019 wurde ich geboren und kam schon als Welpe in Frau Tappenbecks Familie. Seitdem besuchen wir zusammen Hundeschulkurse. In\u00a0 der Welpenschule haben wir angefangen, dann kamen die Junghundschule und Sozialtrainings. Jetzt sind wir beim &#8222;Hoopers Fun&#8220;, das ist Hundesport, der mir richtig viel Spa\u00df macht. &hellip; <a href=\"https:\/\/wordpress.nibis.de\/gsrautheim\/winston\/\" class=\"more-link\"><span class=\"screen-reader-text\">Winston<\/span> weiterlesen <span class=\"meta-nav\">&rarr;<\/span><\/a><\/p>\n","protected":false},"author":635,"featured_media":0,"parent":0,"menu_order":0,"comment_status":"closed","ping_status":"closed","template":"","meta":{"footnotes":""},"class_list":["post-4908","page","type-page","status-publish","hentry"],"_links":{"self":[{"href":"https:\/\/wordpress.nibis.de\/gsrautheim\/wp-json\/wp\/v2\/pages\/4908","targetHints":{"allow":["GET"]}}],"collection":[{"href":"https:\/\/wordpress.nibis.de\/gsrautheim\/wp-json\/wp\/v2\/pages"}],"about":[{"href":"https:\/\/wordpress.nibis.de\/gsrautheim\/wp-json\/wp\/v2\/types\/page"}],"author":[{"embeddable":true,"href":"https:\/\/wordpress.nibis.de\/gsrautheim\/wp-json\/wp\/v2\/users\/635"}],"replies":[{"embeddable":true,"href":"https:\/\/wordpress.nibis.de\/gsrautheim\/wp-json\/wp\/v2\/comments?post=4908"}],"version-history":[{"count":11,"href":"https:\/\/wordpress.nibis.de\/gsrautheim\/wp-json\/wp\/v2\/pages\/4908\/revisions"}],"predecessor-version":[{"id":4967,"href":"https:\/\/wordpress.nibis.de\/gsrautheim\/wp-json\/wp\/v2\/pages\/4908\/revisions\/4967"}],"wp:attachment":[{"href":"https:\/\/wordpress.nibis.de\/gsrautheim\/wp-json\/wp\/v2\/media?parent=4908"}],"curies":[{"name":"wp","href":"https:\/\/api.w.org\/{rel}","templated":true}]}}