{"id":492,"date":"2014-12-01T21:26:44","date_gmt":"2014-12-01T20:26:44","guid":{"rendered":"http:\/\/wordpress.nibis.de\/gsrautheim\/?page_id=492"},"modified":"2025-05-29T21:09:12","modified_gmt":"2025-05-29T20:09:12","slug":"klassensprecherinnen-und-klassensprecher","status":"publish","type":"page","link":"https:\/\/wordpress.nibis.de\/gsrautheim\/klassensprecherinnen-und-klassensprecher\/","title":{"rendered":"Klassensprecherinnen und Klassensprecher"},"content":{"rendered":"<p><span style=\"font-family: tahoma,arial,helvetica,sans-serif;font-size: 10pt\">In allen Klassen w\u00e4hlen die Sch\u00fclerinnen und Sch\u00fcler zwei Klassensprecher &#8211; in der Regel ein M\u00e4dchen und einen Jungen. Sie sind Ansprechpartner f\u00fcr die Kinder, die Lehrerinnen und auch f\u00fcr Besucher der Schule. <\/span><\/p>\n<p><a href=\"http:\/\/wordpress.nibis.de\/gsrautheim\/a-bis-zett\/\"><span style=\"font-family: tahoma,arial,helvetica,sans-serif;font-size: 8pt\">zur\u00fcck<\/span><\/a><\/p>\n","protected":false},"excerpt":{"rendered":"<p>In allen Klassen w\u00e4hlen die Sch\u00fclerinnen und Sch\u00fcler zwei Klassensprecher &#8211; in der Regel ein M\u00e4dchen und einen Jungen. Sie sind Ansprechpartner f\u00fcr die Kinder, die Lehrerinnen und auch f\u00fcr Besucher der Schule. zur\u00fcck<\/p>\n","protected":false},"author":635,"featured_media":0,"parent":0,"menu_order":0,"comment_status":"closed","ping_status":"closed","template":"","meta":{"footnotes":""},"class_list":["post-492","page","type-page","status-publish","hentry"],"_links":{"self":[{"href":"https:\/\/wordpress.nibis.de\/gsrautheim\/wp-json\/wp\/v2\/pages\/492","targetHints":{"allow":["GET"]}}],"collection":[{"href":"https:\/\/wordpress.nibis.de\/gsrautheim\/wp-json\/wp\/v2\/pages"}],"about":[{"href":"https:\/\/wordpress.nibis.de\/gsrautheim\/wp-json\/wp\/v2\/types\/page"}],"author":[{"embeddable":true,"href":"https:\/\/wordpress.nibis.de\/gsrautheim\/wp-json\/wp\/v2\/users\/635"}],"replies":[{"embeddable":true,"href":"https:\/\/wordpress.nibis.de\/gsrautheim\/wp-json\/wp\/v2\/comments?post=492"}],"version-history":[{"count":3,"href":"https:\/\/wordpress.nibis.de\/gsrautheim\/wp-json\/wp\/v2\/pages\/492\/revisions"}],"predecessor-version":[{"id":6147,"href":"https:\/\/wordpress.nibis.de\/gsrautheim\/wp-json\/wp\/v2\/pages\/492\/revisions\/6147"}],"wp:attachment":[{"href":"https:\/\/wordpress.nibis.de\/gsrautheim\/wp-json\/wp\/v2\/media?parent=492"}],"curies":[{"name":"wp","href":"https:\/\/api.w.org\/{rel}","templated":true}]}}