{"id":4927,"date":"2022-02-01T15:11:35","date_gmt":"2022-02-01T13:11:35","guid":{"rendered":"https:\/\/wordpress.nibis.de\/gsrautheim\/?page_id=4927"},"modified":"2022-03-27T13:29:36","modified_gmt":"2022-03-27T11:29:36","slug":"schulhunde-ronja-und-winston","status":"publish","type":"page","link":"https:\/\/wordpress.nibis.de\/gsrautheim\/schulhunde-ronja-und-winston\/","title":{"rendered":"Schulhunde Ronja und Winston"},"content":{"rendered":"<p><span style=\"font-family: tahoma, arial, helvetica, sans-serif\">Zur Schulgemeinschaft der Grundschule Rautheim geh\u00f6ren die Schulhunde <a href=\"https:\/\/wordpress.nibis.de\/gsrautheim\/ronja\/\">Ronja <\/a>und<\/span><span style=\"font-family: tahoma, arial, helvetica, sans-serif\"><a href=\"https:\/\/wordpress.nibis.de\/gsrautheim\/winston\/\"> Winston<\/a>.<\/span><\/p>\n<p><a href=\"https:\/\/wordpress.nibis.de\/gsrautheim\/winston\/\" target=\"_blank\" rel=\"noopener\"><img loading=\"lazy\" decoding=\"async\" class=\"wp-image-4933 alignright\" style=\"font-size: 16px\" src=\"https:\/\/wordpress.nibis.de\/gsrautheim\/files\/2022\/02\/FFA4CE4C-3536-464C-A8E0-46E7DD8A7406-e1643721049758-273x300.jpeg\" alt=\"\" width=\"236\" height=\"259\" srcset=\"https:\/\/wordpress.nibis.de\/gsrautheim\/files\/2022\/02\/FFA4CE4C-3536-464C-A8E0-46E7DD8A7406-e1643721049758-273x300.jpeg 273w, https:\/\/wordpress.nibis.de\/gsrautheim\/files\/2022\/02\/FFA4CE4C-3536-464C-A8E0-46E7DD8A7406-e1643721049758-547x600.jpeg 547w, https:\/\/wordpress.nibis.de\/gsrautheim\/files\/2022\/02\/FFA4CE4C-3536-464C-A8E0-46E7DD8A7406-e1643721049758-768x843.jpeg 768w, https:\/\/wordpress.nibis.de\/gsrautheim\/files\/2022\/02\/FFA4CE4C-3536-464C-A8E0-46E7DD8A7406-e1643721049758.jpeg 1126w\" sizes=\"auto, (max-width: 236px) 100vw, 236px\" \/><img loading=\"lazy\" decoding=\"async\" class=\"wp-image-4910 alignleft\" src=\"https:\/\/wordpress.nibis.de\/gsrautheim\/files\/2022\/01\/20210728_114420-scaled-e1642421899603-300x265.jpg\" alt=\"\" width=\"283\" height=\"250\" \/><\/a><\/p>\n<p>&nbsp;<\/p>\n<p><img loading=\"lazy\" decoding=\"async\" class=\"alignnone wp-image-4969 size-medium\" src=\"https:\/\/wordpress.nibis.de\/gsrautheim\/files\/2022\/02\/Zertifikat-300x278.jpg\" alt=\"\" width=\"300\" height=\"278\" srcset=\"https:\/\/wordpress.nibis.de\/gsrautheim\/files\/2022\/02\/Zertifikat-300x278.jpg 300w, https:\/\/wordpress.nibis.de\/gsrautheim\/files\/2022\/02\/Zertifikat.jpg 616w\" sizes=\"auto, (max-width: 300px) 100vw, 300px\" \/><\/p>\n<p><span style=\"font-family: tahoma, arial, helvetica, sans-serif\"><strong><u>Warum Schulhunde?<\/u><\/strong><\/span><\/p>\n<ul>\n<li><span style=\"font-family: tahoma, arial, helvetica, sans-serif\"><strong>STEIGERUNG DER LERNFREUDE:\u00a0<\/strong>Ein Hund bringt Abwechslung und Spa\u00df in den Schulalltag<\/span><\/li>\n<li><span style=\"font-family: tahoma, arial, helvetica, sans-serif\"><strong>REDUZIERUNG VON STRESS UND AGGRESSIVIT\u00c4T: <\/strong>Einen Hund streicheln und die K\u00f6rperw\u00e4rme sp\u00fcren, beruhigt viele Kinder.<\/span><\/li>\n<li><span style=\"font-family: tahoma, arial, helvetica, sans-serif\"><strong>INTEGRATION UND AUFBAU VON SELBSTWERTGEF\u00dcHL: <\/strong>Ein Hund nimmt jedes Kind so wie es ist, unabh\u00e4ngig von Aussehen, Leistung oder Verhalten.<\/span><\/li>\n<li><span style=\"font-family: tahoma, arial, helvetica, sans-serif\"><strong>POSITIVE ATMOSPH\u00c4RE IN DER KLASSE:\u00a0<\/strong>Ein Hund im Raum wirkt entspannend und f\u00f6rdert Wohlbefinden.<\/span><\/li>\n<li><span style=\"font-family: tahoma, arial, helvetica, sans-serif\"><strong>STEIGERUNG DER KONZENTRATION:\u00a0<\/strong>Der L\u00e4rmpegel sinkt in der Klasse, da der Hund ger\u00e4uscharme R\u00e4ume bevorzugt.<\/span><\/li>\n<li><span style=\"font-family: tahoma, arial, helvetica, sans-serif\"><strong>UMGANG MIT TIEREN LERNEN:\u00a0<\/strong>Der Schulhund dient als Vorbild f\u00fcr ein Sicherheitstraining im Umgang mit fremden Hunden im Alltag.<\/span><\/li>\n<\/ul>\n<p><span style=\"font-family: tahoma, arial, helvetica, sans-serif\"><strong><u>Einsatzm\u00f6glichkeiten?<\/u><\/strong><\/span><\/p>\n<ul>\n<li><span style=\"font-family: tahoma, arial, helvetica, sans-serif\"><strong>PR\u00c4SENZHUND:\u00a0<\/strong>Der Hund wirkt durch seine Anwesenheit.<\/span><\/li>\n<li><span style=\"font-family: tahoma, arial, helvetica, sans-serif\"><strong>HUND ALS AKTIVER UNTERRICHTSTEILNEHMER:\u00a0<\/strong>Der Hund wird aktiv eingebunden, holt Aufgabenkarten, w\u00fcrfelt oder h\u00f6rt beim Lesen zu.<\/span><\/li>\n<li><span style=\"font-family: tahoma, arial, helvetica, sans-serif\"><strong>ARBEIT MIT DEM HUND:\u00a0<\/strong>Sch\u00fcler*innen geben Befehle, f\u00fchren Tricks mit dem Hund durch, gehen mit Lehrkraft gemeinsam Gassi.<\/span><\/li>\n<li><span style=\"font-family: tahoma, arial, helvetica, sans-serif\"><strong>HUND ALS THEMA IN UNTERRICHT:\u00a0<\/strong>Biologische und gesellschaftliche Aspekte des Hundes werden\u00a0 zum Unterrichtsgegenstand.<\/span><\/li>\n<\/ul>\n<p><img loading=\"lazy\" decoding=\"async\" class=\"size-medium wp-image-4960 alignleft\" src=\"https:\/\/wordpress.nibis.de\/gsrautheim\/files\/2022\/02\/20220216_124618-scaled-e1645018657293-300x202.jpg\" alt=\"\" width=\"300\" height=\"202\" srcset=\"https:\/\/wordpress.nibis.de\/gsrautheim\/files\/2022\/02\/20220216_124618-scaled-e1645018657293-300x202.jpg 300w, https:\/\/wordpress.nibis.de\/gsrautheim\/files\/2022\/02\/20220216_124618-scaled-e1645018657293.jpg 528w\" sizes=\"auto, (max-width: 300px) 100vw, 300px\" \/><\/p>\n<p><span style=\"font-family: tahoma, arial, helvetica, sans-serif\"><strong><u>Voraussetzungen f\u00fcr den Einsatz von einem Schulhund<\/u><\/strong><\/span><\/p>\n<ul>\n<li><u><\/u><strong>AUSBILDUNG DER LEHRKRAFT:\u00a0<\/strong><span style=\"font-family: tahoma, arial, helvetica, sans-serif\">Mehrmonatige, zertifizierte Ausbildung<\/span><\/li>\n<li><strong>AUSBILDUNG DES HUNDES:\u00a0<\/strong><span style=\"font-family: tahoma, arial, helvetica, sans-serif\">Grundgehorsam, ruhiges, freundliches Wesen, tolerant, nicht aggressiv, kinderfreundlich<\/span><\/li>\n<li><span style=\"font-family: tahoma, arial, helvetica, sans-serif\"><strong>VORLAGE EINES HYGIENEPLANS:\u00a0<\/strong>Regelm\u00e4\u00dfiges Impfen und Entwurmen<\/span><\/li>\n<li><span style=\"font-family: tahoma, arial, helvetica, sans-serif\"><strong>INFORMATIONEN AN DIE ELTERN:\u00a0<\/strong>Elternabend, Allergieabfrage<\/span><\/li>\n<li><span style=\"font-family: tahoma, arial, helvetica, sans-serif\"><strong>GENEHMIGUNG DURCH DIE SCHULLEITUNG<\/strong><\/span><\/li>\n<\/ul>\n<h2><span style=\"font-size: 12pt\"><span style=\"font-family: tahoma, arial, helvetica, sans-serif\">Gern stellen wir Ihnen auch unseren <a href=\"https:\/\/wordpress.nibis.de\/gsrautheim\/files\/2022\/01\/Flyer-Schulhund-Ronja-Mai-2021.pdf\" target=\"_blank\" rel=\"noopener\">Flyer Schulhund Ronja Mai 2021<\/a> und demn\u00e4chst auch \ud83d\ude09 unser Konzept <\/span>vor.<\/span><\/h2>\n<p>&nbsp;<\/p>\n<p>&nbsp;<\/p>\n","protected":false},"excerpt":{"rendered":"<p>Zur Schulgemeinschaft der Grundschule Rautheim geh\u00f6ren die Schulhunde Ronja und Winston. &nbsp; Warum Schulhunde? STEIGERUNG DER LERNFREUDE:\u00a0Ein Hund bringt Abwechslung und Spa\u00df in den Schulalltag REDUZIERUNG VON STRESS UND AGGRESSIVIT\u00c4T: Einen Hund streicheln und die K\u00f6rperw\u00e4rme sp\u00fcren, beruhigt viele Kinder. INTEGRATION UND AUFBAU VON SELBSTWERTGEF\u00dcHL: Ein Hund nimmt jedes Kind so wie es ist, unabh\u00e4ngig &hellip; <a href=\"https:\/\/wordpress.nibis.de\/gsrautheim\/schulhunde-ronja-und-winston\/\" class=\"more-link\"><span class=\"screen-reader-text\">Schulhunde Ronja und Winston<\/span> weiterlesen <span class=\"meta-nav\">&rarr;<\/span><\/a><\/p>\n","protected":false},"author":635,"featured_media":0,"parent":0,"menu_order":0,"comment_status":"closed","ping_status":"closed","template":"","meta":{"footnotes":""},"class_list":["post-4927","page","type-page","status-publish","hentry"],"_links":{"self":[{"href":"https:\/\/wordpress.nibis.de\/gsrautheim\/wp-json\/wp\/v2\/pages\/4927","targetHints":{"allow":["GET"]}}],"collection":[{"href":"https:\/\/wordpress.nibis.de\/gsrautheim\/wp-json\/wp\/v2\/pages"}],"about":[{"href":"https:\/\/wordpress.nibis.de\/gsrautheim\/wp-json\/wp\/v2\/types\/page"}],"author":[{"embeddable":true,"href":"https:\/\/wordpress.nibis.de\/gsrautheim\/wp-json\/wp\/v2\/users\/635"}],"replies":[{"embeddable":true,"href":"https:\/\/wordpress.nibis.de\/gsrautheim\/wp-json\/wp\/v2\/comments?post=4927"}],"version-history":[{"count":14,"href":"https:\/\/wordpress.nibis.de\/gsrautheim\/wp-json\/wp\/v2\/pages\/4927\/revisions"}],"predecessor-version":[{"id":5024,"href":"https:\/\/wordpress.nibis.de\/gsrautheim\/wp-json\/wp\/v2\/pages\/4927\/revisions\/5024"}],"wp:attachment":[{"href":"https:\/\/wordpress.nibis.de\/gsrautheim\/wp-json\/wp\/v2\/media?parent=4927"}],"curies":[{"name":"wp","href":"https:\/\/api.w.org\/{rel}","templated":true}]}}