{"id":5021,"date":"2022-03-27T13:25:09","date_gmt":"2022-03-27T11:25:09","guid":{"rendered":"https:\/\/wordpress.nibis.de\/gsrautheim\/?page_id=5021"},"modified":"2022-03-27T13:25:09","modified_gmt":"2022-03-27T11:25:09","slug":"ronja","status":"publish","type":"page","link":"https:\/\/wordpress.nibis.de\/gsrautheim\/ronja\/","title":{"rendered":"Ronja"},"content":{"rendered":"<p style=\"text-align: justify\"><span style=\"font-family: tahoma, arial, helvetica, sans-serif\"><img loading=\"lazy\" decoding=\"async\" class=\"wp-image-4933 size-medium alignleft\" src=\"https:\/\/wordpress.nibis.de\/gsrautheim\/files\/2022\/02\/FFA4CE4C-3536-464C-A8E0-46E7DD8A7406-e1643721049758-273x300.jpeg\" alt=\"\" width=\"273\" height=\"300\" srcset=\"https:\/\/wordpress.nibis.de\/gsrautheim\/files\/2022\/02\/FFA4CE4C-3536-464C-A8E0-46E7DD8A7406-e1643721049758-273x300.jpeg 273w, https:\/\/wordpress.nibis.de\/gsrautheim\/files\/2022\/02\/FFA4CE4C-3536-464C-A8E0-46E7DD8A7406-e1643721049758-547x600.jpeg 547w, https:\/\/wordpress.nibis.de\/gsrautheim\/files\/2022\/02\/FFA4CE4C-3536-464C-A8E0-46E7DD8A7406-e1643721049758-768x843.jpeg 768w, https:\/\/wordpress.nibis.de\/gsrautheim\/files\/2022\/02\/FFA4CE4C-3536-464C-A8E0-46E7DD8A7406-e1643721049758.jpeg 1126w\" sizes=\"auto, (max-width: 273px) 100vw, 273px\" \/>Ich hei\u00dfe Ronja und ich bin eine Mischlingsh\u00fcndin. Meine f\u00fcnf Geschwister und ich sind am 09.09.2019 geboren worden.<\/span><\/p>\n<p style=\"text-align: justify\"><span style=\"font-family: tahoma, arial, helvetica, sans-serif\">Seit Januar 2020 lebe ich in der Familie von Frau Kurek. Mit mir lebt dort noch Garfield, das ist ein Kater. Wir beiden spielen und kuscheln gerne zusammen. Manchmal \u00e4rgert er mich aber auch.<\/span><\/p>\n<p style=\"text-align: justify\"><span style=\"font-family: tahoma, arial, helvetica, sans-serif\">Frau Kurek hat sich f\u00fcr mich einen Spitznamen \u00fcberlegt. Sie ruft mich gerne auch mal \u201eSchnecki\u201c. Das ist komisch, denn so langsam wie eine Schnecke bin ich gar nicht. Ich laufe gerne schnell und springe gern \u00fcber Baumst\u00e4mme und andere Hindernisse. Mit anderen Hunden spiele ich auch gerne. Das ist lustig, weil wir uns dann \u00fcber die Felder oder Wiesen jagen, immer abwechselnd.<\/span><\/p>\n<p style=\"text-align: justify\"><span style=\"font-family: tahoma, arial, helvetica, sans-serif\">Gerne spiele ich auch mit meinem Schulhund- Kollegen Winston. Der ist lustig und ganz sch\u00f6n schnell. So gerne w\u00fcrden wir gemeinsam \u00fcber die Obstwiese in unserer Schule rennen und spielen. Aber unsere Frauchen, Frau Tappenbeck und Frau Kurek m\u00f6gen das nicht so gerne, weil wir ja \u201earbeiten\u201c.<\/span><\/p>\n<p style=\"text-align: justify\"><span style=\"font-family: tahoma, arial, helvetica, sans-serif\">Ich war schon vier Monate alt, als ich bei Frau Kurek eingezogen bin. Kurz nach meiner Eingew\u00f6hnung war ich in der Hundeschule. Da musste ich lernen an der Leine zu gehen und auf Frau Kureks Kommandos zu h\u00f6ren. Ich habe dort viel gelernt. Und dann sollte ich auch vormittags noch mit in die Schule. Am Anfang fand ich das komisch, weil ich ganz sch\u00f6n sch\u00fcchtern bin. In der Schule waren so viele Kinder, neue Ger\u00fcche und Ger\u00e4usche an die ich mich erst gew\u00f6hnen musste. Und dann kam diese Corona- Zeit. F\u00fcr mich war sie ganz gut. So konnte ich mich an das Schulgeb\u00e4ude und an eine Lerngruppe gew\u00f6hnen. Manchmal war ich nur mit wenigen Kindern und Frau Kurek in der Schule.<\/span><\/p>\n<p style=\"text-align: justify\"><span style=\"font-family: tahoma, arial, helvetica, sans-serif\">Es gef\u00e4llt mir in der Schule. Aber manchmal tun mir die Ohren weh, weil die Kinder so schreien. Auch sie m\u00fcssen noch lernen, worauf sie im Umgang mit mir achten m\u00fcssen. Die Kinder m\u00f6chten mich auch so gerne streicheln. Am Anfang mochte ich das gar nicht. Da durfte mich nur mein Rudel streicheln. Mittlerweile habe ich mich an die Kinder gew\u00f6hnt und sie d\u00fcrfen mich auch anfassen, nat\u00fcrlich nur, wenn es Frau Kurek erlaubt. Mit einer Klasse habe ich einen Kinder- Parcours gemacht. Die Kinder waren meine Hindernisse. Das hat Spa\u00df gemacht. Daf\u00fcr wurde ich sogar mit Leckerlies belohnt. Das war die Abschlusspr\u00fcfung unserer Schulhundeausbildung. Mein Frauchen und ich haben diesen Ausbildung 2020 begonnen und 2021 abgeschlossen. Mich erkennt man als Schulhund an meinem orangefarbenen Halstuch.<\/span><\/p>\n<p style=\"text-align: justify\"><span style=\"font-family: tahoma, arial, helvetica, sans-serif\">Nun bin ich schon zwei Jahre lang, fast jeden Tag in der Grundschule, werde mit jedem Tag mutiger und erlebe immer was Neues.<\/span><\/p>\n<p style=\"text-align: justify\">\n","protected":false},"excerpt":{"rendered":"<p>Ich hei\u00dfe Ronja und ich bin eine Mischlingsh\u00fcndin. Meine f\u00fcnf Geschwister und ich sind am 09.09.2019 geboren worden. Seit Januar 2020 lebe ich in der Familie von Frau Kurek. Mit mir lebt dort noch Garfield, das ist ein Kater. Wir beiden spielen und kuscheln gerne zusammen. Manchmal \u00e4rgert er mich aber auch. Frau Kurek hat &hellip; <a href=\"https:\/\/wordpress.nibis.de\/gsrautheim\/ronja\/\" class=\"more-link\"><span class=\"screen-reader-text\">Ronja<\/span> weiterlesen <span class=\"meta-nav\">&rarr;<\/span><\/a><\/p>\n","protected":false},"author":635,"featured_media":0,"parent":0,"menu_order":0,"comment_status":"closed","ping_status":"closed","template":"","meta":{"footnotes":""},"class_list":["post-5021","page","type-page","status-publish","hentry"],"_links":{"self":[{"href":"https:\/\/wordpress.nibis.de\/gsrautheim\/wp-json\/wp\/v2\/pages\/5021","targetHints":{"allow":["GET"]}}],"collection":[{"href":"https:\/\/wordpress.nibis.de\/gsrautheim\/wp-json\/wp\/v2\/pages"}],"about":[{"href":"https:\/\/wordpress.nibis.de\/gsrautheim\/wp-json\/wp\/v2\/types\/page"}],"author":[{"embeddable":true,"href":"https:\/\/wordpress.nibis.de\/gsrautheim\/wp-json\/wp\/v2\/users\/635"}],"replies":[{"embeddable":true,"href":"https:\/\/wordpress.nibis.de\/gsrautheim\/wp-json\/wp\/v2\/comments?post=5021"}],"version-history":[{"count":1,"href":"https:\/\/wordpress.nibis.de\/gsrautheim\/wp-json\/wp\/v2\/pages\/5021\/revisions"}],"predecessor-version":[{"id":5022,"href":"https:\/\/wordpress.nibis.de\/gsrautheim\/wp-json\/wp\/v2\/pages\/5021\/revisions\/5022"}],"wp:attachment":[{"href":"https:\/\/wordpress.nibis.de\/gsrautheim\/wp-json\/wp\/v2\/media?parent=5021"}],"curies":[{"name":"wp","href":"https:\/\/api.w.org\/{rel}","templated":true}]}}