{"id":504,"date":"2014-12-01T23:33:36","date_gmt":"2014-12-01T22:33:36","guid":{"rendered":"http:\/\/wordpress.nibis.de\/gsrautheim\/?page_id=504"},"modified":"2025-05-29T21:11:32","modified_gmt":"2025-05-29T20:11:32","slug":"kopflaeuse","status":"publish","type":"page","link":"https:\/\/wordpress.nibis.de\/gsrautheim\/kopflaeuse\/","title":{"rendered":"Kopfl\u00e4use"},"content":{"rendered":"<p><span style=\"font-family: tahoma,arial,helvetica,sans-serif;font-size: 10pt\"> Woher sie kamen, wei\u00df keiner, fest steht aber:<\/span><\/p>\n<p><span style=\"font-family: tahoma,arial,helvetica,sans-serif;font-size: 10pt\"> L\u00e4use kann jeder bekommen. <\/span><\/p>\n<p><span style=\"font-family: tahoma,arial,helvetica,sans-serif;font-size: 10pt\">Sollten Sie in den Haaren Ihres Kindes lebende L\u00e4use oder Nissen finden, verfahren Sie bitte wie vom <a title=\"Merkblatt Kopfl\u00e4use\" href=\"https:\/\/www.braunschweig.de\/leben\/gesundheit\/gesundheitsamt\/kindergesundheit\/merkbl_laeuse.php\" target=\"_blank\" rel=\"noopener\">Gesundheitsamt Braunschweig<\/a> empfohlen und informieren Sie <strong>umgehend<\/strong> die Klassenlehrerin Ihres Kindes oder das Sekretariat, denn Kopflausbefall ist meldepflichtig.<br \/>\n<\/span><\/p>\n<p><a href=\"http:\/\/wordpress.nibis.de\/gsrautheim\/a-bis-zett\/\"><span style=\"font-family: tahoma,arial,helvetica,sans-serif;font-size: 10pt\">zur\u00fcck<\/span><\/a><\/p>\n<p>&nbsp;<\/p>\n<p>&nbsp;<\/p>\n<p>&nbsp;<\/p>\n","protected":false},"excerpt":{"rendered":"<p>Woher sie kamen, wei\u00df keiner, fest steht aber: L\u00e4use kann jeder bekommen. Sollten Sie in den Haaren Ihres Kindes lebende L\u00e4use oder Nissen finden, verfahren Sie bitte wie vom Gesundheitsamt Braunschweig empfohlen und informieren Sie umgehend die Klassenlehrerin Ihres Kindes oder das Sekretariat, denn Kopflausbefall ist meldepflichtig. zur\u00fcck &nbsp; &nbsp; &nbsp;<\/p>\n","protected":false},"author":635,"featured_media":0,"parent":0,"menu_order":0,"comment_status":"closed","ping_status":"closed","template":"","meta":{"footnotes":""},"class_list":["post-504","page","type-page","status-publish","hentry"],"_links":{"self":[{"href":"https:\/\/wordpress.nibis.de\/gsrautheim\/wp-json\/wp\/v2\/pages\/504","targetHints":{"allow":["GET"]}}],"collection":[{"href":"https:\/\/wordpress.nibis.de\/gsrautheim\/wp-json\/wp\/v2\/pages"}],"about":[{"href":"https:\/\/wordpress.nibis.de\/gsrautheim\/wp-json\/wp\/v2\/types\/page"}],"author":[{"embeddable":true,"href":"https:\/\/wordpress.nibis.de\/gsrautheim\/wp-json\/wp\/v2\/users\/635"}],"replies":[{"embeddable":true,"href":"https:\/\/wordpress.nibis.de\/gsrautheim\/wp-json\/wp\/v2\/comments?post=504"}],"version-history":[{"count":5,"href":"https:\/\/wordpress.nibis.de\/gsrautheim\/wp-json\/wp\/v2\/pages\/504\/revisions"}],"predecessor-version":[{"id":6150,"href":"https:\/\/wordpress.nibis.de\/gsrautheim\/wp-json\/wp\/v2\/pages\/504\/revisions\/6150"}],"wp:attachment":[{"href":"https:\/\/wordpress.nibis.de\/gsrautheim\/wp-json\/wp\/v2\/media?parent=504"}],"curies":[{"name":"wp","href":"https:\/\/api.w.org\/{rel}","templated":true}]}}