{"id":514,"date":"2014-12-02T14:38:30","date_gmt":"2014-12-02T13:38:30","guid":{"rendered":"http:\/\/wordpress.nibis.de\/gsrautheim\/?page_id=514"},"modified":"2025-05-29T21:12:42","modified_gmt":"2025-05-29T20:12:42","slug":"krankmeldung","status":"publish","type":"page","link":"https:\/\/wordpress.nibis.de\/gsrautheim\/krankmeldung\/","title":{"rendered":"Krankmeldung"},"content":{"rendered":"<p><span style=\"font-family: tahoma, arial, helvetica, sans-serif;font-size: 10pt\">Krankmeldungen erfolgen ausschlie\u00dflich \u00fcber das <strong>IServ-Abwesenheitsmodul.<br \/>\n<\/strong><br \/>\nSobald der Gesundheitszustand Ihres Kindes es zul\u00e4sst, sollte es beginnen, den vers\u00e4umten Unterrichtsstoff nachzuarbeiten.<br \/>\nDie Verantwortung f\u00fcr das Nacharbeiten der Aufgaben und die Beschaffung des Materials liegt bei Ihnen als Familie.\u00a0<\/span><\/p>\n<p><span style=\"font-family: tahoma,arial,helvetica,sans-serif;font-size: 10pt\"><a href=\"http:\/\/wordpress.nibis.de\/gsrautheim\/a-bis-zett\/\">zur\u00fcck<\/a><\/span><\/p>\n","protected":false},"excerpt":{"rendered":"<p>Krankmeldungen erfolgen ausschlie\u00dflich \u00fcber das IServ-Abwesenheitsmodul. Sobald der Gesundheitszustand Ihres Kindes es zul\u00e4sst, sollte es beginnen, den vers\u00e4umten Unterrichtsstoff nachzuarbeiten. Die Verantwortung f\u00fcr das Nacharbeiten der Aufgaben und die Beschaffung des Materials liegt bei Ihnen als Familie.\u00a0 zur\u00fcck<\/p>\n","protected":false},"author":635,"featured_media":0,"parent":0,"menu_order":0,"comment_status":"closed","ping_status":"closed","template":"","meta":{"footnotes":""},"class_list":["post-514","page","type-page","status-publish","hentry"],"_links":{"self":[{"href":"https:\/\/wordpress.nibis.de\/gsrautheim\/wp-json\/wp\/v2\/pages\/514","targetHints":{"allow":["GET"]}}],"collection":[{"href":"https:\/\/wordpress.nibis.de\/gsrautheim\/wp-json\/wp\/v2\/pages"}],"about":[{"href":"https:\/\/wordpress.nibis.de\/gsrautheim\/wp-json\/wp\/v2\/types\/page"}],"author":[{"embeddable":true,"href":"https:\/\/wordpress.nibis.de\/gsrautheim\/wp-json\/wp\/v2\/users\/635"}],"replies":[{"embeddable":true,"href":"https:\/\/wordpress.nibis.de\/gsrautheim\/wp-json\/wp\/v2\/comments?post=514"}],"version-history":[{"count":7,"href":"https:\/\/wordpress.nibis.de\/gsrautheim\/wp-json\/wp\/v2\/pages\/514\/revisions"}],"predecessor-version":[{"id":6151,"href":"https:\/\/wordpress.nibis.de\/gsrautheim\/wp-json\/wp\/v2\/pages\/514\/revisions\/6151"}],"wp:attachment":[{"href":"https:\/\/wordpress.nibis.de\/gsrautheim\/wp-json\/wp\/v2\/media?parent=514"}],"curies":[{"name":"wp","href":"https:\/\/api.w.org\/{rel}","templated":true}]}}