{"id":5364,"date":"2023-03-13T12:36:19","date_gmt":"2023-03-13T11:36:19","guid":{"rendered":"https:\/\/wordpress.nibis.de\/gsrautheim\/?page_id=5364"},"modified":"2024-04-11T10:55:36","modified_gmt":"2024-04-11T09:55:36","slug":"schuelerbefoerderung","status":"publish","type":"page","link":"https:\/\/wordpress.nibis.de\/gsrautheim\/schuelerbefoerderung\/","title":{"rendered":"Sch\u00fclerbef\u00f6rderung (&#8222;Mastbruch\/Elmaussicht&#8220;\/&#8220;Neubaugebiet HdL&#8220;)"},"content":{"rendered":"<p>Wenn Sie im Stadtbezirk &#8222;Mastbruch\/Elmaussicht&#8220; oder im &#8222;Neubaugebiet HdL&#8220; wohnen, k\u00f6nnen Sie eine <strong><span style=\"color: #3366ff\">Sch\u00fclerbef\u00f6rderung<\/span> <\/strong>f\u00fcr Ihr Kind beantragen.<\/p>\n<p>F\u00fcr Kinder der 1. Klassen aus beiden Wohngebieten sowie f\u00fcr Kinder der 2. bis 4. Klassen des Wohngebietes &#8222;HdL&#8220; beantragen Sie eine <strong><em>Taxibef\u00f6rderung<\/em>:<br \/>\n<\/strong><\/p>\n<p><strong>\u00a0<\/strong><a href=\"https:\/\/wordpress.nibis.de\/gsrautheim\/files\/2024\/04\/Antrag-auf-Individualbefoerderung-2024_2025.pdf\">Antrag auf Individualbef\u00f6rderung 2024_2025<\/a><\/p>\n<p><a href=\"https:\/\/wordpress.nibis.de\/gsrautheim\/files\/2024\/04\/Elternbrief-Individualbefoerderung.pdf\">Elternbrief Individualbef\u00f6rderung<\/a><\/p>\n<p>&nbsp;<\/p>\n<p>Zur Beantragung der <em><strong>Sch\u00fclerfahrkarten (Schuljahr 2024\/25)<\/strong><\/em> f\u00fcr Kinder der 2. bis 4. Klassen aus dem Stadtbezirk &#8222;Mastbruch\/Elmaussicht&#8220; erhalten Sie demn\u00e4chst hier die Infos und Links der Stadt Braunschweig.<\/p>\n","protected":false},"excerpt":{"rendered":"<p>Wenn Sie im Stadtbezirk &#8222;Mastbruch\/Elmaussicht&#8220; oder im &#8222;Neubaugebiet HdL&#8220; wohnen, k\u00f6nnen Sie eine Sch\u00fclerbef\u00f6rderung f\u00fcr Ihr Kind beantragen. F\u00fcr Kinder der 1. Klassen aus beiden Wohngebieten sowie f\u00fcr Kinder der 2. bis 4. Klassen des Wohngebietes &#8222;HdL&#8220; beantragen Sie eine Taxibef\u00f6rderung: \u00a0Antrag auf Individualbef\u00f6rderung 2024_2025 Elternbrief Individualbef\u00f6rderung &nbsp; Zur Beantragung der Sch\u00fclerfahrkarten (Schuljahr 2024\/25) f\u00fcr &hellip; <a href=\"https:\/\/wordpress.nibis.de\/gsrautheim\/schuelerbefoerderung\/\" class=\"more-link\"><span class=\"screen-reader-text\">Sch\u00fclerbef\u00f6rderung (&#8222;Mastbruch\/Elmaussicht&#8220;\/&#8220;Neubaugebiet HdL&#8220;)<\/span> weiterlesen <span class=\"meta-nav\">&rarr;<\/span><\/a><\/p>\n","protected":false},"author":635,"featured_media":0,"parent":0,"menu_order":0,"comment_status":"closed","ping_status":"closed","template":"","meta":{"footnotes":""},"class_list":["post-5364","page","type-page","status-publish","hentry"],"_links":{"self":[{"href":"https:\/\/wordpress.nibis.de\/gsrautheim\/wp-json\/wp\/v2\/pages\/5364","targetHints":{"allow":["GET"]}}],"collection":[{"href":"https:\/\/wordpress.nibis.de\/gsrautheim\/wp-json\/wp\/v2\/pages"}],"about":[{"href":"https:\/\/wordpress.nibis.de\/gsrautheim\/wp-json\/wp\/v2\/types\/page"}],"author":[{"embeddable":true,"href":"https:\/\/wordpress.nibis.de\/gsrautheim\/wp-json\/wp\/v2\/users\/635"}],"replies":[{"embeddable":true,"href":"https:\/\/wordpress.nibis.de\/gsrautheim\/wp-json\/wp\/v2\/comments?post=5364"}],"version-history":[{"count":5,"href":"https:\/\/wordpress.nibis.de\/gsrautheim\/wp-json\/wp\/v2\/pages\/5364\/revisions"}],"predecessor-version":[{"id":5885,"href":"https:\/\/wordpress.nibis.de\/gsrautheim\/wp-json\/wp\/v2\/pages\/5364\/revisions\/5885"}],"wp:attachment":[{"href":"https:\/\/wordpress.nibis.de\/gsrautheim\/wp-json\/wp\/v2\/media?parent=5364"}],"curies":[{"name":"wp","href":"https:\/\/api.w.org\/{rel}","templated":true}]}}