{"id":5648,"date":"2023-06-05T11:49:59","date_gmt":"2023-06-05T10:49:59","guid":{"rendered":"https:\/\/wordpress.nibis.de\/gsrautheim\/?page_id=5648"},"modified":"2024-10-19T08:37:07","modified_gmt":"2024-10-19T07:37:07","slug":"ganztag-kooperationspartner","status":"publish","type":"page","link":"https:\/\/wordpress.nibis.de\/gsrautheim\/ganztag-kooperationspartner\/","title":{"rendered":"Ganztag"},"content":{"rendered":"<p>Die Arbeit in der Nachmittagsbetreuung wird mit dem Funktionsraumprinzip gestaltet. Bekannt ist Ihnen dieses \u201eoffene Konzept\u201c vielleicht schon aus dem Kita-Bereich.<br \/>\n<b><\/b><\/p>\n<p><b>Was bedeutet das Funktionsraumprinzip f\u00fcr Ihr Kind?<\/b><\/p>\n<p>Die Betreuungsr\u00e4ume des Nachmittagsbereichs sind einer festen Funktion zugeordnet und dementsprechend ausgestattet. Ihr Kind ist einer Gruppe zugeordnet und hat zwei feste Bezugsbetreuer*innen. Die Gruppen sind mit Farben gekennzeichnet und einem Funktionsraum zugeordnet.<br \/>\nSelbstverst\u00e4ndlich sind aber &#8222;alle f\u00fcr alle <strong><em>da<\/em><\/strong>&#8220; und jedes Kind darf &#8222;<em><strong>\u00fcberall hin&#8220;<\/strong><\/em>.<br \/>\nJedes Betreuungstandem begleitet einen Funktionsraum und bietet entsprechende Angebote dort an.<br \/>\nUm den \u00dcberblick \u00fcber die Bezugskinder trotz aller Freiheiten nicht zu verlieren, h\u00e4ngt in jedem Funktionsraum eine Magnettafel. Dort zeigen die Kinder \u00fcber Foto-Namens-Magnete ihren Aufenthalt an.<br \/>\nAnsprechpartner f\u00fcr Sie als Eltern sind die Bezugsbetreuer*innen der &#8222;Farb-Gruppe&#8220;.<\/p>\n<p>Ziel dieses Konzeptes ist es, dass Ihre Kinder selbstbestimmt, in eigener Verantwortung, interessenbezogen und nach individuellen Bed\u00fcrfnissen und Neigungen den Nachmittag in der Grundschule verbringen k\u00f6nnen.<\/p>\n<p><b>Aktuell gibt es folgende Funktionsr\u00e4ume:<\/b><\/p>\n<p>1. <a href=\"https:\/\/wordpress.nibis.de\/gsrautheim\/kreativraum\/\" target=\"_blank\" rel=\"noopener\">Kreativraum<\/a><br \/>\n2. <a href=\"https:\/\/wordpress.nibis.de\/gsrautheim\/bewegungs-aktivraum-blaue-gruppe\/\" target=\"_blank\" rel=\"noopener\">Bewegungsraum<\/a><br \/>\n3. <a href=\"https:\/\/wordpress.nibis.de\/gsrautheim\/bau-konstruktionsraum-gruppe-lila\/\" target=\"_blank\" rel=\"noopener\">Bauraum<\/a><br \/>\n4. <a href=\"https:\/\/wordpress.nibis.de\/gsrautheim\/ruheraum-gruppe-orange\/\" target=\"_blank\" rel=\"noopener\">Ruheraum<\/a><br \/>\n<a href=\"https:\/\/wordpress.nibis.de\/gsrautheim\/spiele-cafe-gruene-gruppe\/\" target=\"_blank\" rel=\"noopener\">5. Spiele-Cafe<\/a><br \/>\n6. &#8222;<a href=\"https:\/\/wordpress.nibis.de\/gsrautheim\/aussengruppe-rote-gruppe\/\" target=\"_blank\" rel=\"noopener\">Au\u00dfengruppe<\/a>&#8220;<br \/>\n7. <a href=\"https:\/\/wordpress.nibis.de\/gsrautheim\/verkleidungs-und-rollenspielraum-regenbogengruppe-1\/\" target=\"_blank\" rel=\"noopener\">Rollenspielraum<\/a><br \/>\n8. <a href=\"https:\/\/wordpress.nibis.de\/gsrautheim\/sporthalle-regenbogengruppe-2\/\" target=\"_blank\" rel=\"noopener\">Sporthalle<\/a><\/p>\n","protected":false},"excerpt":{"rendered":"<p>Die Arbeit in der Nachmittagsbetreuung wird mit dem Funktionsraumprinzip gestaltet. Bekannt ist Ihnen dieses \u201eoffene Konzept\u201c vielleicht schon aus dem Kita-Bereich. Was bedeutet das Funktionsraumprinzip f\u00fcr Ihr Kind? Die Betreuungsr\u00e4ume des Nachmittagsbereichs sind einer festen Funktion zugeordnet und dementsprechend ausgestattet. Ihr Kind ist einer Gruppe zugeordnet und hat zwei feste Bezugsbetreuer*innen. Die Gruppen sind mit &hellip; <a href=\"https:\/\/wordpress.nibis.de\/gsrautheim\/ganztag-kooperationspartner\/\" class=\"more-link\"><span class=\"screen-reader-text\">Ganztag<\/span> weiterlesen <span class=\"meta-nav\">&rarr;<\/span><\/a><\/p>\n","protected":false},"author":635,"featured_media":0,"parent":0,"menu_order":0,"comment_status":"closed","ping_status":"closed","template":"","meta":{"footnotes":""},"class_list":["post-5648","page","type-page","status-publish","hentry"],"_links":{"self":[{"href":"https:\/\/wordpress.nibis.de\/gsrautheim\/wp-json\/wp\/v2\/pages\/5648","targetHints":{"allow":["GET"]}}],"collection":[{"href":"https:\/\/wordpress.nibis.de\/gsrautheim\/wp-json\/wp\/v2\/pages"}],"about":[{"href":"https:\/\/wordpress.nibis.de\/gsrautheim\/wp-json\/wp\/v2\/types\/page"}],"author":[{"embeddable":true,"href":"https:\/\/wordpress.nibis.de\/gsrautheim\/wp-json\/wp\/v2\/users\/635"}],"replies":[{"embeddable":true,"href":"https:\/\/wordpress.nibis.de\/gsrautheim\/wp-json\/wp\/v2\/comments?post=5648"}],"version-history":[{"count":15,"href":"https:\/\/wordpress.nibis.de\/gsrautheim\/wp-json\/wp\/v2\/pages\/5648\/revisions"}],"predecessor-version":[{"id":6033,"href":"https:\/\/wordpress.nibis.de\/gsrautheim\/wp-json\/wp\/v2\/pages\/5648\/revisions\/6033"}],"wp:attachment":[{"href":"https:\/\/wordpress.nibis.de\/gsrautheim\/wp-json\/wp\/v2\/media?parent=5648"}],"curies":[{"name":"wp","href":"https:\/\/api.w.org\/{rel}","templated":true}]}}