{"id":565,"date":"2014-12-08T20:14:04","date_gmt":"2014-12-08T19:14:04","guid":{"rendered":"http:\/\/wordpress.nibis.de\/gsrautheim\/?page_id=565"},"modified":"2025-05-29T21:13:36","modified_gmt":"2025-05-29T20:13:36","slug":"lesen","status":"publish","type":"page","link":"https:\/\/wordpress.nibis.de\/gsrautheim\/lesen\/","title":{"rendered":"Lesen"},"content":{"rendered":"<p><span style=\"font-family: tahoma,arial,helvetica,sans-serif;font-size: 10pt\">Das Lesen stellte eine sehr wichtige Kompetenz dar, die wir vielf\u00e4ltig f\u00f6rdern. <\/span><\/p>\n<p><span style=\"font-family: tahoma,arial,helvetica,sans-serif;font-size: 10pt\">In jeder Klasse steht ein <strong>B\u00fccherwagen<\/strong>\u00a0bereit, aus der sich die Sch\u00fclerinnen und Sch\u00fcler B\u00fccher f\u00fcr zu Hause ausleihen oder in der Schule lesen k\u00f6nnen.<br \/>\n<\/span><\/p>\n<p><span style=\"font-family: tahoma,arial,helvetica,sans-serif;font-size: 10pt\">Seit dem Schuljahr 2014\/15 besteht eine Kooperation mit der <strong>Ortsb\u00fccherei Rautheim<\/strong>.<br \/>\nMit &#8222;Leo Lesepilot&#8220; lernen die Kinder die B\u00fccherei und deren Nutzung kennen. Au\u00dferdem erlernen sie Techniken in der Arbeit mit B\u00fcchern.<\/span><\/p>\n<p><a href=\"http:\/\/wordpress.nibis.de\/gsrautheim\/a-bis-zett\/\"><span style=\"font-family: tahoma,arial,helvetica,sans-serif;font-size: 10pt\">zur\u00fcck<\/span><\/a><\/p>\n","protected":false},"excerpt":{"rendered":"<p>Das Lesen stellte eine sehr wichtige Kompetenz dar, die wir vielf\u00e4ltig f\u00f6rdern. In jeder Klasse steht ein B\u00fccherwagen\u00a0bereit, aus der sich die Sch\u00fclerinnen und Sch\u00fcler B\u00fccher f\u00fcr zu Hause ausleihen oder in der Schule lesen k\u00f6nnen. Seit dem Schuljahr 2014\/15 besteht eine Kooperation mit der Ortsb\u00fccherei Rautheim. Mit &#8222;Leo Lesepilot&#8220; lernen die Kinder die B\u00fccherei &hellip; <a href=\"https:\/\/wordpress.nibis.de\/gsrautheim\/lesen\/\" class=\"more-link\"><span class=\"screen-reader-text\">Lesen<\/span> weiterlesen <span class=\"meta-nav\">&rarr;<\/span><\/a><\/p>\n","protected":false},"author":635,"featured_media":0,"parent":0,"menu_order":0,"comment_status":"closed","ping_status":"closed","template":"","meta":{"footnotes":""},"class_list":["post-565","page","type-page","status-publish","hentry"],"_links":{"self":[{"href":"https:\/\/wordpress.nibis.de\/gsrautheim\/wp-json\/wp\/v2\/pages\/565","targetHints":{"allow":["GET"]}}],"collection":[{"href":"https:\/\/wordpress.nibis.de\/gsrautheim\/wp-json\/wp\/v2\/pages"}],"about":[{"href":"https:\/\/wordpress.nibis.de\/gsrautheim\/wp-json\/wp\/v2\/types\/page"}],"author":[{"embeddable":true,"href":"https:\/\/wordpress.nibis.de\/gsrautheim\/wp-json\/wp\/v2\/users\/635"}],"replies":[{"embeddable":true,"href":"https:\/\/wordpress.nibis.de\/gsrautheim\/wp-json\/wp\/v2\/comments?post=565"}],"version-history":[{"count":2,"href":"https:\/\/wordpress.nibis.de\/gsrautheim\/wp-json\/wp\/v2\/pages\/565\/revisions"}],"predecessor-version":[{"id":6152,"href":"https:\/\/wordpress.nibis.de\/gsrautheim\/wp-json\/wp\/v2\/pages\/565\/revisions\/6152"}],"wp:attachment":[{"href":"https:\/\/wordpress.nibis.de\/gsrautheim\/wp-json\/wp\/v2\/media?parent=565"}],"curies":[{"name":"wp","href":"https:\/\/api.w.org\/{rel}","templated":true}]}}