{"id":572,"date":"2014-12-08T20:46:22","date_gmt":"2014-12-08T19:46:22","guid":{"rendered":"http:\/\/wordpress.nibis.de\/gsrautheim\/?page_id=572"},"modified":"2014-12-08T20:46:22","modified_gmt":"2014-12-08T19:46:22","slug":"notfalltelefonnummern","status":"publish","type":"page","link":"https:\/\/wordpress.nibis.de\/gsrautheim\/notfalltelefonnummern\/","title":{"rendered":"Notfalltelefonnummern"},"content":{"rendered":"<p><span style=\"font-family: tahoma,arial,helvetica,sans-serif;font-size: 10pt\">Beim ersten Elternabend oder bei der Anmeldung Ihres Kindes erhalten sie ein Formular f\u00fcr die Notfalltelefonnummern, damit wir Sie im Verlauf des Schulvormittags bei Bedarf erreichen k\u00f6nnen.<\/span><br \/>\n<span style=\"font-family: tahoma,arial,helvetica,sans-serif;font-size: 10pt\">Bitte tragen Sie die aktuellen Notfallnummern auch im Schulplaner Ihres Kindes ein!<\/span><\/p>\n<p><span style=\"font-family: tahoma,arial,helvetica,sans-serif;font-size: 10pt\">Denken Sie bitte daran, jede \u00c4nderung\u00a0 der Klassenlehrerin und\/oder\u00a0 im Sekretariat bekannt zu geben.<\/span><\/p>\n<p><span style=\"font-family: tahoma,arial,helvetica,sans-serif;font-size: 10pt\">Dies erleichtert es uns, Sie im Bedarfsfall schnell zu erreichen.<\/span><\/p>\n<p><a href=\"http:\/\/wordpress.nibis.de\/gsrautheim\/a-bis-zett\/\"><span style=\"font-family: tahoma,arial,helvetica,sans-serif;font-size: 10pt\">zur\u00fcck<\/span><\/a><\/p>\n","protected":false},"excerpt":{"rendered":"<p>Beim ersten Elternabend oder bei der Anmeldung Ihres Kindes erhalten sie ein Formular f\u00fcr die Notfalltelefonnummern, damit wir Sie im Verlauf des Schulvormittags bei Bedarf erreichen k\u00f6nnen. Bitte tragen Sie die aktuellen Notfallnummern auch im Schulplaner Ihres Kindes ein! Denken Sie bitte daran, jede \u00c4nderung\u00a0 der Klassenlehrerin und\/oder\u00a0 im Sekretariat bekannt zu geben. Dies erleichtert &hellip; <a href=\"https:\/\/wordpress.nibis.de\/gsrautheim\/notfalltelefonnummern\/\" class=\"more-link\"><span class=\"screen-reader-text\">Notfalltelefonnummern<\/span> weiterlesen <span class=\"meta-nav\">&rarr;<\/span><\/a><\/p>\n","protected":false},"author":635,"featured_media":0,"parent":0,"menu_order":0,"comment_status":"closed","ping_status":"closed","template":"","meta":{"footnotes":""},"class_list":["post-572","page","type-page","status-publish","hentry"],"_links":{"self":[{"href":"https:\/\/wordpress.nibis.de\/gsrautheim\/wp-json\/wp\/v2\/pages\/572","targetHints":{"allow":["GET"]}}],"collection":[{"href":"https:\/\/wordpress.nibis.de\/gsrautheim\/wp-json\/wp\/v2\/pages"}],"about":[{"href":"https:\/\/wordpress.nibis.de\/gsrautheim\/wp-json\/wp\/v2\/types\/page"}],"author":[{"embeddable":true,"href":"https:\/\/wordpress.nibis.de\/gsrautheim\/wp-json\/wp\/v2\/users\/635"}],"replies":[{"embeddable":true,"href":"https:\/\/wordpress.nibis.de\/gsrautheim\/wp-json\/wp\/v2\/comments?post=572"}],"version-history":[{"count":1,"href":"https:\/\/wordpress.nibis.de\/gsrautheim\/wp-json\/wp\/v2\/pages\/572\/revisions"}],"predecessor-version":[{"id":573,"href":"https:\/\/wordpress.nibis.de\/gsrautheim\/wp-json\/wp\/v2\/pages\/572\/revisions\/573"}],"wp:attachment":[{"href":"https:\/\/wordpress.nibis.de\/gsrautheim\/wp-json\/wp\/v2\/media?parent=572"}],"curies":[{"name":"wp","href":"https:\/\/api.w.org\/{rel}","templated":true}]}}