{"id":575,"date":"2014-12-08T20:58:18","date_gmt":"2014-12-08T19:58:18","guid":{"rendered":"http:\/\/wordpress.nibis.de\/gsrautheim\/?page_id=575"},"modified":"2025-05-29T21:17:04","modified_gmt":"2025-05-29T20:17:04","slug":"oeffnungszeiten","status":"publish","type":"page","link":"https:\/\/wordpress.nibis.de\/gsrautheim\/oeffnungszeiten\/","title":{"rendered":"\u00d6ffnungszeiten"},"content":{"rendered":"<p><span style=\"font-family: tahoma,arial,helvetica,sans-serif;font-size: 10pt\">Die Schule ist morgens f\u00fcr die Kinder ab 7.45 Uhr ge\u00f6ffnet. <\/span><\/p>\n<p><span style=\"font-family: tahoma,arial,helvetica,sans-serif;font-size: 10pt\">Nach einer &#8222;Ankommzeit&#8220; beginnt die erste Stunde um 8.10 Uhr. <\/span><\/p>\n<p><span style=\"font-family: tahoma,arial,helvetica,sans-serif;font-size: 10pt\">Die verl\u00e4ssliche Zeit dauert von 8.00 Uhr bis 13.00 Uhr; die &#8222;Ganztagszeit&#8220; endet um 15 Uhr, bzw. um 16 Uhr.<\/span><\/p>\n<p><a href=\"http:\/\/wordpress.nibis.de\/gsrautheim\/a-bis-zett\/\"><span style=\"font-family: tahoma,arial,helvetica,sans-serif;font-size: 10pt\">zur\u00fcck<\/span><\/a><\/p>\n","protected":false},"excerpt":{"rendered":"<p>Die Schule ist morgens f\u00fcr die Kinder ab 7.45 Uhr ge\u00f6ffnet. Nach einer &#8222;Ankommzeit&#8220; beginnt die erste Stunde um 8.10 Uhr. Die verl\u00e4ssliche Zeit dauert von 8.00 Uhr bis 13.00 Uhr; die &#8222;Ganztagszeit&#8220; endet um 15 Uhr, bzw. um 16 Uhr. zur\u00fcck<\/p>\n","protected":false},"author":635,"featured_media":0,"parent":0,"menu_order":0,"comment_status":"closed","ping_status":"closed","template":"","meta":{"footnotes":""},"class_list":["post-575","page","type-page","status-publish","hentry"],"_links":{"self":[{"href":"https:\/\/wordpress.nibis.de\/gsrautheim\/wp-json\/wp\/v2\/pages\/575","targetHints":{"allow":["GET"]}}],"collection":[{"href":"https:\/\/wordpress.nibis.de\/gsrautheim\/wp-json\/wp\/v2\/pages"}],"about":[{"href":"https:\/\/wordpress.nibis.de\/gsrautheim\/wp-json\/wp\/v2\/types\/page"}],"author":[{"embeddable":true,"href":"https:\/\/wordpress.nibis.de\/gsrautheim\/wp-json\/wp\/v2\/users\/635"}],"replies":[{"embeddable":true,"href":"https:\/\/wordpress.nibis.de\/gsrautheim\/wp-json\/wp\/v2\/comments?post=575"}],"version-history":[{"count":4,"href":"https:\/\/wordpress.nibis.de\/gsrautheim\/wp-json\/wp\/v2\/pages\/575\/revisions"}],"predecessor-version":[{"id":6155,"href":"https:\/\/wordpress.nibis.de\/gsrautheim\/wp-json\/wp\/v2\/pages\/575\/revisions\/6155"}],"wp:attachment":[{"href":"https:\/\/wordpress.nibis.de\/gsrautheim\/wp-json\/wp\/v2\/media?parent=575"}],"curies":[{"name":"wp","href":"https:\/\/api.w.org\/{rel}","templated":true}]}}