{"id":5834,"date":"2024-01-18T11:44:30","date_gmt":"2024-01-18T10:44:30","guid":{"rendered":"https:\/\/wordpress.nibis.de\/gsrautheim\/?page_id=5834"},"modified":"2024-05-05T16:58:38","modified_gmt":"2024-05-05T15:58:38","slug":"eltern-account","status":"publish","type":"page","link":"https:\/\/wordpress.nibis.de\/gsrautheim\/eltern-account\/","title":{"rendered":"Eltern-Account"},"content":{"rendered":"<p><span style=\"font-size: 10pt\">Zur Kommunikation zwischen Elternhaus und Schule nutzen wir das<strong> IServ-Elternmodul.<\/strong><\/span><br \/>\n<span style=\"font-size: 10pt\">F\u00fcr jede Familie wird f\u00fcr jedes Kind unserer Schule ein Eltern-Account eingerichtet.<\/span><br \/>\n<span style=\"font-size: 10pt\">\u00dcber diesen Elternaccout werden Elternbriefe versendet, Abwesenheiten gemeldet und die Elternsprechtage organisiert.<\/span><\/p>\n<p><span style=\"font-size: 10pt\">Die Elternaccounts werden von der IT-Verantwortlichen Frau Tappenbeck <em>(heike.tappenbeck(at) gs-rautheim.de)\u00a0<\/em> eingerichtet und verwaltet.<\/span><\/p>\n","protected":false},"excerpt":{"rendered":"<p>Zur Kommunikation zwischen Elternhaus und Schule nutzen wir das IServ-Elternmodul. F\u00fcr jede Familie wird f\u00fcr jedes Kind unserer Schule ein Eltern-Account eingerichtet. \u00dcber diesen Elternaccout werden Elternbriefe versendet, Abwesenheiten gemeldet und die Elternsprechtage organisiert. Die Elternaccounts werden von der IT-Verantwortlichen Frau Tappenbeck (heike.tappenbeck(at) gs-rautheim.de)\u00a0 eingerichtet und verwaltet.<\/p>\n","protected":false},"author":635,"featured_media":0,"parent":0,"menu_order":0,"comment_status":"closed","ping_status":"closed","template":"","meta":{"footnotes":""},"class_list":["post-5834","page","type-page","status-publish","hentry"],"_links":{"self":[{"href":"https:\/\/wordpress.nibis.de\/gsrautheim\/wp-json\/wp\/v2\/pages\/5834","targetHints":{"allow":["GET"]}}],"collection":[{"href":"https:\/\/wordpress.nibis.de\/gsrautheim\/wp-json\/wp\/v2\/pages"}],"about":[{"href":"https:\/\/wordpress.nibis.de\/gsrautheim\/wp-json\/wp\/v2\/types\/page"}],"author":[{"embeddable":true,"href":"https:\/\/wordpress.nibis.de\/gsrautheim\/wp-json\/wp\/v2\/users\/635"}],"replies":[{"embeddable":true,"href":"https:\/\/wordpress.nibis.de\/gsrautheim\/wp-json\/wp\/v2\/comments?post=5834"}],"version-history":[{"count":2,"href":"https:\/\/wordpress.nibis.de\/gsrautheim\/wp-json\/wp\/v2\/pages\/5834\/revisions"}],"predecessor-version":[{"id":5912,"href":"https:\/\/wordpress.nibis.de\/gsrautheim\/wp-json\/wp\/v2\/pages\/5834\/revisions\/5912"}],"wp:attachment":[{"href":"https:\/\/wordpress.nibis.de\/gsrautheim\/wp-json\/wp\/v2\/media?parent=5834"}],"curies":[{"name":"wp","href":"https:\/\/api.w.org\/{rel}","templated":true}]}}