{"id":6128,"date":"2025-05-29T20:45:25","date_gmt":"2025-05-29T19:45:25","guid":{"rendered":"https:\/\/wordpress.nibis.de\/gsrautheim\/?page_id=6128"},"modified":"2025-05-29T20:45:25","modified_gmt":"2025-05-29T19:45:25","slug":"digitalisierung","status":"publish","type":"page","link":"https:\/\/wordpress.nibis.de\/gsrautheim\/digitalisierung\/","title":{"rendered":"Digitalisierung"},"content":{"rendered":"<p style=\"text-align: justify\"><span style=\"font-family: tahoma, arial, helvetica, sans-serif\">Mit <strong>IServ<\/strong> haben wir unsere interne Kommunikation, sowie die Elternkommunikation digitalisiert und somit fast papierfrei gestaltet.<\/span><\/p>\n<p style=\"text-align: justify\"><span style=\"font-family: tahoma, arial, helvetica, sans-serif\">F\u00fcr jedes Kind wird ein Eltern-Account eingerichtet, \u00fcber den dann Elternbriefe verschickt , Krankmeldungen erstellt sowie Sprechtagstermine gebucht werden.<\/span><\/p>\n<p style=\"text-align: justify\"><span style=\"font-family: tahoma, arial, helvetica, sans-serif\">Die Kinder w\u00e4hlen mit ihrem Sch\u00fcler-Account \u00fcber das Kurswahlmodul ihre Arbeitsgemeinschaften. Zur Partizipation werden das Umfrage- sowie das Schnellumfrage- Modul genutzt.<\/span><\/p>\n<p style=\"text-align: justify\"><span style=\"font-family: tahoma, arial, helvetica, sans-serif\">\u00a0<\/span><\/p>\n","protected":false},"excerpt":{"rendered":"<p>Mit IServ haben wir unsere interne Kommunikation, sowie die Elternkommunikation digitalisiert und somit fast papierfrei gestaltet. F\u00fcr jedes Kind wird ein Eltern-Account eingerichtet, \u00fcber den dann Elternbriefe verschickt , Krankmeldungen erstellt sowie Sprechtagstermine gebucht werden. Die Kinder w\u00e4hlen mit ihrem Sch\u00fcler-Account \u00fcber das Kurswahlmodul ihre Arbeitsgemeinschaften. Zur Partizipation werden das Umfrage- sowie das Schnellumfrage- Modul &hellip; <a href=\"https:\/\/wordpress.nibis.de\/gsrautheim\/digitalisierung\/\" class=\"more-link\"><span class=\"screen-reader-text\">Digitalisierung<\/span> weiterlesen <span class=\"meta-nav\">&rarr;<\/span><\/a><\/p>\n","protected":false},"author":635,"featured_media":0,"parent":0,"menu_order":0,"comment_status":"closed","ping_status":"closed","template":"","meta":{"footnotes":""},"class_list":["post-6128","page","type-page","status-publish","hentry"],"_links":{"self":[{"href":"https:\/\/wordpress.nibis.de\/gsrautheim\/wp-json\/wp\/v2\/pages\/6128","targetHints":{"allow":["GET"]}}],"collection":[{"href":"https:\/\/wordpress.nibis.de\/gsrautheim\/wp-json\/wp\/v2\/pages"}],"about":[{"href":"https:\/\/wordpress.nibis.de\/gsrautheim\/wp-json\/wp\/v2\/types\/page"}],"author":[{"embeddable":true,"href":"https:\/\/wordpress.nibis.de\/gsrautheim\/wp-json\/wp\/v2\/users\/635"}],"replies":[{"embeddable":true,"href":"https:\/\/wordpress.nibis.de\/gsrautheim\/wp-json\/wp\/v2\/comments?post=6128"}],"version-history":[{"count":1,"href":"https:\/\/wordpress.nibis.de\/gsrautheim\/wp-json\/wp\/v2\/pages\/6128\/revisions"}],"predecessor-version":[{"id":6130,"href":"https:\/\/wordpress.nibis.de\/gsrautheim\/wp-json\/wp\/v2\/pages\/6128\/revisions\/6130"}],"wp:attachment":[{"href":"https:\/\/wordpress.nibis.de\/gsrautheim\/wp-json\/wp\/v2\/media?parent=6128"}],"curies":[{"name":"wp","href":"https:\/\/api.w.org\/{rel}","templated":true}]}}