{"id":653,"date":"2014-12-26T01:06:07","date_gmt":"2014-12-26T00:06:07","guid":{"rendered":"http:\/\/wordpress.nibis.de\/gsrautheim\/?page_id=653"},"modified":"2014-12-26T01:06:07","modified_gmt":"2014-12-26T00:06:07","slug":"zahnaerztin","status":"publish","type":"page","link":"https:\/\/wordpress.nibis.de\/gsrautheim\/zahnaerztin\/","title":{"rendered":"Zahn\u00e4rztin"},"content":{"rendered":"<p><span style=\"font-family: tahoma,arial,helvetica,sans-serif;font-size: 10pt\">Die Schulzahn\u00e4rztin kommt zweimal in jedem Schuljahr in die<\/span> <span style=\"font-family: tahoma,arial,helvetica,sans-serif;font-size: 10pt\">Klassen zur Untersuchung, Beratung und freiwilligen Fluoridierung der Z\u00e4hne. Die Eltern werden von den Lehrkr\u00e4ften \u00fcber den Termin informiert. F\u00fcr die Fluoridierung wird das Einverst\u00e4ndnis der Eltern abgefragt.<\/span><\/p>\n<p><a href=\"http:\/\/wordpress.nibis.de\/gsrautheim\/a-bis-zett\/\"><span style=\"font-family: tahoma,arial,helvetica,sans-serif;font-size: 10pt\">zur\u00fcck<\/span><\/a><\/p>\n","protected":false},"excerpt":{"rendered":"<p>Die Schulzahn\u00e4rztin kommt zweimal in jedem Schuljahr in die Klassen zur Untersuchung, Beratung und freiwilligen Fluoridierung der Z\u00e4hne. Die Eltern werden von den Lehrkr\u00e4ften \u00fcber den Termin informiert. F\u00fcr die Fluoridierung wird das Einverst\u00e4ndnis der Eltern abgefragt. zur\u00fcck<\/p>\n","protected":false},"author":635,"featured_media":0,"parent":0,"menu_order":0,"comment_status":"closed","ping_status":"closed","template":"","meta":{"footnotes":""},"class_list":["post-653","page","type-page","status-publish","hentry"],"_links":{"self":[{"href":"https:\/\/wordpress.nibis.de\/gsrautheim\/wp-json\/wp\/v2\/pages\/653","targetHints":{"allow":["GET"]}}],"collection":[{"href":"https:\/\/wordpress.nibis.de\/gsrautheim\/wp-json\/wp\/v2\/pages"}],"about":[{"href":"https:\/\/wordpress.nibis.de\/gsrautheim\/wp-json\/wp\/v2\/types\/page"}],"author":[{"embeddable":true,"href":"https:\/\/wordpress.nibis.de\/gsrautheim\/wp-json\/wp\/v2\/users\/635"}],"replies":[{"embeddable":true,"href":"https:\/\/wordpress.nibis.de\/gsrautheim\/wp-json\/wp\/v2\/comments?post=653"}],"version-history":[{"count":1,"href":"https:\/\/wordpress.nibis.de\/gsrautheim\/wp-json\/wp\/v2\/pages\/653\/revisions"}],"predecessor-version":[{"id":654,"href":"https:\/\/wordpress.nibis.de\/gsrautheim\/wp-json\/wp\/v2\/pages\/653\/revisions\/654"}],"wp:attachment":[{"href":"https:\/\/wordpress.nibis.de\/gsrautheim\/wp-json\/wp\/v2\/media?parent=653"}],"curies":[{"name":"wp","href":"https:\/\/api.w.org\/{rel}","templated":true}]}}