{"id":661,"date":"2014-12-27T19:44:29","date_gmt":"2014-12-27T18:44:29","guid":{"rendered":"http:\/\/wordpress.nibis.de\/gsrautheim\/?page_id=661"},"modified":"2025-05-29T21:24:03","modified_gmt":"2025-05-29T20:24:03","slug":"schulweg","status":"publish","type":"page","link":"https:\/\/wordpress.nibis.de\/gsrautheim\/schulweg\/","title":{"rendered":"Schulweg"},"content":{"rendered":"<p><span style=\"font-family: tahoma,arial,helvetica,sans-serif;font-size: 10pt\"> Die Eltern der Schulanf\u00e4ngerinnen und Schulanf\u00e4nger erhalten vor den Sommerferien einen aktuellen Schulwegplan, so dass der zu bew\u00e4ltigende Schulweg rechtzeitig einge\u00fcbt werden kann. <\/span><\/p>\n<p><span style=\"font-family: tahoma,arial,helvetica,sans-serif;font-size: 10pt\">Die Kinder aus der Siedlung Elmaussicht und aus der Helmstedter Stra\u00dfe werden mit einem Taxi zur Schule gefahren, solange sie die 1. Klasse besuchen. Ab Klasse 2 bekommen diese Kinder eine Sch\u00fclerfahrausweis und nutzen den \u00f6ffentlichen Nahverkehr.<br \/>\n<\/span><\/p>\n<p><span style=\"font-family: tahoma, arial, helvetica, sans-serif;font-size: 10pt\">Kinder, die im Baugebiet &#8222;Heinrich der L\u00f6we&#8220; wohnen, k\u00f6nnen auf Antrag auch an der Individualtaxibef\u00f6rderung teilnehmen.<\/span><\/p>\n<p><span style=\"font-family: tahoma,arial,helvetica,sans-serif;font-size: 10pt\">Wir raten dazu, dass die Kinder den Schulweg m\u00f6glichst schnell selbstst\u00e4ndig bew\u00e4ltigen, d.h. in Freundschafts- oder Nachbarschaftsgruppen, aber ohne Erwachsenenbegleitung.<\/span><\/p>\n<p><span style=\"font-family: tahoma,arial,helvetica,sans-serif;font-size: 10pt\">Wenn Sie Ihr Kind auf dem Schulweg begleiten, empfehlen wir &#8222;den Weg zu Fu\u00df&#8220;.<\/span><\/p>\n<p><span style=\"font-family: tahoma,arial,helvetica,sans-serif;font-size: 10pt\">Sollten Sie Ihr Kind in Ausnahmenf\u00e4llen mit dem Auto zur Schule bringen, beachten Sie bitte, dass in der Schulstra\u00dfe <em>vor<\/em> der Schule die Querung f\u00fcr die &#8222;zu Fu\u00df kommenden Kinder&#8220; ist. <\/span><\/p>\n<p><span style=\"font-family: tahoma,arial,helvetica,sans-serif;font-size: 10pt\">Ein guter Platz zum Aussteigen ist auf dem Parkplatz &#8222;Braunschweiger Stra\u00dfe&#8220; oder in der Schulstra\u00dfe auf dem Parkplatz zwischen den Hausnummern 5 und 6.<\/span><\/p>\n<p>Auf der Parksperrfl\u00e4che (gestreifte Fl\u00e4che) vor der Schule gilt Halteverbot.<\/p>\n<p><a href=\"http:\/\/wordpress.nibis.de\/gsrautheim\/a-bis-zett\/\"><span style=\"font-family: tahoma,arial,helvetica,sans-serif;font-size: 10pt\">zur\u00fcck<\/span><\/a><\/p>\n","protected":false},"excerpt":{"rendered":"<p>Die Eltern der Schulanf\u00e4ngerinnen und Schulanf\u00e4nger erhalten vor den Sommerferien einen aktuellen Schulwegplan, so dass der zu bew\u00e4ltigende Schulweg rechtzeitig einge\u00fcbt werden kann. Die Kinder aus der Siedlung Elmaussicht und aus der Helmstedter Stra\u00dfe werden mit einem Taxi zur Schule gefahren, solange sie die 1. Klasse besuchen. Ab Klasse 2 bekommen diese Kinder eine Sch\u00fclerfahrausweis &hellip; <a href=\"https:\/\/wordpress.nibis.de\/gsrautheim\/schulweg\/\" class=\"more-link\"><span class=\"screen-reader-text\">Schulweg<\/span> weiterlesen <span class=\"meta-nav\">&rarr;<\/span><\/a><\/p>\n","protected":false},"author":635,"featured_media":0,"parent":0,"menu_order":0,"comment_status":"closed","ping_status":"closed","template":"","meta":{"footnotes":""},"class_list":["post-661","page","type-page","status-publish","hentry"],"_links":{"self":[{"href":"https:\/\/wordpress.nibis.de\/gsrautheim\/wp-json\/wp\/v2\/pages\/661","targetHints":{"allow":["GET"]}}],"collection":[{"href":"https:\/\/wordpress.nibis.de\/gsrautheim\/wp-json\/wp\/v2\/pages"}],"about":[{"href":"https:\/\/wordpress.nibis.de\/gsrautheim\/wp-json\/wp\/v2\/types\/page"}],"author":[{"embeddable":true,"href":"https:\/\/wordpress.nibis.de\/gsrautheim\/wp-json\/wp\/v2\/users\/635"}],"replies":[{"embeddable":true,"href":"https:\/\/wordpress.nibis.de\/gsrautheim\/wp-json\/wp\/v2\/comments?post=661"}],"version-history":[{"count":5,"href":"https:\/\/wordpress.nibis.de\/gsrautheim\/wp-json\/wp\/v2\/pages\/661\/revisions"}],"predecessor-version":[{"id":6158,"href":"https:\/\/wordpress.nibis.de\/gsrautheim\/wp-json\/wp\/v2\/pages\/661\/revisions\/6158"}],"wp:attachment":[{"href":"https:\/\/wordpress.nibis.de\/gsrautheim\/wp-json\/wp\/v2\/media?parent=661"}],"curies":[{"name":"wp","href":"https:\/\/api.w.org\/{rel}","templated":true}]}}