{"id":6624,"date":"2026-04-21T11:47:03","date_gmt":"2026-04-21T10:47:03","guid":{"rendered":"https:\/\/wordpress.nibis.de\/gsrautheim\/?page_id=6624"},"modified":"2026-04-21T11:47:03","modified_gmt":"2026-04-21T10:47:03","slug":"elternabend","status":"publish","type":"page","link":"https:\/\/wordpress.nibis.de\/gsrautheim\/elternabend\/","title":{"rendered":"Elternabend"},"content":{"rendered":"<div class=\"wp-block-image\"><img loading=\"lazy\" decoding=\"async\" class=\"wpa-warning wpa-image-missing-alt alignnone size-medium wp-image-3730\" src=\"https:\/\/wordpress.nibis.de\/gsrautheim\/files\/2019\/07\/Einschulung-300x196.jpg\" alt=\"\" width=\"300\" height=\"196\" data-warning=\"Missing alt text\" \/><\/div>\n<p><span style=\"font-family: tahoma, arial, helvetica, sans-serif;font-size: 14pt\"><strong>Einladung zum 2. Elternabend unserer zuk\u00fcnftigen Erstkl\u00e4ssler\/innen<\/strong><\/span><\/p>\n<p><span style=\"font-family: tahoma, arial, helvetica, sans-serif\">Liebe Eltern und Erziehungsberechtigte,<\/span><\/p>\n<p><span style=\"font-family: tahoma, arial, helvetica, sans-serif\">wir m\u00f6chten Sie herzlich zu einem weiteren <strong>Elternabend<\/strong> einladen:<\/span><\/p>\n<p><span style=\"font-family: tahoma, arial, helvetica, sans-serif\">Wann: <strong>Donnerstag, den 07.05.2026 um 19:00 Uhr<\/strong><\/span><br \/>\n<span style=\"font-family: tahoma, arial, helvetica, sans-serif\">Wo: <strong>Aula der GS Rautheim<\/strong><\/span><\/p>\n<p><span style=\"font-family: tahoma, arial, helvetica, sans-serif\">Themen: <\/span><\/p>\n<ul>\n<li><span style=\"font-family: tahoma, arial, helvetica, sans-serif\">Ganztag<\/span><\/li>\n<li><span style=\"font-family: tahoma, arial, helvetica, sans-serif\">Mensa<\/span><\/li>\n<li><span style=\"font-family: tahoma, arial, helvetica, sans-serif\">Schulweg<\/span><\/li>\n<li><span style=\"font-family: tahoma, arial, helvetica, sans-serif\">Individualbef\u00f6rderung<\/span><\/li>\n<\/ul>\n<p>&nbsp;<\/p>\n<p><span style=\"font-family: tahoma, arial, helvetica, sans-serif\">Wir freuen uns sehr darauf, Sie zahlreich an diesem Abend in der Schule begr\u00fc\u00dfen<\/span><br \/>\n<span style=\"font-family: tahoma, arial, helvetica, sans-serif\">zu d\u00fcrfen.<\/span><\/p>\n<p><span style=\"font-family: tahoma, arial, helvetica, sans-serif\">Mit herzlichsten Gr\u00fc\u00dfen<\/span><br \/>\n<em><span style=\"font-family: tahoma, arial, helvetica, sans-serif\">gez.<\/span><\/em><br \/>\n<em><span style=\"font-family: tahoma, arial, helvetica, sans-serif\">Nina Kurek<\/span><\/em><br \/>\n<em><span style=\"font-family: tahoma, arial, helvetica, sans-serif\">Rektorin<\/span><\/em><\/p>\n<p><span style=\"font-family: tahoma, arial, helvetica, sans-serif\"><a href=\"https:\/\/wordpress.nibis.de\/gsrautheim\/files\/2026\/04\/ElternabendNr2_Einladung070526.pdf\">ElternabendNr2_Einladung070526<\/a><\/span><\/p>\n","protected":false},"excerpt":{"rendered":"<p>Einladung zum 2. Elternabend unserer zuk\u00fcnftigen Erstkl\u00e4ssler\/innen Liebe Eltern und Erziehungsberechtigte, wir m\u00f6chten Sie herzlich zu einem weiteren Elternabend einladen: Wann: Donnerstag, den 07.05.2026 um 19:00 Uhr Wo: Aula der GS Rautheim Themen: Ganztag Mensa Schulweg Individualbef\u00f6rderung &nbsp; Wir freuen uns sehr darauf, Sie zahlreich an diesem Abend in der Schule begr\u00fc\u00dfen zu d\u00fcrfen. Mit &hellip; <a href=\"https:\/\/wordpress.nibis.de\/gsrautheim\/elternabend\/\" class=\"more-link\"><span class=\"screen-reader-text\">Elternabend<\/span> weiterlesen <span class=\"meta-nav\">&rarr;<\/span><\/a><\/p>\n","protected":false},"author":635,"featured_media":0,"parent":0,"menu_order":0,"comment_status":"closed","ping_status":"closed","template":"","meta":{"footnotes":""},"class_list":["post-6624","page","type-page","status-publish","hentry"],"_links":{"self":[{"href":"https:\/\/wordpress.nibis.de\/gsrautheim\/wp-json\/wp\/v2\/pages\/6624","targetHints":{"allow":["GET"]}}],"collection":[{"href":"https:\/\/wordpress.nibis.de\/gsrautheim\/wp-json\/wp\/v2\/pages"}],"about":[{"href":"https:\/\/wordpress.nibis.de\/gsrautheim\/wp-json\/wp\/v2\/types\/page"}],"author":[{"embeddable":true,"href":"https:\/\/wordpress.nibis.de\/gsrautheim\/wp-json\/wp\/v2\/users\/635"}],"replies":[{"embeddable":true,"href":"https:\/\/wordpress.nibis.de\/gsrautheim\/wp-json\/wp\/v2\/comments?post=6624"}],"version-history":[{"count":1,"href":"https:\/\/wordpress.nibis.de\/gsrautheim\/wp-json\/wp\/v2\/pages\/6624\/revisions"}],"predecessor-version":[{"id":6626,"href":"https:\/\/wordpress.nibis.de\/gsrautheim\/wp-json\/wp\/v2\/pages\/6624\/revisions\/6626"}],"wp:attachment":[{"href":"https:\/\/wordpress.nibis.de\/gsrautheim\/wp-json\/wp\/v2\/media?parent=6624"}],"curies":[{"name":"wp","href":"https:\/\/api.w.org\/{rel}","templated":true}]}}