{"id":664,"date":"2014-12-27T19:53:43","date_gmt":"2014-12-27T18:53:43","guid":{"rendered":"http:\/\/wordpress.nibis.de\/gsrautheim\/?page_id=664"},"modified":"2014-12-27T19:54:08","modified_gmt":"2014-12-27T18:54:08","slug":"sport-und-schwimmunterricht","status":"publish","type":"page","link":"https:\/\/wordpress.nibis.de\/gsrautheim\/sport-und-schwimmunterricht\/","title":{"rendered":"Sport- und Schwimmunterricht"},"content":{"rendered":"<p><span style=\"font-family: tahoma,arial,helvetica,sans-serif;font-size: 10pt\">2012 erhielt die GS Rautheim erneut die Zertifizierung als sportfreundliche Schule. Der F\u00f6rderung der Bewegungsm\u00f6glichkeiten unserer Sch\u00fclerinnen und Sch\u00fcler ist ein wichtiger Baustein bei der Gestaltung des Schultags.<br \/>\n<a href=\"http:\/\/wordpress.nibis.de\/gsrautheim\/arbeitsgemeinschaften\/\">Arbeitsgemeinschaften<\/a><br \/>\n<\/span><\/p>\n<p><span style=\"font-family: tahoma,arial,helvetica,sans-serif;font-size: 10pt\">Der Schwimmunterricht findet im 3. Schuljahr statt und wird von einer daf\u00fcr ausgebildeten Lehrkraft im Heidbergbad (Hallenbad) durchgef\u00fchrt und einer weiteren Lehrkraft oder p\u00e4dagogischer Mitarbeiterin begleitet. Da dieser Unterricht nur f\u00fcr einen kurzen Zeitraum erteilt werden kann, ist es sehr hilfreich, wenn die Kinder zu Beginn der 3. Klasse bereits \u00fcber das Seepferdchen verf\u00fcgen und schon einige Bahnen im tiefen Wasser schwimmen k\u00f6nnen.<\/span><\/p>\n<p><span style=\"font-size: 12pt\"><strong><span style=\"font-family: tahoma,arial,helvetica,sans-serif\">Hinweise f\u00fcr den Sport- und Schwimmunterricht<\/span><\/strong><\/span><\/p>\n<ul>\n<li><span style=\"font-family: tahoma,arial,helvetica,sans-serif;font-size: 10pt\"><strong>Teilnahme\/Nichtteilnahme<\/strong><br \/>\nDie Teilnahme am Sportunterricht ist Pflicht. Auch Schwimmunterricht ist Sportunterricht. Unser Ziel ist es, dass alle Kinder Sicherheit im Schwimmen erwerben und die Grundschule m\u00f6glichst mit dem Schwimmabzeichen Bronze verlassen.<\/span><\/li>\n<li><span style=\"font-family: tahoma,arial,helvetica,sans-serif;font-size: 10pt\"><strong>Entschuldigungen<br \/>\n<\/strong><\/span><span style=\"font-family: tahoma,arial,helvetica,sans-serif;font-size: 10pt\">F\u00fcr eine Nichtteilnahme beim Sportunterricht sind Entschuldigungen in der Regel schriftlich vor dem Unterricht bei der Sportlehrerin vorzulegen. Bei sehr h\u00e4ufiger Nichtteilnahme kann die Schulleitung ein \u00e4rztliches Attest einfordern.<\/span><span style=\"font-family: tahoma,arial,helvetica,sans-serif;font-size: 10pt\">\u00a0<\/span><\/li>\n<li><span style=\"font-family: tahoma,arial,helvetica,sans-serif;font-size: 10pt\"><strong>Bekleidung<br \/>\n<\/strong>Bitte achten Sie darauf, dass Ihr Kind zweckm\u00e4\u00dfige Kleidung mitbringt. Dazu geh\u00f6ren im Sportunterricht T-Shirt, Sporthose und Sportschuhe. F\u00fcr die Halle sollen feste Hallenschuhe mit heller Sohle verwendet werden. F\u00fcr den Sportunterricht im Freien ben\u00f6tigen die Kinder separates Schuhwerk. Die Sportkleidung sollte regelm\u00e4\u00dfig gewaschen werden. Aus diesem Grund sollte das Sportzeug sp\u00e4testens freitags mit nach Hause genommen werden. F\u00fcr den Schwimmunterricht folgt im 3. Schuljahr eine zus\u00e4tzliche Information in Form eines Elternbriefes.<\/span><span style=\"font-family: tahoma,arial,helvetica,sans-serif;font-size: 10pt\">\u00a0<\/span><\/li>\n<li><span style=\"font-family: tahoma,arial,helvetica,sans-serif;font-size: 10pt\"><strong>Schmuck und Uhren<br \/>\n<\/strong>Schmuck und Uhren m\u00fcssen aufgrund der Verletzungsgefahr vor dem Sportunterricht bzw. Schwimmunterricht abgenommen werden. Es w\u00e4re deshalb hilfreich, wenn Ihr Kind an diesen Tagen Uhr und Schmuck zu Hause lassen w\u00fcrde.<br \/>\n<\/span><span style=\"font-family: tahoma,arial,helvetica,sans-serif;font-size: 10pt\">Auch Ohrstecker sind nicht ungef\u00e4hrlich und m\u00fcssen entfernt oder mit einem Pflaster abgedeckt werden.<\/span><\/li>\n<li><span style=\"font-family: tahoma,arial,helvetica,sans-serif;font-size: 10pt\">\u00a0<\/span><span style=\"font-family: tahoma,arial,helvetica,sans-serif;font-size: 10pt\"><strong>Brillen<br \/>\n<\/strong><\/span><span style=\"font-family: tahoma,arial,helvetica,sans-serif;font-size: 10pt\">Kinder, die eine Brille tragen, m\u00fcssen im Sportunterricht auf jeden Fall eine Sportbrille tragen oder ihre Brille im Etui in der Umkleidekabine\/ bei der Lehrkraft lassen.<br \/>\n<\/span><\/li>\n<li><span style=\"font-family: tahoma,arial,helvetica,sans-serif;font-size: 10pt\"><strong>Lange Haare<br \/>\n<\/strong><\/span><span style=\"font-family: tahoma,arial,helvetica,sans-serif;font-size: 10pt\">Kinder mit langen Haaren m\u00fcssen im Sport- und Schwimmunterricht ihre Haare zusammenbinden, da offene Haare hinderlich und gef\u00e4hrlich sind.<\/span><\/li>\n<\/ul>\n<p><span style=\"font-family: tahoma,arial,helvetica,sans-serif;font-size: 10pt\">\u00a0<a href=\"http:\/\/wordpress.nibis.de\/gsrautheim\/a-bis-zett\/\">zur\u00fcck<\/a><\/span><\/p>\n","protected":false},"excerpt":{"rendered":"<p>2012 erhielt die GS Rautheim erneut die Zertifizierung als sportfreundliche Schule. Der F\u00f6rderung der Bewegungsm\u00f6glichkeiten unserer Sch\u00fclerinnen und Sch\u00fcler ist ein wichtiger Baustein bei der Gestaltung des Schultags. Arbeitsgemeinschaften Der Schwimmunterricht findet im 3. Schuljahr statt und wird von einer daf\u00fcr ausgebildeten Lehrkraft im Heidbergbad (Hallenbad) durchgef\u00fchrt und einer weiteren Lehrkraft oder p\u00e4dagogischer Mitarbeiterin begleitet. &hellip; <a href=\"https:\/\/wordpress.nibis.de\/gsrautheim\/sport-und-schwimmunterricht\/\" class=\"more-link\"><span class=\"screen-reader-text\">Sport- und Schwimmunterricht<\/span> weiterlesen <span class=\"meta-nav\">&rarr;<\/span><\/a><\/p>\n","protected":false},"author":635,"featured_media":0,"parent":0,"menu_order":0,"comment_status":"closed","ping_status":"closed","template":"","meta":{"footnotes":""},"class_list":["post-664","page","type-page","status-publish","hentry"],"_links":{"self":[{"href":"https:\/\/wordpress.nibis.de\/gsrautheim\/wp-json\/wp\/v2\/pages\/664","targetHints":{"allow":["GET"]}}],"collection":[{"href":"https:\/\/wordpress.nibis.de\/gsrautheim\/wp-json\/wp\/v2\/pages"}],"about":[{"href":"https:\/\/wordpress.nibis.de\/gsrautheim\/wp-json\/wp\/v2\/types\/page"}],"author":[{"embeddable":true,"href":"https:\/\/wordpress.nibis.de\/gsrautheim\/wp-json\/wp\/v2\/users\/635"}],"replies":[{"embeddable":true,"href":"https:\/\/wordpress.nibis.de\/gsrautheim\/wp-json\/wp\/v2\/comments?post=664"}],"version-history":[{"count":2,"href":"https:\/\/wordpress.nibis.de\/gsrautheim\/wp-json\/wp\/v2\/pages\/664\/revisions"}],"predecessor-version":[{"id":666,"href":"https:\/\/wordpress.nibis.de\/gsrautheim\/wp-json\/wp\/v2\/pages\/664\/revisions\/666"}],"wp:attachment":[{"href":"https:\/\/wordpress.nibis.de\/gsrautheim\/wp-json\/wp\/v2\/media?parent=664"}],"curies":[{"name":"wp","href":"https:\/\/api.w.org\/{rel}","templated":true}]}}