{"id":670,"date":"2014-12-27T19:59:46","date_gmt":"2014-12-27T18:59:46","guid":{"rendered":"http:\/\/wordpress.nibis.de\/gsrautheim\/?page_id=670"},"modified":"2025-05-29T21:27:07","modified_gmt":"2025-05-29T20:27:07","slug":"sprechtage","status":"publish","type":"page","link":"https:\/\/wordpress.nibis.de\/gsrautheim\/sprechtage\/","title":{"rendered":"Sprechtage"},"content":{"rendered":"<p><span style=\"font-family: tahoma,arial,helvetica,sans-serif;font-size: 10pt\">Seit dem Schuljahr 2015\/16 bieten wir im Herbst und im Fr\u00fchjahr jeweils Sprechzeiten in einer Sprechtagswoche an.<\/span><\/p>\n<p><span style=\"font-family: tahoma,arial,helvetica,sans-serif;font-size: 10pt\">Die Terminvergabe erfolgt nun nicht mehr \u00fcber Listen, sondern \u00fcber das IServ- Modul &#8222;Sprechtage&#8220;. Dies gilt auch f\u00fcr die Gespr\u00e4che mit den Fachlehrerinnen. Wir empfehlen Gespr\u00e4che zwischen Eltern, Lehrerinnen <strong>und<\/strong> Kindern.<br \/>\n<\/span><\/p>\n<p><span style=\"font-family: tahoma,arial,helvetica,sans-serif;font-size: 10pt\">Nat\u00fcrlich stehen wir Ihnen auch zu anderen Zeiten innerhalb des Schuljahres f\u00fcr Gespr\u00e4che nach Vereinbarung zur Verf\u00fcgung. <\/span><\/p>\n<p><a href=\"http:\/\/wordpress.nibis.de\/gsrautheim\/a-bis-zett\/\"><span style=\"font-family: tahoma,arial,helvetica,sans-serif;font-size: 10pt\">zur\u00fcck<\/span><\/a><\/p>\n","protected":false},"excerpt":{"rendered":"<p>Seit dem Schuljahr 2015\/16 bieten wir im Herbst und im Fr\u00fchjahr jeweils Sprechzeiten in einer Sprechtagswoche an. Die Terminvergabe erfolgt nun nicht mehr \u00fcber Listen, sondern \u00fcber das IServ- Modul &#8222;Sprechtage&#8220;. Dies gilt auch f\u00fcr die Gespr\u00e4che mit den Fachlehrerinnen. Wir empfehlen Gespr\u00e4che zwischen Eltern, Lehrerinnen und Kindern. Nat\u00fcrlich stehen wir Ihnen auch zu anderen &hellip; <a href=\"https:\/\/wordpress.nibis.de\/gsrautheim\/sprechtage\/\" class=\"more-link\"><span class=\"screen-reader-text\">Sprechtage<\/span> weiterlesen <span class=\"meta-nav\">&rarr;<\/span><\/a><\/p>\n","protected":false},"author":635,"featured_media":0,"parent":0,"menu_order":0,"comment_status":"closed","ping_status":"closed","template":"","meta":{"footnotes":""},"class_list":["post-670","page","type-page","status-publish","hentry"],"_links":{"self":[{"href":"https:\/\/wordpress.nibis.de\/gsrautheim\/wp-json\/wp\/v2\/pages\/670","targetHints":{"allow":["GET"]}}],"collection":[{"href":"https:\/\/wordpress.nibis.de\/gsrautheim\/wp-json\/wp\/v2\/pages"}],"about":[{"href":"https:\/\/wordpress.nibis.de\/gsrautheim\/wp-json\/wp\/v2\/types\/page"}],"author":[{"embeddable":true,"href":"https:\/\/wordpress.nibis.de\/gsrautheim\/wp-json\/wp\/v2\/users\/635"}],"replies":[{"embeddable":true,"href":"https:\/\/wordpress.nibis.de\/gsrautheim\/wp-json\/wp\/v2\/comments?post=670"}],"version-history":[{"count":6,"href":"https:\/\/wordpress.nibis.de\/gsrautheim\/wp-json\/wp\/v2\/pages\/670\/revisions"}],"predecessor-version":[{"id":6161,"href":"https:\/\/wordpress.nibis.de\/gsrautheim\/wp-json\/wp\/v2\/pages\/670\/revisions\/6161"}],"wp:attachment":[{"href":"https:\/\/wordpress.nibis.de\/gsrautheim\/wp-json\/wp\/v2\/media?parent=670"}],"curies":[{"name":"wp","href":"https:\/\/api.w.org\/{rel}","templated":true}]}}