{"id":675,"date":"2014-12-27T20:07:45","date_gmt":"2014-12-27T19:07:45","guid":{"rendered":"http:\/\/wordpress.nibis.de\/gsrautheim\/?page_id=675"},"modified":"2025-05-29T21:28:39","modified_gmt":"2025-05-29T20:28:39","slug":"streitschlichter","status":"publish","type":"page","link":"https:\/\/wordpress.nibis.de\/gsrautheim\/streitschlichter\/","title":{"rendered":"Streitschlichter"},"content":{"rendered":"<p>Frau Grelle ist im Ruhestand.<\/p>\n<p>Die Arbeit mit den Streitschlichern hat Frau V\u00f6lker \u00fcbernommen.<\/p>\n<p>Die \u00dcberarbietung dieser Seite folgt.<\/p>\n<p>&nbsp;<\/p>\n<p><span style=\"font-family: tahoma,arial,helvetica,sans-serif;font-size: 10pt\"><span style=\"font-size: 12pt\"><strong>\u00a0<\/strong><\/span><\/span><\/p>\n<p><span style=\"font-family: tahoma, arial, helvetica, sans-serif\"><strong><u>Die &#8222;neuen&#8220;\u00a0<\/u><\/strong><strong><u>Streitschlichterinnen und Streitschlichter\u00a0<\/u><\/strong><\/span><\/p>\n<p><span style=\"font-family: tahoma, arial, helvetica, sans-serif\"><strong><u>\u00a0sind ab sofort (September 2023) einsatzbereit.<\/u><\/strong><\/span><\/p>\n<p><span style=\"font-family: tahoma, arial, helvetica, sans-serif\"><strong>Maya, Charlie, Lilli, Enno, Amelie, Leni, Felix<\/strong><strong> aus der 4a<\/strong><\/span><\/p>\n<p><span style=\"font-family: tahoma, arial, helvetica, sans-serif\"><strong>und<\/strong><\/span><\/p>\n<p><span style=\"font-family: tahoma, arial, helvetica, sans-serif\"><strong>Erik, Hilda, Finja, Nele und Charlotte<\/strong><strong> aus der 4b<\/strong><\/span><\/p>\n<p><span style=\"font-family: tahoma, arial, helvetica, sans-serif\"><strong>\u00a0<\/strong>sind <strong>die<\/strong> &#8222;neuen&#8220; <strong>Streitschlichterinnen und Streitschlichter an unserer Grundschule Rautheim<\/strong>.<\/span><\/p>\n<p><span style=\"font-family: tahoma, arial, helvetica, sans-serif\">Sie k\u00f6nnen ab sofort Kindern bei der Kl\u00e4rung ihrer Streitigkeiten helfen.<\/span><\/p>\n<p><span style=\"font-family: tahoma, arial, helvetica, sans-serif\">Seit Beginn des 2. Halbjahrs 2022\/23 arbeiteten alle regelm\u00e4\u00dfig mittwochs von 13.05-13.50 Uhr in der Streitschlichter-AG mit.<\/span><\/p>\n<p><span style=\"font-family: tahoma, arial, helvetica, sans-serif\">Hier dachten sie \u00fcber Streitanl\u00e4sse zwischen Kindern in der Schule nach.<\/span><\/p>\n<ul>\n<li><span style=\"font-family: tahoma, arial, helvetica, sans-serif\">Wie f\u00fchlen sich die streitenden Kinder?<\/span><\/li>\n<li><span style=\"font-family: tahoma, arial, helvetica, sans-serif\">Kenne ich diese Gef\u00fchle und \u00e4rgerlichen Gedanken auch?<\/span><\/li>\n<\/ul>\n<p><span style=\"font-family: tahoma, arial, helvetica, sans-serif\">Sie lernten den Ablauf eines Streitschlichtungsgespr\u00e4chs auswendig. (Regeln und Fragen)<\/span><\/p>\n<p><span style=\"font-family: tahoma, arial, helvetica, sans-serif\">Vieles mehr wurde besprochen und oft in Rollenspielen ge\u00fcbt.<\/span><\/p>\n<p><span style=\"font-family: tahoma, arial, helvetica, sans-serif\">Zum Abschluss zeigten alle Teilnehmenden in einer Pr\u00fcfung, dass sie ein strukturiertes Streitschlichtungsgespr\u00e4ch anleiten k\u00f6nnen.<\/span><\/p>\n<p><span style=\"font-family: tahoma, arial, helvetica, sans-serif\">Vor den Sommerferien stellten die Streitschlichterinnen und Streitschlichter sich und ihre Arbeitsweise zu zweit in allen Klassen der Schule vor.<\/span><\/p>\n<p><span style=\"font-family: tahoma, arial, helvetica, sans-serif\">Sie bieten <strong>Streitschlichtungstermine in jeder 1. gro\u00dfen Pause<\/strong> (nach Absprache)<\/span><\/p>\n<p><span style=\"font-family: tahoma, arial, helvetica, sans-serif\">im Gespr\u00e4chsraum in der Aula an.<\/span><\/p>\n<p><span style=\"font-family: tahoma, arial, helvetica, sans-serif\">Nat\u00fcrlich freuen sie sich, wenn sie angesprochen werden und<\/span><\/p>\n<p><span style=\"font-family: tahoma, arial, helvetica, sans-serif\">das friedliche Miteinander in unserer Schule unterst\u00fctzen k\u00f6nnen.<\/span><\/p>\n<p><span style=\"font-family: tahoma, arial, helvetica, sans-serif\"><u>So l\u00e4uft ein Streitschlichtungsgespr\u00e4ch:<\/u><\/span><\/p>\n<p><span style=\"font-family: tahoma, arial, helvetica, sans-serif\">Es wird\u00a0 <strong>gemeinsam<\/strong> eine L\u00f6sung gefunden,<\/span><\/p>\n<p><span style=\"font-family: tahoma, arial, helvetica, sans-serif\">mit der sich <strong>beide<\/strong> wohl f\u00fchlen.<\/span><\/p>\n<p><span style=\"font-family: tahoma, arial, helvetica, sans-serif\">Dann k\u00f6nnen sie wieder respektvoll, friedlich, freundlich miteinander umgehen.<\/span><\/p>\n<p><span style=\"font-family: tahoma, arial, helvetica, sans-serif\"><strong><u>Wichtig<\/u><\/strong>: <strong>Kein Kind muss<\/strong> bei einer Streitschlichtung, <strong>Vorw\u00fcrfe oder<\/strong> <strong>Strafen bef\u00fcrchten<\/strong>.<\/span><\/p>\n<p><span style=\"font-family: tahoma, arial, helvetica, sans-serif\">Kinder, die sich vielleicht schuldig f\u00fchlen, weil sie genau wissen, dass sie sich nicht richtig verhalten haben,\u00a0 haben einfach nur die M\u00f6glichkeit, es ab sofort besser zu machen.<\/span><\/p>\n<p><span style=\"font-family: tahoma, arial, helvetica, sans-serif\">Es wird nicht \u00fcber Schuld gesprochen und es gibt keine Strafen.<\/span><\/p>\n<p><span style=\"font-family: tahoma, arial, helvetica, sans-serif\">Das\u00a0 <strong>Ziel<\/strong> ist, den <strong>Streit <\/strong>zu<strong> beenden<\/strong>, also wieder <strong>friedlich\/freundlich<\/strong> <strong>miteinander umzugehen<\/strong> und sich wieder <strong>wohl <\/strong>zu <strong>f\u00fchlen<\/strong>.<\/span><\/p>\n<p style=\"text-align: right\">S. Grelle<\/p>\n<figure id=\"attachment_1844\" aria-describedby=\"caption-attachment-1844\" style=\"width: 100px\" class=\"wp-caption alignleft\"><a href=\"https:\/\/wordpress.nibis.de\/gsrautheim\/files\/2020\/09\/2020-9-2-Elterninfo-Streitschlichter-AG.pdf\" target=\"_blank\" rel=\"noopener noreferrer\"><img loading=\"lazy\" decoding=\"async\" class=\"wp-image-1844 size-full\" src=\"http:\/\/wordpress.nibis.de\/gsrautheim\/files\/2014\/11\/Archiv-e1447359244701.jpg\" alt=\"Archiv\" width=\"100\" height=\"117\" \/><\/a><figcaption id=\"caption-attachment-1844\" class=\"wp-caption-text\">Elterninfo Streitschlichter<\/figcaption><\/figure>\n<p>&nbsp;<\/p>\n<p>&nbsp;<\/p>\n<p>&nbsp;<\/p>\n<p>&nbsp;<\/p>\n<p>&nbsp;<\/p>\n<p><a href=\"http:\/\/wordpress.nibis.de\/gsrautheim\/a-bis-zett\/\"><span style=\"font-family: tahoma,arial,helvetica,sans-serif;font-size: 10pt\">zur\u00fcck<\/span><\/a><\/p>\n","protected":false},"excerpt":{"rendered":"<p>Frau Grelle ist im Ruhestand. Die Arbeit mit den Streitschlichern hat Frau V\u00f6lker \u00fcbernommen. Die \u00dcberarbietung dieser Seite folgt. &nbsp; \u00a0 Die &#8222;neuen&#8220;\u00a0Streitschlichterinnen und Streitschlichter\u00a0 \u00a0sind ab sofort (September 2023) einsatzbereit. Maya, Charlie, Lilli, Enno, Amelie, Leni, Felix aus der 4a und Erik, Hilda, Finja, Nele und Charlotte aus der 4b \u00a0sind die &#8222;neuen&#8220; Streitschlichterinnen &hellip; <a href=\"https:\/\/wordpress.nibis.de\/gsrautheim\/streitschlichter\/\" class=\"more-link\"><span class=\"screen-reader-text\">Streitschlichter<\/span> weiterlesen <span class=\"meta-nav\">&rarr;<\/span><\/a><\/p>\n","protected":false},"author":635,"featured_media":0,"parent":0,"menu_order":0,"comment_status":"closed","ping_status":"closed","template":"","meta":{"footnotes":""},"class_list":["post-675","page","type-page","status-publish","hentry"],"_links":{"self":[{"href":"https:\/\/wordpress.nibis.de\/gsrautheim\/wp-json\/wp\/v2\/pages\/675","targetHints":{"allow":["GET"]}}],"collection":[{"href":"https:\/\/wordpress.nibis.de\/gsrautheim\/wp-json\/wp\/v2\/pages"}],"about":[{"href":"https:\/\/wordpress.nibis.de\/gsrautheim\/wp-json\/wp\/v2\/types\/page"}],"author":[{"embeddable":true,"href":"https:\/\/wordpress.nibis.de\/gsrautheim\/wp-json\/wp\/v2\/users\/635"}],"replies":[{"embeddable":true,"href":"https:\/\/wordpress.nibis.de\/gsrautheim\/wp-json\/wp\/v2\/comments?post=675"}],"version-history":[{"count":14,"href":"https:\/\/wordpress.nibis.de\/gsrautheim\/wp-json\/wp\/v2\/pages\/675\/revisions"}],"predecessor-version":[{"id":6162,"href":"https:\/\/wordpress.nibis.de\/gsrautheim\/wp-json\/wp\/v2\/pages\/675\/revisions\/6162"}],"wp:attachment":[{"href":"https:\/\/wordpress.nibis.de\/gsrautheim\/wp-json\/wp\/v2\/media?parent=675"}],"curies":[{"name":"wp","href":"https:\/\/api.w.org\/{rel}","templated":true}]}}