{"id":82,"date":"2014-11-20T16:14:23","date_gmt":"2014-11-20T15:14:23","guid":{"rendered":"http:\/\/wordpress.nibis.de\/gsrautheim\/?page_id=82"},"modified":"2024-01-18T11:30:21","modified_gmt":"2024-01-18T10:30:21","slug":"schulelternrat","status":"publish","type":"page","link":"https:\/\/wordpress.nibis.de\/gsrautheim\/schulelternrat\/","title":{"rendered":"Elternvertreter im Schulvorstand"},"content":{"rendered":"<p><span style=\"font-family: tahoma,arial,helvetica,sans-serif;font-size: 10pt\">Seit den 80er Jahren gab und gibt es Bestrebungen, die Flut der Verordnungen und Erlasse f\u00fcr die Schulen einzud\u00e4mmen.In allen erfolgreichen PISA-L\u00e4ndern haben die Schulen einen viel gr\u00f6\u00dferen Handlungsspielraum und -freiraum als in Niedersachsen.<\/span><\/p>\n<h3><span style=\"font-family: tahoma,arial,helvetica,sans-serif;font-size: 10pt\">Ziele der Eigenverantwortlichen Schule :<\/span><\/h3>\n<ul>\n<li><span style=\"font-family: tahoma,arial,helvetica,sans-serif;font-size: 10pt\">Steigerung der Qualit\u00e4t und der Quote von Abschl\u00fcssen<\/span><\/li>\n<li><span style=\"font-family: tahoma,arial,helvetica,sans-serif;font-size: 10pt\">Verbesserung der Qualit\u00e4t der Schule und des Unterrichts<\/span><\/li>\n<li><span style=\"font-family: tahoma,arial,helvetica,sans-serif;font-size: 10pt\">Erh\u00f6hung der Zufriedenheit aller an der Schule Beteiligten<\/span><\/li>\n<li><span style=\"font-family: tahoma,arial,helvetica,sans-serif;font-size: 10pt\">Wahrnehmen der Verantwortung f\u00fcr die individuelle Lernentwicklung und F\u00f6rderung der Sch\u00fclerinnen und Sch\u00fcler<\/span><\/li>\n<\/ul>\n<h3><strong><span style=\"font-family: tahoma,arial,helvetica,sans-serif;font-size: 10pt\">Schulvorstand in der eigenverantwortlichen Schule<\/span><\/strong><\/h3>\n<p><span style=\"font-family: tahoma,arial,helvetica,sans-serif;font-size: 10pt\">Der Schulvorstand macht einen Vorschlag f\u00fcr das Schulprogramm (= Instrument zur Qualit\u00e4tsentwicklung).<\/span><\/p>\n<p><span style=\"font-family: tahoma,arial,helvetica,sans-serif;font-size: 10pt\">Es gibt an unserer Schule acht stimmberechtigte Mitglieder &#8211; vier Lehrkr\u00e4fte und vier Erziehungsberechtigte. Drei weitere integrierte Erziehungsberechtigte arbeiten im Team der Elternschaft mit und sind deren Stellvertreter.<\/span><\/p>\n<p><span style=\"font-family: tahoma,arial,helvetica,sans-serif;font-size: 10pt\">Der Schulvorstand entscheidet u. a. \u00fcber:<\/span><\/p>\n<ul>\n<li><span style=\"font-family: tahoma,arial,helvetica,sans-serif;font-size: 10pt\">Die Inanspruchnahme der Entscheidungsspielr\u00e4ume<\/span><\/li>\n<li><span style=\"font-family: tahoma,arial,helvetica,sans-serif;font-size: 10pt\">Den Plan \u00fcber die Verwendung der Haushaltsmittel<\/span><\/li>\n<li><span style=\"font-family: tahoma,arial,helvetica,sans-serif;font-size: 10pt\">Die Ausgestaltung der Stundentafel<\/span><\/li>\n<li><span style=\"font-family: tahoma,arial,helvetica,sans-serif;font-size: 10pt\">Die Antr\u00e4ge auf Genehmigung von Schulversuchen<\/span><\/li>\n<li><span style=\"font-family: tahoma,arial,helvetica,sans-serif;font-size: 10pt\">Die Grunds\u00e4tze f\u00fcr die Durchf\u00fchrung der Projektwochen<\/span><\/li>\n<li><span style=\"font-family: tahoma,arial,helvetica,sans-serif;font-size: 10pt\">Die Grunds\u00e4tze f\u00fcr Werbung und Sponsoring in der Schule<\/span><\/li>\n<li><span style=\"font-family: tahoma,arial,helvetica,sans-serif;font-size: 10pt\">Die Grunds\u00e4tze f\u00fcr die j\u00e4hrliche \u00dcberpr\u00fcfung der Arbeit an der Schule<\/span><\/li>\n<\/ul>\n<p><span style=\"font-size: 10pt\"><strong>Elternvertreter\/innen im Schulvorstand der GS Rautheim<\/strong><\/span><span style=\"font-family: tahoma,arial,helvetica,sans-serif;font-size: 10pt\"><strong><br \/>\n<\/strong><\/span><\/p>\n<p style=\"text-align: center\"><span style=\"font-size: 10pt\">Julia Probst<br \/>\n<\/span><span style=\"font-size: 10pt\">Jutta Koll<br \/>\n<\/span><span style=\"font-size: 10pt\">Gabi Ketelsen<br \/>\n<\/span><span style=\"font-size: 10pt\">Thomas Franken<\/span><\/p>\n<p><span style=\"font-family: tahoma,arial,helvetica,sans-serif;font-size: 10pt\"><strong>Stellvertreter\/innen<\/strong>:<\/span><\/p>\n<p style=\"text-align: center\"><span style=\"font-size: 10pt\">Viktor Siffermann<br \/>\n<\/span><span style=\"font-size: 10pt\">Katharina Prill<\/span><\/p>\n<h3><strong><span style=\"font-family: tahoma,arial,helvetica,sans-serif;font-size: 10pt\">Wahl des Schulvorstands<\/span><\/strong><\/h3>\n<p><span style=\"font-family: tahoma,arial,helvetica,sans-serif;font-size: 10pt\">Der Schulvorstand wird von den Elternvertretern der einzelnen Klassen in der Schulelternratssitzung f\u00fcr jeweils 2 Jahre gew\u00e4hlt. Jeder Erziehungsberechtigte, dessen Kind die Grundschule Rautheim besucht, kann sich zur Wahl aufstellen lassen.<\/span><\/p>\n<h3><span style=\"font-family: tahoma,arial,helvetica,sans-serif;font-size: 10pt\">Allgemeine Infos \u00fcber den Schulvorstand im Internet<\/span><\/h3>\n<p><span style=\"font-family: tahoma,arial,helvetica,sans-serif;font-size: 10pt\"><a href=\"http:\/\/www.stadtelternrat.de\">http:\/\/www.stadtelternrat.de<\/a><\/span><\/p>\n<h3><span style=\"font-family: tahoma,arial,helvetica,sans-serif;font-size: 10pt\">Weitere Infos \u00fcber den Rautheimer Schulvorstand<\/span><\/h3>\n<p><span style=\"font-family: tahoma,arial,helvetica,sans-serif;font-size: 10pt\">Bitte nehmen Sie bei Fragen Kontakt per E-Mail oder pers\u00f6nlich mit den Elternvertretern des Schulvorstands auf. Wir informieren Sie gerne n\u00e4her.<\/span><\/p>\n<p><span style=\"font-family: tahoma,arial,helvetica,sans-serif;font-size: 10pt\"><em>Die Elternvertreter des Schulvorstands der GS Rautheim<\/em><\/span><br \/>\n<span style=\"font-family: tahoma,arial,helvetica,sans-serif;font-size: 10pt\"> <em> Schulstra\u00dfe 7<\/em><\/span><br \/>\n<span style=\"font-family: tahoma,arial,helvetica,sans-serif;font-size: 10pt\"> <em> 38126 Braunschweig<span class=\"ff1 fc0 fs12 \"><br \/>\n<\/span><\/em><\/span><\/p>\n","protected":false},"excerpt":{"rendered":"<p>Seit den 80er Jahren gab und gibt es Bestrebungen, die Flut der Verordnungen und Erlasse f\u00fcr die Schulen einzud\u00e4mmen.In allen erfolgreichen PISA-L\u00e4ndern haben die Schulen einen viel gr\u00f6\u00dferen Handlungsspielraum und -freiraum als in Niedersachsen. Ziele der Eigenverantwortlichen Schule : Steigerung der Qualit\u00e4t und der Quote von Abschl\u00fcssen Verbesserung der Qualit\u00e4t der Schule und des Unterrichts &hellip; <a href=\"https:\/\/wordpress.nibis.de\/gsrautheim\/schulelternrat\/\" class=\"more-link\"><span class=\"screen-reader-text\">Elternvertreter im Schulvorstand<\/span> weiterlesen <span class=\"meta-nav\">&rarr;<\/span><\/a><\/p>\n","protected":false},"author":635,"featured_media":0,"parent":0,"menu_order":0,"comment_status":"closed","ping_status":"closed","template":"","meta":{"footnotes":""},"class_list":["post-82","page","type-page","status-publish","hentry"],"_links":{"self":[{"href":"https:\/\/wordpress.nibis.de\/gsrautheim\/wp-json\/wp\/v2\/pages\/82","targetHints":{"allow":["GET"]}}],"collection":[{"href":"https:\/\/wordpress.nibis.de\/gsrautheim\/wp-json\/wp\/v2\/pages"}],"about":[{"href":"https:\/\/wordpress.nibis.de\/gsrautheim\/wp-json\/wp\/v2\/types\/page"}],"author":[{"embeddable":true,"href":"https:\/\/wordpress.nibis.de\/gsrautheim\/wp-json\/wp\/v2\/users\/635"}],"replies":[{"embeddable":true,"href":"https:\/\/wordpress.nibis.de\/gsrautheim\/wp-json\/wp\/v2\/comments?post=82"}],"version-history":[{"count":22,"href":"https:\/\/wordpress.nibis.de\/gsrautheim\/wp-json\/wp\/v2\/pages\/82\/revisions"}],"predecessor-version":[{"id":5828,"href":"https:\/\/wordpress.nibis.de\/gsrautheim\/wp-json\/wp\/v2\/pages\/82\/revisions\/5828"}],"wp:attachment":[{"href":"https:\/\/wordpress.nibis.de\/gsrautheim\/wp-json\/wp\/v2\/media?parent=82"}],"curies":[{"name":"wp","href":"https:\/\/api.w.org\/{rel}","templated":true}]}}