{"id":84,"date":"2014-11-20T16:14:56","date_gmt":"2014-11-20T15:14:56","guid":{"rendered":"http:\/\/wordpress.nibis.de\/gsrautheim\/?page_id=84"},"modified":"2025-08-25T15:40:28","modified_gmt":"2025-08-25T14:40:28","slug":"schulkindbetreuung","status":"publish","type":"page","link":"https:\/\/wordpress.nibis.de\/gsrautheim\/schulkindbetreuung\/","title":{"rendered":"Deutsches Rotes Kreuz"},"content":{"rendered":"<div id=\"imPage\">\n<div id=\"imCel0_01\">\n<div id=\"imCel0_01_Cont\">\n<div id=\"imObj0_01\">\n<p><span style=\"font-family: tahoma, arial, helvetica, sans-serif;font-size: 10pt\"><strong>\u00a0<\/strong><\/span><strong><span style=\"font-family: tahoma, arial, helvetica, sans-serif\">DRK (vormals: Schulkindbetreuung)<\/span><\/strong><\/p>\n<p><span style=\"font-family: tahoma, arial, helvetica, sans-serif;font-size: 10pt\">Die Grundschule Rautheim wird ab dem Schuljahr 2023\/24 zur Offenen Ganztagsschule (OGT Rautheim).<\/span><br \/>\n<span style=\"font-family: tahoma, arial, helvetica, sans-serif;font-size: 10pt\">Im Rahmen des Braunschweiger Modells bietet die Grundschule eine \u201eGanztagsbetreuung\u201c in Kooperation mit den Tr\u00e4gern Rotkreuz-Kreisverband Braunschweig-Salzgitter e.V. (DRK) und Kinder- und Jugendzentrum Rautheim an.<br \/>\nAnmeldungen f\u00fcr die Ganztagsbetreuung sind daher nur noch direkt \u00fcber die Schule m\u00f6glich. Auf der Internetseite der Schule finden Sie auch weitere Informationen zur Offenen Ganztagsgrundschule sowie den Kontakt zur Grundschule Rautheim.<\/span><\/p>\n<p><span style=\"font-family: tahoma, arial, helvetica, sans-serif;font-size: 10pt\">Deutsches Rotes Kreuz<\/span><br \/>\n<span style=\"font-family: tahoma, arial, helvetica, sans-serif;font-size: 10pt\"> Kreisverband Braunschweig-Salzgitter e.V.<\/span><br \/>\n<span style=\"font-family: tahoma, arial, helvetica, sans-serif;font-size: 10pt\"> Schulkindbetreuung an der Grundschule in Rautheim<\/span><\/p>\n<p><span style=\"font-family: tahoma, arial, helvetica, sans-serif;font-size: 10pt\"> <strong><em>Ihre Ansprechpartnerinnen:<\/em><\/strong><\/span><\/p>\n<p><span style=\"font-family: tahoma, arial, helvetica, sans-serif;font-size: 10pt\">Shanna Eckert<\/span><br \/>\n<span style=\"font-family: tahoma, arial, helvetica, sans-serif;font-size: 10pt\"> Schulstra\u00dfe 7<\/span><br \/>\n<span style=\"font-family: tahoma, arial, helvetica, sans-serif;font-size: 10pt\"> 38126 Braunschweig<\/span><br \/>\n<span style=\"font-family: tahoma, arial, helvetica, sans-serif;font-size: 10pt\"> Telefon: 0531\/63357<\/span><\/p>\n<p><span style=\"font-family: tahoma, arial, helvetica, sans-serif;font-size: 10pt\">Mail: <a href=\"&#109;&#x61;i&#108;&#x74;o&#x3a;&#x64;&#114;&#x6b;&#46;&#115;&#x63;h&#117;&#x6c;&#107;&#x69;n&#100;&#x62;e&#116;&#x72;&#101;&#x75;&#x75;&#110;&#x67;&#64;&#103;&#x73;-&#x72;&#x61;&#117;&#x74;h&#101;&#x69;m&#46;&#x64;&#101;\">drk&#46;&#108;&#101;&#105;&#116;&#117;&#110;&#103;&#x40;&#x67;&#x73;&#x2d;&#x72;&#x61;&#x75;&#x74;&#x68;eim&#46;&#100;&#101;<\/a><\/span><\/p>\n<p><span style=\"font-family: tahoma, arial, helvetica, sans-serif;font-size: 10pt\">Homepage: <a href=\"http:\/\/www.drk-braunschweig-salzgitter.de\/\">www.drk-braunschweig-salzgitter.de<\/a><\/span><\/p>\n<\/div>\n<\/div>\n<\/div>\n<\/div>\n","protected":false},"excerpt":{"rendered":"<p>\u00a0DRK (vormals: Schulkindbetreuung) Die Grundschule Rautheim wird ab dem Schuljahr 2023\/24 zur Offenen Ganztagsschule (OGT Rautheim). Im Rahmen des Braunschweiger Modells bietet die Grundschule eine \u201eGanztagsbetreuung\u201c in Kooperation mit den Tr\u00e4gern Rotkreuz-Kreisverband Braunschweig-Salzgitter e.V. (DRK) und Kinder- und Jugendzentrum Rautheim an. Anmeldungen f\u00fcr die Ganztagsbetreuung sind daher nur noch direkt \u00fcber die Schule m\u00f6glich. Auf &hellip; <a href=\"https:\/\/wordpress.nibis.de\/gsrautheim\/schulkindbetreuung\/\" class=\"more-link\"><span class=\"screen-reader-text\">Deutsches Rotes Kreuz<\/span> weiterlesen <span class=\"meta-nav\">&rarr;<\/span><\/a><\/p>\n","protected":false},"author":635,"featured_media":0,"parent":0,"menu_order":0,"comment_status":"closed","ping_status":"closed","template":"","meta":{"footnotes":""},"class_list":["post-84","page","type-page","status-publish","hentry"],"_links":{"self":[{"href":"https:\/\/wordpress.nibis.de\/gsrautheim\/wp-json\/wp\/v2\/pages\/84","targetHints":{"allow":["GET"]}}],"collection":[{"href":"https:\/\/wordpress.nibis.de\/gsrautheim\/wp-json\/wp\/v2\/pages"}],"about":[{"href":"https:\/\/wordpress.nibis.de\/gsrautheim\/wp-json\/wp\/v2\/types\/page"}],"author":[{"embeddable":true,"href":"https:\/\/wordpress.nibis.de\/gsrautheim\/wp-json\/wp\/v2\/users\/635"}],"replies":[{"embeddable":true,"href":"https:\/\/wordpress.nibis.de\/gsrautheim\/wp-json\/wp\/v2\/comments?post=84"}],"version-history":[{"count":45,"href":"https:\/\/wordpress.nibis.de\/gsrautheim\/wp-json\/wp\/v2\/pages\/84\/revisions"}],"predecessor-version":[{"id":6190,"href":"https:\/\/wordpress.nibis.de\/gsrautheim\/wp-json\/wp\/v2\/pages\/84\/revisions\/6190"}],"wp:attachment":[{"href":"https:\/\/wordpress.nibis.de\/gsrautheim\/wp-json\/wp\/v2\/media?parent=84"}],"curies":[{"name":"wp","href":"https:\/\/api.w.org\/{rel}","templated":true}]}}