{"id":192,"date":"2018-09-21T10:48:20","date_gmt":"2018-09-21T08:48:20","guid":{"rendered":"http:\/\/wordpress.nibis.de\/gsrewi\/?page_id=192"},"modified":"2018-09-21T15:59:13","modified_gmt":"2018-09-21T13:59:13","slug":"unsere-schule","status":"publish","type":"page","link":"https:\/\/wordpress.nibis.de\/gsrewi\/unsere-schule\/","title":{"rendered":"Unsere Schule"},"content":{"rendered":"<p><span style=\"color: #003980;font-family: comic sans ms,sans-serif\"><strong>Miteinander &#8211; F\u00fcreinander<\/strong><\/span><\/p>\n<h4><span style=\"color: #003980;font-family: comic sans ms,sans-serif\"><strong>Unsere Schule ist ein Haus des Lernens, <\/strong><strong>in dem alle Lernende sind!<\/strong><\/span><\/h4>\n<h4><span style=\"color: #003980;font-family: comic sans ms,sans-serif\"><strong>Ein Ort, in dem alle willkommen sind.<\/strong><\/span><\/h4>\n<h4><span style=\"color: #003980;font-family: comic sans ms,sans-serif\"><strong>Ein Ort, an dem die Lernenden und Lehrenden<\/strong><\/span><\/h4>\n<h4><span style=\"color: #003980;font-family: comic sans ms,sans-serif\"><strong>in ihrer Individualit\u00e4t angenommen werden.<\/strong><\/span><\/h4>\n<h4><span style=\"color: #003980;font-family: comic sans ms,sans-serif\"><strong>Ein Ort, an dem die pers\u00f6nliche Eigenart<\/strong><\/span><\/h4>\n<h4><span style=\"color: #003980;font-family: comic sans ms,sans-serif\"><strong>in der Gestaltung der Schule ihren Platz findet.<\/strong><\/span><\/h4>\n<h4><span style=\"color: #003980;font-family: comic sans ms,sans-serif\"><strong>Ein Ort, an dem Zeit gegeben wird zum Wachsen,<\/strong><\/span><\/h4>\n<h4><span style=\"color: #003980;font-family: comic sans ms,sans-serif\"><strong>an dem R\u00fccksichtnahme und Respekt voreinander gepflegt werden.<\/strong><strong>\u00a0<\/strong><\/span><\/h4>\n<h4><span style=\"color: #003980;font-family: comic sans ms,sans-serif\"><strong>Ein Ort, an dem das Vertrauen w\u00e4chst, damit\u00a0 alle lernen k\u00f6nnen.<\/strong><\/span><\/h4>\n<h4><span style=\"color: #003980;font-family: comic sans ms,sans-serif\"><strong>Ein Ort, an dem Umwege und Fehler erlaubt sind,<\/strong><\/span><\/h4>\n<p><span style=\"color: #003980;font-family: comic sans ms,sans-serif\"><strong>Bewertungen hilfreiche Orientierung geben.<\/strong><strong>\u00a0<\/strong><\/span><\/p>\n<p><span style=\"color: #003980;font-family: comic sans ms,sans-serif\"><strong>Ein Ort, wo intensiv gearbeitet wird<\/strong><\/span><\/p>\n<p><span style=\"color: #003980;font-family: comic sans ms,sans-serif\"><strong>und Freude am Lernen wachsen kann.<\/strong><\/span><\/p>\n<p><span style=\"color: #000080;font-family: comic sans ms,sans-serif\"><strong><span style=\"color: #003980\">Ein Ort, an dem Lernen ansteckend wirkt<\/span>.<\/strong><\/span><\/p>\n<h3><\/h3>\n<p>&nbsp;<\/p>\n","protected":false},"excerpt":{"rendered":"<p>Miteinander &#8211; F\u00fcreinander Unsere Schule ist ein Haus des Lernens, in dem alle Lernende sind! Ein Ort, in dem alle willkommen sind. Ein Ort, an dem die Lernenden und Lehrenden in ihrer Individualit\u00e4t angenommen werden. Ein Ort, an dem die pers\u00f6nliche Eigenart in der Gestaltung der Schule ihren Platz findet. Ein Ort, an dem Zeit gegeben wird zum Wachsen, an dem R\u00fccksichtnahme und Respekt voreinander gepflegt werden.\u00a0 Ein Ort, an dem das Vertrauen w\u00e4chst, damit\u00a0 alle lernen k\u00f6nnen. Ein Ort,&#8230;<\/p>\n<p class=\"read-more\"><a class=\"btn btn-default\" href=\"https:\/\/wordpress.nibis.de\/gsrewi\/unsere-schule\/\">Weiterlesen<span class=\"screen-reader-text\"> Weiterlesen<\/span><\/a><\/p>\n","protected":false},"author":9192693,"featured_media":0,"parent":0,"menu_order":0,"comment_status":"closed","ping_status":"closed","template":"onecolumn-page.php","meta":{"footnotes":""},"class_list":["post-192","page","type-page","status-publish","hentry"],"_links":{"self":[{"href":"https:\/\/wordpress.nibis.de\/gsrewi\/wp-json\/wp\/v2\/pages\/192","targetHints":{"allow":["GET"]}}],"collection":[{"href":"https:\/\/wordpress.nibis.de\/gsrewi\/wp-json\/wp\/v2\/pages"}],"about":[{"href":"https:\/\/wordpress.nibis.de\/gsrewi\/wp-json\/wp\/v2\/types\/page"}],"author":[{"embeddable":true,"href":"https:\/\/wordpress.nibis.de\/gsrewi\/wp-json\/wp\/v2\/users\/9192693"}],"replies":[{"embeddable":true,"href":"https:\/\/wordpress.nibis.de\/gsrewi\/wp-json\/wp\/v2\/comments?post=192"}],"version-history":[{"count":20,"href":"https:\/\/wordpress.nibis.de\/gsrewi\/wp-json\/wp\/v2\/pages\/192\/revisions"}],"predecessor-version":[{"id":316,"href":"https:\/\/wordpress.nibis.de\/gsrewi\/wp-json\/wp\/v2\/pages\/192\/revisions\/316"}],"wp:attachment":[{"href":"https:\/\/wordpress.nibis.de\/gsrewi\/wp-json\/wp\/v2\/media?parent=192"}],"curies":[{"name":"wp","href":"https:\/\/api.w.org\/{rel}","templated":true}]}}