{"id":1943,"date":"2021-08-22T13:27:58","date_gmt":"2021-08-22T11:27:58","guid":{"rendered":"https:\/\/wordpress.nibis.de\/gsrewi\/?page_id=1943"},"modified":"2025-08-18T19:56:02","modified_gmt":"2025-08-18T17:56:02","slug":"schulpersonal","status":"publish","type":"page","link":"https:\/\/wordpress.nibis.de\/gsrewi\/schulpersonal\/","title":{"rendered":"Unser Personal"},"content":{"rendered":"<p><span style=\"font-size: 14pt;font-family: 'comic sans ms', sans-serif\">An jeder Schule werden viele helfende H\u00e4nde ben\u00f6tigt. <\/span><\/p>\n<p><span style=\"font-family: 'comic sans ms', sans-serif\"><span style=\"font-size: 14pt\">Unsere Sekret\u00e4rin:<\/span> \u00a0 \u00a0 \u00a0 \u00a0 \u00a0 \u00a0 \u00a0 \u00a0 \u00a0 \u00a0 \u00a0 \u00a0 \u00a0 \u00a0 \u00a0 \u00a0 \u00a0 \u00a0 \u00a0 \u00a0 \u00a0 \u00a0\u00a0\u00a0\u00a0\u00a0\u00a0\u00a0\u00a0\u00a0\u00a0\u00a0\u00a0\u00a0\u00a0\u00a0\u00a0\u00a0\u00a0\u00a0\u00a0\u00a0\u00a0\u00a0\u00a0\u00a0\u00a0\u00a0\u00a0\u00a0\u00a0\u00a0\u00a0\u00a0\u00a0\u00a0\u00a0\u00a0\u00a0\u00a0\u00a0\u00a0\u00a0\u00a0\u00a0\u00a0\u00a0\u00a0\u00a0\u00a0\u00a0\u00a0\u00a0\u00a0\u00a0\u00a0\u00a0\u00a0 <span style=\"font-size: 14pt\">Unser Hausmeister:<\/span><\/span><\/p>\n<figure id=\"attachment_1979\" aria-describedby=\"caption-attachment-1979\" style=\"width: 236px\" class=\"wp-caption alignleft\"><img loading=\"lazy\" decoding=\"async\" class=\" wp-image-1979\" src=\"https:\/\/wordpress.nibis.de\/gsrewi\/files\/2021\/08\/IMG_20210622_130312-scaled-e1631266241251-300x300.jpg\" alt=\"\" width=\"236\" height=\"236\" srcset=\"https:\/\/wordpress.nibis.de\/gsrewi\/files\/2021\/08\/IMG_20210622_130312-scaled-e1631266241251-300x300.jpg 300w, https:\/\/wordpress.nibis.de\/gsrewi\/files\/2021\/08\/IMG_20210622_130312-scaled-e1631266241251-150x150.jpg 150w\" sizes=\"auto, (max-width: 236px) 100vw, 236px\" \/><figcaption id=\"caption-attachment-1979\" class=\"wp-caption-text\">Astrid Hermes<\/figcaption><\/figure>\n<figure id=\"attachment_1981\" aria-describedby=\"caption-attachment-1981\" style=\"width: 238px\" class=\"wp-caption alignright\"><img loading=\"lazy\" decoding=\"async\" class=\" wp-image-1981\" src=\"https:\/\/wordpress.nibis.de\/gsrewi\/files\/2021\/08\/PHOTO-2021-08-30-14-23-04-300x300.jpg\" alt=\"\" width=\"238\" height=\"238\" srcset=\"https:\/\/wordpress.nibis.de\/gsrewi\/files\/2021\/08\/PHOTO-2021-08-30-14-23-04-300x300.jpg 300w, https:\/\/wordpress.nibis.de\/gsrewi\/files\/2021\/08\/PHOTO-2021-08-30-14-23-04-150x150.jpg 150w\" sizes=\"auto, (max-width: 238px) 100vw, 238px\" \/><figcaption id=\"caption-attachment-1981\" class=\"wp-caption-text\">Ludwig Scheperjans<\/figcaption><\/figure>\n<p>&nbsp;<\/p>\n<p>&nbsp;<\/p>\n<p>&nbsp;<\/p>\n<p>&nbsp;<\/p>\n<p>&nbsp;<\/p>\n<p>&nbsp;<\/p>\n<p>&nbsp;<\/p>\n<p style=\"text-align: center\"><span style=\"font-size: 14pt;font-family: 'comic sans ms', sans-serif\">\u00a0 \u00a0 \u00a0Unsere p\u00e4dagogischen Mitarbeiterinnen im Ganztagsbereich:<\/span><\/p>\n<figure id=\"attachment_1827\" aria-describedby=\"caption-attachment-1827\" style=\"width: 147px\" class=\"wp-caption alignleft\"><img loading=\"lazy\" decoding=\"async\" class=\" wp-image-1827\" src=\"https:\/\/wordpress.nibis.de\/gsrewi\/files\/2021\/06\/IMG_8930-240x300.jpg\" alt=\"\" width=\"147\" height=\"184\" \/><figcaption id=\"caption-attachment-1827\" class=\"wp-caption-text\">Mechtild Voskuhl<\/figcaption><\/figure>\n<figure id=\"attachment_1978\" aria-describedby=\"caption-attachment-1978\" style=\"width: 183px\" class=\"wp-caption alignright\"><img loading=\"lazy\" decoding=\"async\" class=\" wp-image-1978\" src=\"https:\/\/wordpress.nibis.de\/gsrewi\/files\/2021\/08\/IMG_20210622_115120-300x300.jpg\" alt=\"\" width=\"183\" height=\"183\" srcset=\"https:\/\/wordpress.nibis.de\/gsrewi\/files\/2021\/08\/IMG_20210622_115120-300x300.jpg 300w, https:\/\/wordpress.nibis.de\/gsrewi\/files\/2021\/08\/IMG_20210622_115120-150x150.jpg 150w\" sizes=\"auto, (max-width: 183px) 100vw, 183px\" \/><figcaption id=\"caption-attachment-1978\" class=\"wp-caption-text\">Annegret Schmunkamp<\/figcaption><\/figure>\n<p><span style=\"font-family: 'comic sans ms', sans-serif;font-size: 14pt\">\u00a0<\/span><\/p>\n<figure id=\"attachment_2002\" aria-describedby=\"caption-attachment-2002\" style=\"width: 136px\" class=\"wp-caption alignright\"><img loading=\"lazy\" decoding=\"async\" class=\" wp-image-2002\" src=\"https:\/\/wordpress.nibis.de\/gsrewi\/files\/2021\/09\/110f4c6c-18b4-444b-acb6-01a33c8f8e97-2-300x300.jpg\" alt=\"\" width=\"136\" height=\"136\" \/><figcaption id=\"caption-attachment-2002\" class=\"wp-caption-text\">Irene Ganseforth<\/figcaption><\/figure>\n<p><img loading=\"lazy\" decoding=\"async\" class=\"alignnone wp-image-3124\" src=\"https:\/\/wordpress.nibis.de\/gsrewi\/files\/2024\/10\/Foto-Birgit-Kuper-Gerdes-300x300.jpg\" alt=\"\" width=\"143\" height=\"143\" srcset=\"https:\/\/wordpress.nibis.de\/gsrewi\/files\/2024\/10\/Foto-Birgit-Kuper-Gerdes-300x300.jpg 300w, https:\/\/wordpress.nibis.de\/gsrewi\/files\/2024\/10\/Foto-Birgit-Kuper-Gerdes-150x150.jpg 150w\" sizes=\"auto, (max-width: 143px) 100vw, 143px\" \/>Birgit Kuper-Gerdes<\/p>\n<p>&nbsp;<\/p>\n<p>&nbsp;<\/p>\n<p>&nbsp;<\/p>\n<p>&nbsp;<\/p>\n<div class=\"mceTemp\"><\/div>\n","protected":false},"excerpt":{"rendered":"<p>An jeder Schule werden viele helfende H\u00e4nde ben\u00f6tigt. Unsere Sekret\u00e4rin: \u00a0 \u00a0 \u00a0 \u00a0 \u00a0 \u00a0 \u00a0 \u00a0 \u00a0 \u00a0 \u00a0 \u00a0 \u00a0 \u00a0 \u00a0 \u00a0 \u00a0 \u00a0 \u00a0 \u00a0 \u00a0 \u00a0\u00a0\u00a0\u00a0\u00a0\u00a0\u00a0\u00a0\u00a0\u00a0\u00a0\u00a0\u00a0\u00a0\u00a0\u00a0\u00a0\u00a0\u00a0\u00a0\u00a0\u00a0\u00a0\u00a0\u00a0\u00a0\u00a0\u00a0\u00a0\u00a0\u00a0\u00a0\u00a0\u00a0\u00a0\u00a0\u00a0\u00a0\u00a0\u00a0\u00a0\u00a0\u00a0\u00a0\u00a0\u00a0\u00a0\u00a0\u00a0\u00a0\u00a0\u00a0\u00a0\u00a0\u00a0\u00a0\u00a0 Unser Hausmeister: &nbsp; &nbsp; &nbsp; &nbsp; &nbsp; &nbsp; &nbsp; \u00a0 \u00a0 \u00a0Unsere p\u00e4dagogischen Mitarbeiterinnen im Ganztagsbereich: \u00a0 Birgit Kuper-Gerdes &nbsp; &nbsp; &nbsp; &nbsp;<\/p>\n","protected":false},"author":9193356,"featured_media":0,"parent":0,"menu_order":0,"comment_status":"closed","ping_status":"closed","template":"","meta":{"footnotes":""},"class_list":["post-1943","page","type-page","status-publish","hentry"],"_links":{"self":[{"href":"https:\/\/wordpress.nibis.de\/gsrewi\/wp-json\/wp\/v2\/pages\/1943","targetHints":{"allow":["GET"]}}],"collection":[{"href":"https:\/\/wordpress.nibis.de\/gsrewi\/wp-json\/wp\/v2\/pages"}],"about":[{"href":"https:\/\/wordpress.nibis.de\/gsrewi\/wp-json\/wp\/v2\/types\/page"}],"author":[{"embeddable":true,"href":"https:\/\/wordpress.nibis.de\/gsrewi\/wp-json\/wp\/v2\/users\/9193356"}],"replies":[{"embeddable":true,"href":"https:\/\/wordpress.nibis.de\/gsrewi\/wp-json\/wp\/v2\/comments?post=1943"}],"version-history":[{"count":25,"href":"https:\/\/wordpress.nibis.de\/gsrewi\/wp-json\/wp\/v2\/pages\/1943\/revisions"}],"predecessor-version":[{"id":3571,"href":"https:\/\/wordpress.nibis.de\/gsrewi\/wp-json\/wp\/v2\/pages\/1943\/revisions\/3571"}],"wp:attachment":[{"href":"https:\/\/wordpress.nibis.de\/gsrewi\/wp-json\/wp\/v2\/media?parent=1943"}],"curies":[{"name":"wp","href":"https:\/\/api.w.org\/{rel}","templated":true}]}}