{"id":1951,"date":"2021-08-22T13:33:41","date_gmt":"2021-08-22T11:33:41","guid":{"rendered":"https:\/\/wordpress.nibis.de\/gsrewi\/?page_id=1951"},"modified":"2024-06-24T22:04:40","modified_gmt":"2024-06-24T20:04:40","slug":"foerderverein","status":"publish","type":"page","link":"https:\/\/wordpress.nibis.de\/gsrewi\/foerderverein\/","title":{"rendered":"F\u00f6rderverein"},"content":{"rendered":"<p><strong>Wer sind wir?<\/strong><\/p>\n<p><img loading=\"lazy\" decoding=\"async\" class=\"alignleft wp-image-2895 size-full\" src=\"https:\/\/wordpress.nibis.de\/gsrewi\/files\/2024\/06\/1.png\" alt=\"\" width=\"640\" height=\"494\" \/> <img loading=\"lazy\" decoding=\"async\" class=\"alignnone wp-image-2896 size-full\" src=\"https:\/\/wordpress.nibis.de\/gsrewi\/files\/2024\/06\/2-e1719259015202.png\" alt=\"\" width=\"640\" height=\"494\" \/><\/p>\n<p>F\u00f6rderverein der Grundschule Renkenberge-Wippingen und Kita St.Bartholom\u00e4us Wippingen e.V<strong>.<\/strong><\/p>\n<p><strong>Was wir f\u00fcr die Schule und KITA tun:<\/strong><\/p>\n<p>Als Sponsor unterst\u00fctzen wir vielf\u00e4ltige Anschaffungen und Aktionen &#8211; finanziell und auch aktiv in der Umsetzung.<\/p>\n<p>Einige Beispiele:<\/p>\n<ul>\n<li>Computer und Zubeh\u00f6r (schon bevor das Land F\u00f6rderprogramme aufgelegt hatte);<\/li>\n<li>Kletterwand am Geb\u00e4ude;<\/li>\n<li>Spielger\u00e4te wie Stelzen, Pedalos, B\u00e4lle etc. f\u00fcr die Pausen und Spiele f\u00fcr die Betreuung;<\/li>\n<li>Spielger\u00e4te f\u00fcr den Au\u00dfenbereich (Schaukeln, Kletterspinne, Seilgarten, etc.);<\/li>\n<li>Ausstattung f\u00fcr Sport und Spiel um Innenbereich;<\/li>\n<li>Projektwochen, Ausfl\u00fcge, Klassenfahrten;<\/li>\n<\/ul>\n<p><strong>Wir brauchen Sie!<\/strong><\/p>\n<p>Eine Gemeinschaft lebt vom Mitmachen, von den Beitr\u00e4gen und Spenden. Je mehr Menschen aktiv mitmachen und je mehr Gelder vorhanden sind, desto mehr Ideen k\u00f6nnen realisiert werden.<\/p>\n<p>\u00dcber den regul\u00e4ren Schuletat k\u00f6nnen nur die notwendigsten Dinge finanziert werden. Wir aber wollen mehr f\u00fcr \u201eunsere\u201c Kinder tun.<\/p>\n<p><strong>Werden Sie Mitglied!<\/strong><\/p>\n<p>Der Jahresbeitrag betr\u00e4gt nur\u00a012 \u20ac, bequem zahlbar per Bankeinzug.<\/p>\n<p>\u00dcber durchgef\u00fchrte Aktionen und Anschaffungen wird auf der Homepage der Grundschule oder auch in der Zeitung berichtet, so dass der Einsatz Ihrer Beitr\u00e4ge und Spenden transparent wird. Zudem erhalten Mitglieder j\u00e4hrlich zur Hauptversammlung eine Einladung.<\/p>\n<p>Eine steuerlich abzugsf\u00e4hige Spendenquittung wird Ihnen auf Wunsch ausgestellt.<\/p>\n<p>Die Beitrittserkl\u00e4rung des F\u00f6rdervereins finden Sie\u00a0<a href=\"https:\/\/wordpress.nibis.de\/gsrewi\/files\/2022\/05\/Foerderverein-Schule-Kita-Wippingen-Renkenberge.pdf\" target=\"_blank\" rel=\"noopener\"><strong>hier<\/strong><\/a> oder Sie erhalten diese auch in der Grundschule\/KITA.<\/p>\n<p>F\u00fcr eventuelle Fragen schreiben Sie gern eine Mail an:<\/p>\n<p>Juliane Kleinekath\u00f6fer \u00a0(j&#117;&#x6c;&#x69;a&#110;&#101;&#x2e;&#x6b;l&#101;&#x69;&#x6e;e&#107;&#97;&#x74;&#x68;o&#101;&#x66;&#x65;r&#64;&#103;&#x6d;&#x78;&#46;&#100;&#x65;)<\/p>\n<p>In welchen Bereichen der F\u00f6rderverein in der Vergangenheit schon aktiv war, k\u00f6nnen Sie in unserem kleinen Archiv erfahren. Klicken Sie daf\u00fcr einfach\u00a0<a href=\"https:\/\/www.hallo-wippingen.de\/Grundschule\/Sammlung-Foerderverein.pdf\" target=\"_blank\" rel=\"noopener\"><strong>hier<\/strong><\/a>.<\/p>\n<p>&nbsp;<\/p>\n","protected":false},"excerpt":{"rendered":"<p>Wer sind wir? F\u00f6rderverein der Grundschule Renkenberge-Wippingen und Kita St.Bartholom\u00e4us Wippingen e.V. Was wir f\u00fcr die Schule und KITA tun: Als Sponsor unterst\u00fctzen wir vielf\u00e4ltige Anschaffungen und Aktionen &#8211; finanziell und auch aktiv in der Umsetzung. Einige Beispiele: Computer und Zubeh\u00f6r (schon bevor das Land F\u00f6rderprogramme aufgelegt hatte); Kletterwand am Geb\u00e4ude; Spielger\u00e4te wie Stelzen, Pedalos, B\u00e4lle etc. f\u00fcr die Pausen und Spiele f\u00fcr die Betreuung; Spielger\u00e4te f\u00fcr den Au\u00dfenbereich (Schaukeln, Kletterspinne, Seilgarten, etc.); Ausstattung f\u00fcr Sport und Spiel um Innenbereich;&#8230;<\/p>\n<p class=\"read-more\"><a class=\"btn btn-default\" href=\"https:\/\/wordpress.nibis.de\/gsrewi\/foerderverein\/\">Weiterlesen<span class=\"screen-reader-text\"> Weiterlesen<\/span><\/a><\/p>\n","protected":false},"author":9193356,"featured_media":0,"parent":0,"menu_order":0,"comment_status":"closed","ping_status":"closed","template":"","meta":{"footnotes":""},"class_list":["post-1951","page","type-page","status-publish","hentry"],"_links":{"self":[{"href":"https:\/\/wordpress.nibis.de\/gsrewi\/wp-json\/wp\/v2\/pages\/1951","targetHints":{"allow":["GET"]}}],"collection":[{"href":"https:\/\/wordpress.nibis.de\/gsrewi\/wp-json\/wp\/v2\/pages"}],"about":[{"href":"https:\/\/wordpress.nibis.de\/gsrewi\/wp-json\/wp\/v2\/types\/page"}],"author":[{"embeddable":true,"href":"https:\/\/wordpress.nibis.de\/gsrewi\/wp-json\/wp\/v2\/users\/9193356"}],"replies":[{"embeddable":true,"href":"https:\/\/wordpress.nibis.de\/gsrewi\/wp-json\/wp\/v2\/comments?post=1951"}],"version-history":[{"count":13,"href":"https:\/\/wordpress.nibis.de\/gsrewi\/wp-json\/wp\/v2\/pages\/1951\/revisions"}],"predecessor-version":[{"id":2113,"href":"https:\/\/wordpress.nibis.de\/gsrewi\/wp-json\/wp\/v2\/pages\/1951\/revisions\/2113"}],"wp:attachment":[{"href":"https:\/\/wordpress.nibis.de\/gsrewi\/wp-json\/wp\/v2\/media?parent=1951"}],"curies":[{"name":"wp","href":"https:\/\/api.w.org\/{rel}","templated":true}]}}