{"id":2997,"date":"2024-10-01T09:52:46","date_gmt":"2024-10-01T07:52:46","guid":{"rendered":"https:\/\/wordpress.nibis.de\/gsrewi\/?page_id=2997"},"modified":"2024-10-01T11:49:52","modified_gmt":"2024-10-01T09:49:52","slug":"buecherei","status":"publish","type":"page","link":"https:\/\/wordpress.nibis.de\/gsrewi\/buecherei\/","title":{"rendered":"B\u00fccherei"},"content":{"rendered":"<p><u>Wir stellen uns vor\u00a0\u00a0\u00a0\u00a0\u00a0\u00a0\u00a0\u00a0\u00a0\u00a0\u00a0\u00a0\u00a0\u00a0\u00a0\u00a0\u00a0\u00a0\u00a0 <\/u><\/p>\n<p>Das 10-k\u00f6pfige B\u00fccherei-Team steckt ehrenamtlich viel Engagement und Herzblut in die B\u00fcchereiarbeit. Au\u00dferhalb der \u00a0\u00d6ffnungszeiten bieten wir regelm\u00e4\u00dfige Aktionen wie z. B. Lesef\u00f6rderaktionen, Spielenachmittage, Erz\u00e4hltheater, Bastelaktionen, Bilderbuchkino an.<\/p>\n<p><u>Medienbestand\u00a0\u00a0\u00a0\u00a0\u00a0\u00a0\u00a0\u00a0\u00a0\u00a0\u00a0\u00a0\u00a0\u00a0\u00a0\u00a0\u00a0\u00a0\u00a0\u00a0\u00a0\u00a0\u00a0\u00a0\u00a0 <\/u><\/p>\n<p>&#8211; Bilderb\u00fccher<br \/>\n&#8211; Kinderb\u00fccher , Kindersachb\u00fccher<br \/>\n&#8211; Erwachsene Literatur<br \/>\n&#8211; Kamishibai und Bildkarten<br \/>\n&#8211; Spiele, Puzzles, Tonies<br \/>\n&#8211; L\u00fcK-Kasten und \u00dcbungshefte<br \/>\n&#8211; Tiptoi- Stift und B\u00fccher, BOOKii Stift und B\u00fccher, TING-Stift<br \/>\n&#8211; SAMI- der Vorleseb\u00e4r<\/p>\n<p><u>Online\u00a0\u00a0\u00a0\u00a0\u00a0\u00a0\u00a0\u00a0\u00a0\u00a0\u00a0\u00a0\u00a0\u00a0\u00a0\u00a0\u00a0\u00a0\u00a0\u00a0\u00a0\u00a0\u00a0\u00a0\u00a0\u00a0\u00a0\u00a0\u00a0\u00a0\u00a0\u00a0\u00a0\u00a0\u00a0\u00a0\u00a0\u00a0\u00a0\u00a0\u00a0\u00a0\u00a0\u00a0\u00a0\u00a0\u00a0\u00a0\u00a0\u00a0\u00a0\u00a0\u00a0\u00a0\u00a0\u00a0\u00a0\u00a0\u00a0\u00a0\u00a0\u00a0\u00a0\u00a0\u00a0\u00a0\u00a0\u00a0\u00a0\u00a0\u00a0\u00a0\u00a0\u00a0\u00a0\u00a0\u00a0\u00a0\u00a0\u00a0\u00a0 <\/u><br \/>\nJeder Leser kann im Internet \u00fcber www.bibkat.de\/wippingen unser Medienangebot einsehen. Au\u00dferdem kann jeder Leser \u00fcber die Internetseite bequem von unterwegs aus sein Leserkonto \u00f6ffnen, Ausgeliehenes verl\u00e4ngern und Medien vormerken.<\/p>\n<p><u>\u00d6ffnungszeiten\u00a0\u00a0\u00a0\u00a0\u00a0\u00a0\u00a0\u00a0\u00a0\u00a0\u00a0\u00a0\u00a0\u00a0\u00a0\u00a0\u00a0\u00a0\u00a0\u00a0\u00a0\u00a0\u00a0\u00a0\u00a0\u00a0\u00a0\u00a0\u00a0\u00a0\u00a0\u00a0\u00a0\u00a0\u00a0\u00a0\u00a0\u00a0\u00a0\u00a0\u00a0\u00a0\u00a0\u00a0\u00a0\u00a0\u00a0\u00a0\u00a0\u00a0\u00a0\u00a0\u00a0 <\/u><br \/>\nDienstag:\u00a0 10:00 &#8211; 11:00Uhr\u00a0\u00a0\u00a0\u00a0\u00a0\u00a0 Mittwoch: 16:00 &#8211; 17:30Uhr<\/p>\n<p><u>Kontakt<\/u><br \/>\nKatholisch \u00d6ffentliche B\u00fccherei (K\u00d6B) St. Bartholom\u00e4us<br \/>\nZum Turm 3, 26892 Wippingen<br \/>\nE-Mail: &#98;&#x75;&#x65;c&#104;&#x65;r&#101;&#x69;&#x77;&#105;&#x70;&#x70;i&#110;&#x67;e&#110;&#x40;&#x67;&#109;&#x78;&#x2e;d&#101;<br \/>\nOnlinekatalog: www.bibkat.de\/wippingen<\/p>\n","protected":false},"excerpt":{"rendered":"<p>Wir stellen uns vor\u00a0\u00a0\u00a0\u00a0\u00a0\u00a0\u00a0\u00a0\u00a0\u00a0\u00a0\u00a0\u00a0\u00a0\u00a0\u00a0\u00a0\u00a0\u00a0 Das 10-k\u00f6pfige B\u00fccherei-Team steckt ehrenamtlich viel Engagement und Herzblut in die B\u00fcchereiarbeit. Au\u00dferhalb der \u00a0\u00d6ffnungszeiten bieten wir regelm\u00e4\u00dfige Aktionen wie z. B. Lesef\u00f6rderaktionen, Spielenachmittage, Erz\u00e4hltheater, Bastelaktionen, Bilderbuchkino an. Medienbestand\u00a0\u00a0\u00a0\u00a0\u00a0\u00a0\u00a0\u00a0\u00a0\u00a0\u00a0\u00a0\u00a0\u00a0\u00a0\u00a0\u00a0\u00a0\u00a0\u00a0\u00a0\u00a0\u00a0\u00a0\u00a0 &#8211; Bilderb\u00fccher &#8211; Kinderb\u00fccher , Kindersachb\u00fccher &#8211; Erwachsene Literatur &#8211; Kamishibai und Bildkarten &#8211; Spiele, Puzzles, Tonies &#8211; L\u00fcK-Kasten und \u00dcbungshefte &#8211; Tiptoi- Stift und B\u00fccher, BOOKii Stift und B\u00fccher, TING-Stift &#8211; SAMI- der Vorleseb\u00e4r Online\u00a0\u00a0\u00a0\u00a0\u00a0\u00a0\u00a0\u00a0\u00a0\u00a0\u00a0\u00a0\u00a0\u00a0\u00a0\u00a0\u00a0\u00a0\u00a0\u00a0\u00a0\u00a0\u00a0\u00a0\u00a0\u00a0\u00a0\u00a0\u00a0\u00a0\u00a0\u00a0\u00a0\u00a0\u00a0\u00a0\u00a0\u00a0\u00a0\u00a0\u00a0\u00a0\u00a0\u00a0\u00a0\u00a0\u00a0\u00a0\u00a0\u00a0\u00a0\u00a0\u00a0\u00a0\u00a0\u00a0\u00a0\u00a0\u00a0\u00a0\u00a0\u00a0\u00a0\u00a0\u00a0\u00a0\u00a0\u00a0\u00a0\u00a0\u00a0\u00a0\u00a0\u00a0\u00a0\u00a0\u00a0\u00a0\u00a0\u00a0\u00a0 Jeder Leser kann im Internet \u00fcber www.bibkat.de\/wippingen unser Medienangebot einsehen. Au\u00dferdem&#8230;<\/p>\n<p class=\"read-more\"><a class=\"btn btn-default\" href=\"https:\/\/wordpress.nibis.de\/gsrewi\/buecherei\/\">Weiterlesen<span class=\"screen-reader-text\"> Weiterlesen<\/span><\/a><\/p>\n","protected":false},"author":9194318,"featured_media":0,"parent":0,"menu_order":0,"comment_status":"closed","ping_status":"closed","template":"","meta":{"footnotes":""},"class_list":["post-2997","page","type-page","status-publish","hentry"],"_links":{"self":[{"href":"https:\/\/wordpress.nibis.de\/gsrewi\/wp-json\/wp\/v2\/pages\/2997","targetHints":{"allow":["GET"]}}],"collection":[{"href":"https:\/\/wordpress.nibis.de\/gsrewi\/wp-json\/wp\/v2\/pages"}],"about":[{"href":"https:\/\/wordpress.nibis.de\/gsrewi\/wp-json\/wp\/v2\/types\/page"}],"author":[{"embeddable":true,"href":"https:\/\/wordpress.nibis.de\/gsrewi\/wp-json\/wp\/v2\/users\/9194318"}],"replies":[{"embeddable":true,"href":"https:\/\/wordpress.nibis.de\/gsrewi\/wp-json\/wp\/v2\/comments?post=2997"}],"version-history":[{"count":3,"href":"https:\/\/wordpress.nibis.de\/gsrewi\/wp-json\/wp\/v2\/pages\/2997\/revisions"}],"predecessor-version":[{"id":3088,"href":"https:\/\/wordpress.nibis.de\/gsrewi\/wp-json\/wp\/v2\/pages\/2997\/revisions\/3088"}],"wp:attachment":[{"href":"https:\/\/wordpress.nibis.de\/gsrewi\/wp-json\/wp\/v2\/media?parent=2997"}],"curies":[{"name":"wp","href":"https:\/\/api.w.org\/{rel}","templated":true}]}}