{"id":304,"date":"2018-09-21T15:42:08","date_gmt":"2018-09-21T13:42:08","guid":{"rendered":"http:\/\/wordpress.nibis.de\/gsrewi\/?page_id=304"},"modified":"2026-04-07T09:45:59","modified_gmt":"2026-04-07T07:45:59","slug":"impressum","status":"publish","type":"page","link":"https:\/\/wordpress.nibis.de\/gsrewi\/impressum\/","title":{"rendered":"Rechtliches"},"content":{"rendered":"<p style=\"text-align: center\"><span style=\"font-family: arial,helvetica,sans-serif\"><strong>Schulleitung: Ellen Wilkens<\/strong><\/span><\/p>\n<p align=\"center\"><span style=\"font-family: arial,helvetica,sans-serif\">Postanschrift f\u00fcr beide Standorte:<\/span><\/p>\n<p align=\"center\"><span style=\"font-family: arial,helvetica,sans-serif\">Grundschule Renkenberge-Wippingen<\/span><br \/>\n<span style=\"font-family: arial,helvetica,sans-serif\">Schulstra\u00dfe 8<\/span><br \/>\n<span style=\"font-family: arial,helvetica,sans-serif\">26892 Wippingen<\/span><\/p>\n<p align=\"center\"><span style=\"font-family: arial,helvetica,sans-serif\">Kontaktadressen der beiden Standorte<\/span><\/p>\n<p align=\"center\"><span style=\"font-family: arial,helvetica,sans-serif\">Wahner Stra\u00dfe 20<\/span><br \/>\n<span style=\"font-family: arial,helvetica,sans-serif\">49762 Renkenberge<\/span><br \/>\n<span style=\"font-family: arial,helvetica,sans-serif\">Telefon: (0 59 33) 88 26<\/span><\/p>\n<p style=\"text-align: center\"><span style=\"font-family: arial,helvetica,sans-serif\">Schulstra\u00dfe 8<\/span><br \/>\n<span style=\"font-family: arial,helvetica,sans-serif\">26892 Wippingen<\/span><br \/>\n<span style=\"font-family: arial,helvetica,sans-serif\">Telefon: (0 49 66) 403<\/span><br \/>\n<span style=\"font-family: arial,helvetica,sans-serif\">E-Mail: &#x69;n&#x66;o&#x40;&#103;&#x73;&#45;r&#x65;n&#x6b;&#101;&#x6e;&#98;&#x65;&#114;g&#x65;-&#x77;&#105;&#x70;&#112;&#x69;&#x6e;g&#x65;n&#x2e;&#100;&#x65;<\/span><\/p>\n<p align=\"center\"><span style=\"font-family: arial,helvetica,sans-serif\">Schultr\u00e4ger (Diensteanbieter im Sinne des TDG\/MDStV):<\/span><\/p>\n<p align=\"center\"><span style=\"font-family: arial,helvetica,sans-serif\">Schulzweckverband vertreten durch die<\/span><\/p>\n<p align=\"center\"><span style=\"font-family: arial,helvetica,sans-serif\">Samtgemeinde D\u00f6rpen<\/span><br \/>\n<span style=\"font-family: arial,helvetica,sans-serif\">Hauptstra\u00dfe 25<\/span><br \/>\n<span style=\"font-family: arial,helvetica,sans-serif\">26892 D\u00f6rpen<\/span><\/p>\n<p align=\"center\"><span style=\"font-family: arial,helvetica,sans-serif\">Samtgemeinde Lathen<\/span><br \/>\n<span style=\"font-family: arial,helvetica,sans-serif\">Gro\u00dfe Stra\u00dfe<\/span><br \/>\n<span style=\"font-family: arial,helvetica,sans-serif\">349762 Lathen<\/span><\/p>\n<p><span style=\"font-family: arial,helvetica,sans-serif\">Haftung f\u00fcr Inhalte<\/span><\/p>\n<p><span style=\"font-family: arial,helvetica,sans-serif\">Die Inhalte unserer Seiten wurden mit gr\u00f6\u00dfter Sorgfalt erstellt. F\u00fcr die Richtigkeit, Vollst\u00e4ndigkeit und Aktualit\u00e4t der Inhalte k\u00f6nnen wir jedoch keine Gew\u00e4hr \u00fcbernehmen. Als Dienstanbieter sind wir gem\u00e4\u00df \u00a7 7 Abs.1 TMG f\u00fcr eigene Inhalte auf diesen Seiten nach den allgemeinen Gesetzen verantwortlich. Nach \u00a7\u00a7 8 bis 10 TMG sind wir als Dienstanbieter jedoch nicht verpflichtet, \u00fcbermittelte oder gespeicherte fremde Informationen zu \u00fcberwachen oder nach Umst\u00e4nden zu forschen, die auf eine rechtswidrige T\u00e4tigkeit hinweisen. Verpflichtungen zur Entfernung oder Sperrung der Nutzung von Informationen nach den allgemeinen Gesetzen bleiben hiervon unber\u00fchrt. Eine diesbez\u00fcgliche Haftung ist jedoch erst ab dem Zeitpunkt der Kenntnis einer konkreten Rechtsverletzung m\u00f6glich. Bei Bekanntwerden von entsprechenden Rechtsverletzungen werden wir diese Inhalte umgehend entfernen.<\/span><\/p>\n<p><span style=\"font-family: arial,helvetica,sans-serif\">Haftung f\u00fcr Links<\/span><\/p>\n<p><span style=\"font-family: arial,helvetica,sans-serif\">Unser Angebot enth\u00e4lt Links zu externen Webseiten Dritter, auf deren Inhalte wir keinen Einfluss haben. Deshalb k\u00f6nnen wir f\u00fcr diese fremden Inhalte auch keine Gew\u00e4hr \u00fcbernehmen. F\u00fcr die Inhalte der verlinkten Seiten ist stets der jeweilige Anbieter oder Betreiber der Seiten verantwortlich. Die verlinkten Seiten wurden zum Zeitpunkt der Verlinkung auf m\u00f6gliche Rechtsverst\u00f6\u00dfe \u00fcberpr\u00fcft. Rechtswidrige Inhalte waren zum Zeitpunkt der Verlinkung nicht erkennbar. Eine permanente inhaltliche Kontrolle der verlinkten Seiten ist jedoch ohne konkrete Anhaltspunkte einer Rechtsverletzung nicht zumutbar. Bei Bekanntwerden von Rechtsverletzungen werden wir derartige Links umgehend entfernen.<\/span><\/p>\n<p><span style=\"font-family: arial,helvetica,sans-serif\">Urheberrecht<\/span><\/p>\n<p><span style=\"font-family: arial,helvetica,sans-serif\">Die durch die Seitenbetreiber erstellten Inhalte und Werke auf diesen Seiten unterliegen dem deutschen Urheberrecht. Die Vervielf\u00e4ltigung, Bearbeitung, Verbreitung und jede Art der Verwertung au\u00dferhalb der Grenzen des Urheberrechtes bed\u00fcrfen der schriftlichen Zustimmung des jeweiligen Autors bzw. Erstellers. Downloads und Kopien dieser Seite sind nur f\u00fcr den privaten, nicht kommerziellen Gebrauch gestattet. Soweit die Inhalte auf dieser Seite nicht vom Betreiber erstellt wurden, werden die Urheberrechte Dritter beachtet. Insbesondere werden Inhalte Dritter als solche gekennzeichnet. Sollten Sie trotzdem auf eine Urheberrechtsverletzung aufmerksam werden, bitten wir um einen entsprechenden Hinweis. Bei Bekanntwerden von Rechtsverletzungen werden wir derartige Inhalte umgehend entfernen.<\/span><\/p>\n","protected":false},"excerpt":{"rendered":"<p>Schulleitung: Ellen Wilkens Postanschrift f\u00fcr beide Standorte: Grundschule Renkenberge-Wippingen Schulstra\u00dfe 8 26892 Wippingen Kontaktadressen der beiden Standorte Wahner Stra\u00dfe 20 49762 Renkenberge Telefon: (0 59 33) 88 26 Schulstra\u00dfe 8 26892 Wippingen Telefon: (0 49 66) 403 E-Mail: info&#64;&#103;&#115;&#45;&#114;&#101;&#110;&#x6b;&#x65;&#x6e;&#x62;&#x65;&#x72;&#x67;&#x65;&#x2d;wipp&#105;&#110;&#103;&#101;&#110;&#46;&#100;&#x65; Schultr\u00e4ger (Diensteanbieter im Sinne des TDG\/MDStV): Schulzweckverband vertreten durch die Samtgemeinde D\u00f6rpen Hauptstra\u00dfe 25 26892 D\u00f6rpen Samtgemeinde Lathen Gro\u00dfe Stra\u00dfe 349762 Lathen Haftung f\u00fcr Inhalte Die Inhalte unserer Seiten wurden mit gr\u00f6\u00dfter Sorgfalt erstellt. F\u00fcr die Richtigkeit, Vollst\u00e4ndigkeit und Aktualit\u00e4t der&#8230;<\/p>\n<p class=\"read-more\"><a class=\"btn btn-default\" href=\"https:\/\/wordpress.nibis.de\/gsrewi\/impressum\/\">Weiterlesen<span class=\"screen-reader-text\"> Weiterlesen<\/span><\/a><\/p>\n","protected":false},"author":9192693,"featured_media":0,"parent":0,"menu_order":0,"comment_status":"closed","ping_status":"closed","template":"","meta":{"footnotes":""},"class_list":["post-304","page","type-page","status-publish","hentry"],"_links":{"self":[{"href":"https:\/\/wordpress.nibis.de\/gsrewi\/wp-json\/wp\/v2\/pages\/304","targetHints":{"allow":["GET"]}}],"collection":[{"href":"https:\/\/wordpress.nibis.de\/gsrewi\/wp-json\/wp\/v2\/pages"}],"about":[{"href":"https:\/\/wordpress.nibis.de\/gsrewi\/wp-json\/wp\/v2\/types\/page"}],"author":[{"embeddable":true,"href":"https:\/\/wordpress.nibis.de\/gsrewi\/wp-json\/wp\/v2\/users\/9192693"}],"replies":[{"embeddable":true,"href":"https:\/\/wordpress.nibis.de\/gsrewi\/wp-json\/wp\/v2\/comments?post=304"}],"version-history":[{"count":7,"href":"https:\/\/wordpress.nibis.de\/gsrewi\/wp-json\/wp\/v2\/pages\/304\/revisions"}],"predecessor-version":[{"id":4538,"href":"https:\/\/wordpress.nibis.de\/gsrewi\/wp-json\/wp\/v2\/pages\/304\/revisions\/4538"}],"wp:attachment":[{"href":"https:\/\/wordpress.nibis.de\/gsrewi\/wp-json\/wp\/v2\/media?parent=304"}],"curies":[{"name":"wp","href":"https:\/\/api.w.org\/{rel}","templated":true}]}}