{"id":3044,"date":"2024-10-01T10:09:14","date_gmt":"2024-10-01T08:09:14","guid":{"rendered":"https:\/\/wordpress.nibis.de\/gsrewi\/?page_id=3044"},"modified":"2025-09-02T14:58:32","modified_gmt":"2025-09-02T12:58:32","slug":"downloads","status":"publish","type":"page","link":"https:\/\/wordpress.nibis.de\/gsrewi\/downloads\/","title":{"rendered":"Downloads"},"content":{"rendered":"<p>Hier finden Sie Dokumente, die Sie herunterladen, ausdrucken, ausf\u00fcllen und an uns zur\u00fccksenden k\u00f6nnen.<\/p>\n<ul>\n<li><a href=\"https:\/\/wordpress.nibis.de\/gsrewi\/files\/2023\/08\/Unterrichtsbefreiung-Vorlage.pdf\" target=\"_blank\" rel=\"noopener\">Unterrichtsbefreiung<\/a><\/li>\n<li><a href=\"https:\/\/wordpress.nibis.de\/gsrewi\/files\/2023\/08\/Entschuldigung-im-Krankheitsfall-Vorlage.pdf\" target=\"_blank\" rel=\"noopener\">Entschuldigung im Krankheitsfall<\/a><\/li>\n<li><a href=\"https:\/\/wordpress.nibis.de\/gsrewi\/files\/2025\/09\/Schulflyer-2025-26.pdf\">Schulflyer 2025-26<\/a><\/li>\n<\/ul>\n<p>&nbsp;<\/p>\n","protected":false},"excerpt":{"rendered":"<p>Hier finden Sie Dokumente, die Sie herunterladen, ausdrucken, ausf\u00fcllen und an uns zur\u00fccksenden k\u00f6nnen. Unterrichtsbefreiung Entschuldigung im Krankheitsfall Schulflyer 2025-26 &nbsp;<\/p>\n","protected":false},"author":9194318,"featured_media":0,"parent":0,"menu_order":0,"comment_status":"closed","ping_status":"closed","template":"","meta":{"footnotes":""},"class_list":["post-3044","page","type-page","status-publish","hentry"],"_links":{"self":[{"href":"https:\/\/wordpress.nibis.de\/gsrewi\/wp-json\/wp\/v2\/pages\/3044","targetHints":{"allow":["GET"]}}],"collection":[{"href":"https:\/\/wordpress.nibis.de\/gsrewi\/wp-json\/wp\/v2\/pages"}],"about":[{"href":"https:\/\/wordpress.nibis.de\/gsrewi\/wp-json\/wp\/v2\/types\/page"}],"author":[{"embeddable":true,"href":"https:\/\/wordpress.nibis.de\/gsrewi\/wp-json\/wp\/v2\/users\/9194318"}],"replies":[{"embeddable":true,"href":"https:\/\/wordpress.nibis.de\/gsrewi\/wp-json\/wp\/v2\/comments?post=3044"}],"version-history":[{"count":7,"href":"https:\/\/wordpress.nibis.de\/gsrewi\/wp-json\/wp\/v2\/pages\/3044\/revisions"}],"predecessor-version":[{"id":3594,"href":"https:\/\/wordpress.nibis.de\/gsrewi\/wp-json\/wp\/v2\/pages\/3044\/revisions\/3594"}],"wp:attachment":[{"href":"https:\/\/wordpress.nibis.de\/gsrewi\/wp-json\/wp\/v2\/media?parent=3044"}],"curies":[{"name":"wp","href":"https:\/\/api.w.org\/{rel}","templated":true}]}}