{"id":52,"date":"2018-09-20T14:54:05","date_gmt":"2018-09-20T12:54:05","guid":{"rendered":"http:\/\/wordpress.nibis.de\/gsrewi\/?page_id=52"},"modified":"2024-10-01T11:07:45","modified_gmt":"2024-10-01T09:07:45","slug":"ueber-uns","status":"publish","type":"page","link":"https:\/\/wordpress.nibis.de\/gsrewi\/ueber-uns\/","title":{"rendered":"Schulportrait"},"content":{"rendered":"<p><span style=\"color: #000000;font-family: arial, helvetica, sans-serif\"><strong>Unsere Schule<\/strong><\/span><\/p>\n<p><span style=\"color: #000000;font-family: arial, helvetica, sans-serif\">Mit Wirkung vom 1. August 2008 haben sich die beiden Grundschulen in Renkenberge und Wippingen aufgrund r\u00fcckl\u00e4ufiger Sch\u00fclerzahlen zum <strong>Schulzweckverband Grundschule Renkenberge\/ Wippingen<\/strong> zusammengeschlossen. Durch diese <strong>samtgemeinde\u00fcbergreifende Kooperation<\/strong> (SG Lathen \/ SG D\u00f6rpen) wird der Erhalt beider Schulen auf Dauer gew\u00e4hrleistet. Sitz des Schulzweckverbandes \u201eGrundschule Renkenberge\/Wippingen\u201c ist D\u00f6rpen. Gesch\u00e4ftsf\u00fchrer ist der Justitiar der SG D\u00f6rpen, Herr Andreas H\u00f6velmann.<\/span><\/p>\n<p><span style=\"color: #000000;font-family: arial, helvetica, sans-serif\">Die Grundschule Renkenberge\/ Wippingen ist eine einz\u00fcgige Grundschule mit den beiden Schulstandorten in Renkenberge und in Wippingen. Einzugsgebiete unserer Schule sind die Gemeinde Renkenberge mit etwa 665 Einwohnern und die Gemeinde Wippingen mit ca. 960 Einwohnern. Das B\u00fcro und die Verwaltung befinden sich am Standort Wippingen.<\/span><\/p>\n<p><span style=\"color: #000000;font-family: arial, helvetica, sans-serif\">An unserer Schule werden zurzeit <strong>84 Sch\u00fcler von 6 Lehrkr\u00e4ften<\/strong>\u00a0 unterrichtet. Zwei p\u00e4dagogische Mitarbeiterinnen leiten die Betreuungsgruppen in Klasse 1 und 2 im Rahmen der Verl\u00e4sslichen Grundschule; diese Mitarbeiterinnen stehen auch f\u00fcr die Beaufsichtigung der Sch\u00fcler bei kurzfristigen Unterrichtsausf\u00e4llen zur Verf\u00fcgung .<\/span><\/p>\n<p><span style=\"color: #000000;font-family: arial, helvetica, sans-serif\">Mit Einf\u00fchrung der <strong>inklusiven Schule<\/strong> zum 01.08.2013\/14 wird die sonderp\u00e4dagogische Grundversorgung durch die F\u00f6rderschule S\u00f6gel gew\u00e4hrleistet.\u00a0<\/span><\/p>\n<p><span style=\"color: #000000;font-family: arial, helvetica, sans-serif\">Seit dem 1. August 2009 werden die Jahrg\u00e4nge 1 und 2 an dem Schulstandort\u00a0 Wippingen, die Jahrg\u00e4nge 3 und 4 in Renkenberge unterrichtet.\u00a0<\/span><\/p>\n<p><span style=\"color: #000000;font-family: arial, helvetica, sans-serif\">In der 5. Stunde bieten wir t\u00e4glich f\u00fcr die Kinder der Klassen 1 und 2 eine freiwillige Betreuungsstunde im Rahmen der <strong>Verl\u00e4sslichen Grundschule<\/strong> an.<\/span><\/p>\n<p><span style=\"color: #000000;font-family: arial, helvetica, sans-serif\">Seit dem\u00a0Schuljahr 2009\/2010 ist unsere Grundschule \u201e<strong>Offene Ganztagsschule<\/strong>\u201c. An drei Schultagen (Montag &#8211; Mittwoch) besteht die M\u00f6glichkeit zum Mittagessen, zur Anfertigung der Hausaufgaben unter Aufsicht und zur Teilnahme an Arbeitsgemeinschaften. Wir bieten an diesen Tagen eine verl\u00e4ssliche, durchg\u00e4ngige Betreuung von 7.30 Uhr bis 15.30 Uhr an. W\u00e4hrend des Ganztagsschulbetriebs ist durchg\u00e4ngig eine verantwortliche P\u00e4dagogische Mitarbeiterin als Ansprechpartnerin f\u00fcr die teilnehmenden Sch\u00fclerinnen und Sch\u00fcler anwesend.<\/span><\/p>\n<p><span style=\"color: #000000;font-family: arial, helvetica, sans-serif\">Das Fach <strong>Religion<\/strong> wird an unserer Schule auf katholischer Grundlage erteilt. Auch die evangelischen, konfessionslosen und muslimischen Kinder nehmen an diesem Unterricht mit Zustimmung ihrer Eltern teil.<\/span><\/p>\n","protected":false},"excerpt":{"rendered":"<p>Unsere Schule Mit Wirkung vom 1. August 2008 haben sich die beiden Grundschulen in Renkenberge und Wippingen aufgrund r\u00fcckl\u00e4ufiger Sch\u00fclerzahlen zum Schulzweckverband Grundschule Renkenberge\/ Wippingen zusammengeschlossen. Durch diese samtgemeinde\u00fcbergreifende Kooperation (SG Lathen \/ SG D\u00f6rpen) wird der Erhalt beider Schulen auf Dauer gew\u00e4hrleistet. Sitz des Schulzweckverbandes \u201eGrundschule Renkenberge\/Wippingen\u201c ist D\u00f6rpen. Gesch\u00e4ftsf\u00fchrer ist der Justitiar der SG D\u00f6rpen, Herr Andreas H\u00f6velmann. Die Grundschule Renkenberge\/ Wippingen ist eine einz\u00fcgige Grundschule mit den beiden Schulstandorten in Renkenberge und in Wippingen. Einzugsgebiete unserer Schule&#8230;<\/p>\n<p class=\"read-more\"><a class=\"btn btn-default\" href=\"https:\/\/wordpress.nibis.de\/gsrewi\/ueber-uns\/\">Weiterlesen<span class=\"screen-reader-text\"> Weiterlesen<\/span><\/a><\/p>\n","protected":false},"author":9192693,"featured_media":0,"parent":0,"menu_order":0,"comment_status":"closed","ping_status":"closed","template":"","meta":{"footnotes":""},"class_list":["post-52","page","type-page","status-publish","hentry"],"_links":{"self":[{"href":"https:\/\/wordpress.nibis.de\/gsrewi\/wp-json\/wp\/v2\/pages\/52","targetHints":{"allow":["GET"]}}],"collection":[{"href":"https:\/\/wordpress.nibis.de\/gsrewi\/wp-json\/wp\/v2\/pages"}],"about":[{"href":"https:\/\/wordpress.nibis.de\/gsrewi\/wp-json\/wp\/v2\/types\/page"}],"author":[{"embeddable":true,"href":"https:\/\/wordpress.nibis.de\/gsrewi\/wp-json\/wp\/v2\/users\/9192693"}],"replies":[{"embeddable":true,"href":"https:\/\/wordpress.nibis.de\/gsrewi\/wp-json\/wp\/v2\/comments?post=52"}],"version-history":[{"count":11,"href":"https:\/\/wordpress.nibis.de\/gsrewi\/wp-json\/wp\/v2\/pages\/52\/revisions"}],"predecessor-version":[{"id":3060,"href":"https:\/\/wordpress.nibis.de\/gsrewi\/wp-json\/wp\/v2\/pages\/52\/revisions\/3060"}],"wp:attachment":[{"href":"https:\/\/wordpress.nibis.de\/gsrewi\/wp-json\/wp\/v2\/media?parent=52"}],"curies":[{"name":"wp","href":"https:\/\/api.w.org\/{rel}","templated":true}]}}