{"id":127,"date":"2016-02-24T14:44:32","date_gmt":"2016-02-24T13:44:32","guid":{"rendered":"http:\/\/wordpress.nibis.de\/gsrfeld\/?page_id=127"},"modified":"2020-09-29T13:38:16","modified_gmt":"2020-09-29T11:38:16","slug":"foerderverein","status":"publish","type":"page","link":"https:\/\/wordpress.nibis.de\/gsrfeld\/foerderverein\/","title":{"rendered":"F\u00f6rderverein"},"content":{"rendered":"<p style=\"text-align: center\"><span style=\"text-decoration: underline;font-size: 14pt;color: #008000\"><strong>Der F\u00f6rderverein der Grundschule Rechterfeld<\/strong><\/span><\/p>\n<p>\u00a0<\/p>\n<p style=\"text-align: left\">Der F\u00f6rderverein der Grundschule Rechterfeld wurde im Jahre 2006 gegr\u00fcndet.<br \/>Es ist sein Bestreben, unseren t\u00e4glichen Unterricht zu optimieren, den Kindern erweiterte Bildung zu bieten und auch die Lehrkr\u00e4fte in ihrer t\u00e4glichen Arbeit zu unterst\u00fctzen.<br \/>In den letzten Jahren hat der F\u00f6rderverein in folgenden Bereichen seine Unterst\u00fctzung angeboten:<\/p>\n<ul>\n<li style=\"list-style-type: none\">\n<ul>\n<li style=\"text-align: left\">Finanzielle Unterst\u00fctzung bei der Beschaffung von Unterrichtsmaterialien, Sport- und Spielger\u00e4te, B\u00fccher f\u00fcr die neu eingerichtete Leseecke, \u2026<\/li>\n<\/ul>\n<\/li>\n<\/ul>\n<ul>\n<li style=\"list-style-type: none\">\n<ul>\n<li style=\"text-align: left\">Finanzierung von Projekten (z.B. Autorenlesung, Fahrt zum Bauernhof, Fahrt zur Unibibliothek, \u2026)<\/li>\n<\/ul>\n<\/li>\n<\/ul>\n<ul>\n<li style=\"list-style-type: none\">\n<ul>\n<li style=\"text-align: left\">Die Ausgestaltung der Schule und des Schulhofes (z.B. Vogelnestschaukel)<\/li>\n<\/ul>\n<\/li>\n<\/ul>\n<ul>\n<li style=\"list-style-type: none\">\n<ul>\n<li style=\"text-align: left\">\u00a0Unterst\u00fctzung von Klassenfahrten, Museumsbesuchen usw.<\/li>\n<\/ul>\n<\/li>\n<\/ul>\n<ul>\n<li style=\"list-style-type: none\">\n<ul>\n<li style=\"text-align: left\">Die Unterst\u00fctzung finanziell bed\u00fcrftiger Sch\u00fclerinnen und Sch\u00fcler<\/li>\n<\/ul>\n<\/li>\n<\/ul>\n<ul>\n<li style=\"list-style-type: none\">\n<ul>\n<li style=\"text-align: left\">Finanzierung und Durchf\u00fchrung von Theaterveranstaltungen<\/li>\n<\/ul>\n<\/li>\n<\/ul>\n<ul>\n<li style=\"list-style-type: none\">\n<ul>\n<li style=\"text-align: left\">Unterst\u00fctzung im Bereich Hard- und Software<\/li>\n<\/ul>\n<\/li>\n<\/ul>\n<ul>\n<li style=\"text-align: left\">Bereitstellung eines Buses f\u00fcr diverse Schul- bzw. Klassenveranstaltungen<\/li>\n<\/ul>\n<p>Das ist Unterst\u00fctzung, die Ihren Kindern unmittelbar zu Gute kommt.<br \/>Ohne den F\u00f6rderverein w\u00fcrden viele dieser Projekte zuk\u00fcnftig nicht mehr zu realisieren sein. Oftmals m\u00fcssten Sie als Erziehungsberechtigte diese Projekte selber finanzieren.<br \/>Wenn auch Sie uns unterst\u00fctzen m\u00f6chten, werden Sie doch einfach Mitglied.<br \/>Ihre Mitgliedschaft im F\u00f6rderverein und Ihr Mitgliedsbeitrag von mindestens 12, &#8212; \u20ac j\u00e4hrlich helfen uns sehr!<br \/>Der F\u00f6rderverein freut sich selbstverst\u00e4ndlich auch \u00fcber Spenden.<\/p>\n<p style=\"text-align: center\"><strong>Vielen Dank f\u00fcr Ihre Mithilfe!<\/strong><\/p>\n<p style=\"text-align: center\"><span style=\"color: #ff0000;font-size: 14pt\"><strong><span style=\"color: #ff0000\"><a href=\"https:\/\/wordpress.nibis.de\/gsrfeld\/files\/2020\/09\/Beitrittserkl\u00e4rung-2019-mit-Datenverwendung-Email.pdf\">&gt;&gt;&gt;&gt;Beitrittserkl\u00e4rung mit Datenverwendung&lt;&lt;&lt;&lt;<\/a>\u00a0<\/span><\/strong><\/span><\/p>\n<p style=\"text-align: center\">\u00a0<\/p>\n\n\n<p><\/p>\n","protected":false},"excerpt":{"rendered":"<p>Der F\u00f6rderverein der Grundschule Rechterfeld \u00a0 Der F\u00f6rderverein der Grundschule Rechterfeld wurde im Jahre 2006 gegr\u00fcndet.Es ist sein Bestreben, unseren t\u00e4glichen Unterricht zu optimieren, den Kindern erweiterte Bildung zu bieten <a class=\"more-link\" href=\"https:\/\/wordpress.nibis.de\/gsrfeld\/foerderverein\/\">Continue Reading &rarr;<\/a><\/p>\n","protected":false},"author":977,"featured_media":0,"parent":0,"menu_order":0,"comment_status":"closed","ping_status":"closed","template":"","meta":{"footnotes":""},"class_list":["post-127","page","type-page","status-publish","hentry"],"_links":{"self":[{"href":"https:\/\/wordpress.nibis.de\/gsrfeld\/wp-json\/wp\/v2\/pages\/127","targetHints":{"allow":["GET"]}}],"collection":[{"href":"https:\/\/wordpress.nibis.de\/gsrfeld\/wp-json\/wp\/v2\/pages"}],"about":[{"href":"https:\/\/wordpress.nibis.de\/gsrfeld\/wp-json\/wp\/v2\/types\/page"}],"author":[{"embeddable":true,"href":"https:\/\/wordpress.nibis.de\/gsrfeld\/wp-json\/wp\/v2\/users\/977"}],"replies":[{"embeddable":true,"href":"https:\/\/wordpress.nibis.de\/gsrfeld\/wp-json\/wp\/v2\/comments?post=127"}],"version-history":[{"count":15,"href":"https:\/\/wordpress.nibis.de\/gsrfeld\/wp-json\/wp\/v2\/pages\/127\/revisions"}],"predecessor-version":[{"id":3269,"href":"https:\/\/wordpress.nibis.de\/gsrfeld\/wp-json\/wp\/v2\/pages\/127\/revisions\/3269"}],"wp:attachment":[{"href":"https:\/\/wordpress.nibis.de\/gsrfeld\/wp-json\/wp\/v2\/media?parent=127"}],"curies":[{"name":"wp","href":"https:\/\/api.w.org\/{rel}","templated":true}]}}