{"id":129,"date":"2016-02-24T14:45:12","date_gmt":"2016-02-24T13:45:12","guid":{"rendered":"http:\/\/wordpress.nibis.de\/gsrfeld\/?page_id=129"},"modified":"2023-02-04T10:20:44","modified_gmt":"2023-02-04T09:20:44","slug":"betreuungsangebot","status":"publish","type":"page","link":"https:\/\/wordpress.nibis.de\/gsrfeld\/betreuungsangebot\/","title":{"rendered":"Betreuungsangebot"},"content":{"rendered":"<p>Als verl\u00e4ssliche Grundschule bieten wir f\u00fcr die erste und zweite Klasse eine Betreuung in der f\u00fcnften Stunde (bis 12.40 Uhr) an unserer Schule an. In der Betreuungszeit k\u00f6nnen die Kinder spielen, malen, lachen, die Legoecke und den Schulhof genie\u00dfen. Gestaltet wird das Betreuungsangebot von unseren p\u00e4dagogischen Mitarbeiterinnen Frau H\u00f6ckendorf und Frau Kr\u00f6ger.<\/p>\n<p><strong>Die verbindlichen Anmeldungen f\u00fcr die Betreuung sind jeweils zum Ende des alten Schul(halb)jahres bei der Schule einzureichen!<\/strong><\/p>\n<p>Dar\u00fcber hinaus k\u00f6nnen wir durch die Kooperation mit dem Familienb\u00fcro der Gemeinde Visbek ein Betreuungsangebot f\u00fcr unsere Sch\u00fcler in der Gerbertschule Visbek anbieten.<\/p>\n<p>Die Sch\u00fclerinnen und Sch\u00fcler unserer Schule haben die M\u00f6glichkeit, das Angebot des Familienb\u00fcros der Gemeinde Visbek zu nutzen und an einem kostenpflichtigen t\u00e4glichen Mittagstisch, Hausaufgabenbetreuung und\/oder kreativen Betreuungsangeboten in der Gerbertschule in Visbek teilzunehmen. Alle Angebote sind optional w\u00e4hlbar.<\/p>\n<p>Die Anmeldung kann f\u00fcr eine oder mehrere Stunden oder f\u00fcr mehrere Tage der Woche f\u00fcr die Dauer eines Schulhalbjahres erfolgen. Die Kinder k\u00f6nnen in diesem Fall nach Unterrichtsschluss mit dem Bus nach Visbek fahren.<\/p>\n<p>Die Informationen und die Anmeldungsformulare erhalten alle Erziehungsberechtigten \u00fcber einen Elternbrief zum Ende jedes alten Schul(halb)jahres.<\/p>\n<p>Au\u00dferdem bieten wir \u00fcber die Gemeinde Visbek eine Ferienbetreuung in der Gerbertschule Visbek an. Auch hier erfolgt die Anmeldung und Organisation \u00fcber das Familienb\u00fcro.<\/p>\n","protected":false},"excerpt":{"rendered":"<p>Als verl\u00e4ssliche Grundschule bieten wir f\u00fcr die erste und zweite Klasse eine Betreuung in der f\u00fcnften Stunde (bis 12.40 Uhr) an unserer Schule an. In der Betreuungszeit k\u00f6nnen die Kinder <a class=\"more-link\" href=\"https:\/\/wordpress.nibis.de\/gsrfeld\/betreuungsangebot\/\">Continue Reading &rarr;<\/a><\/p>\n","protected":false},"author":977,"featured_media":0,"parent":0,"menu_order":0,"comment_status":"closed","ping_status":"closed","template":"","meta":{"footnotes":""},"class_list":["post-129","page","type-page","status-publish","hentry"],"_links":{"self":[{"href":"https:\/\/wordpress.nibis.de\/gsrfeld\/wp-json\/wp\/v2\/pages\/129","targetHints":{"allow":["GET"]}}],"collection":[{"href":"https:\/\/wordpress.nibis.de\/gsrfeld\/wp-json\/wp\/v2\/pages"}],"about":[{"href":"https:\/\/wordpress.nibis.de\/gsrfeld\/wp-json\/wp\/v2\/types\/page"}],"author":[{"embeddable":true,"href":"https:\/\/wordpress.nibis.de\/gsrfeld\/wp-json\/wp\/v2\/users\/977"}],"replies":[{"embeddable":true,"href":"https:\/\/wordpress.nibis.de\/gsrfeld\/wp-json\/wp\/v2\/comments?post=129"}],"version-history":[{"count":5,"href":"https:\/\/wordpress.nibis.de\/gsrfeld\/wp-json\/wp\/v2\/pages\/129\/revisions"}],"predecessor-version":[{"id":4059,"href":"https:\/\/wordpress.nibis.de\/gsrfeld\/wp-json\/wp\/v2\/pages\/129\/revisions\/4059"}],"wp:attachment":[{"href":"https:\/\/wordpress.nibis.de\/gsrfeld\/wp-json\/wp\/v2\/media?parent=129"}],"curies":[{"name":"wp","href":"https:\/\/api.w.org\/{rel}","templated":true}]}}