{"id":258,"date":"2016-02-25T12:10:10","date_gmt":"2016-02-25T11:10:10","guid":{"rendered":"http:\/\/wordpress.nibis.de\/gsrfeld\/?page_id=258"},"modified":"2016-08-04T11:36:17","modified_gmt":"2016-08-04T09:36:17","slug":"schulordnung","status":"publish","type":"page","link":"https:\/\/wordpress.nibis.de\/gsrfeld\/schulordnung\/","title":{"rendered":"Schulordnung"},"content":{"rendered":"<p style=\"text-align: center\"><span style=\"font-size: 16px\"><strong>\u00a0<\/strong><\/span><\/p>\n<p style=\"text-align: center\">In unserer Schule wollen wir uns alle wohl f\u00fchlen.<\/p>\n<p style=\"text-align: center\">Damit es allen gut geht und alle gesund bleiben, halte ich mich an die Schulordnung.\u00a0<\/p>\n<p style=\"text-align: center\">\u00a0<\/p>\n<p style=\"text-align: center\"><strong>Umgang miteinander<\/strong><\/p>\n<p style=\"text-align: center\">Beim Spielen verhalte ich mich freundlich und nehme R\u00fccksicht auf andere. Ich bringe niemanden durch mein Handeln in Gefahr.<\/p>\n<p style=\"text-align: center\">Ich verletze und \u00e4rgere niemanden mit Worten oder Taten. Deswegen benutze ich auch keine Schimpfw\u00f6rter, gehe vorsichtig mit den Sachen meiner Mitsch\u00fcler um und schlichte aufkommenden Streit mit Worten. Wir bem\u00fchen uns Auseinandersetzungen friedlich unter uns zu l\u00f6sen. Gelingt uns das nicht, holen wir uns Hilfe bei einem Lehrer \/ einer Lehrerin.<\/p>\n<p style=\"text-align: center\">Ich lasse andere Kinder in Ruhe spielen. Wenn ich mitspielen m\u00f6chte, sage ich es.<\/p>\n<p style=\"text-align: center\"><span style=\"text-decoration: line-through\">\u00a0<\/span><\/p>\n<p style=\"text-align: center\">Die Lehrerinnen und Lehrer haben die Verantwortung f\u00fcr mich, deshalb beachte ich ihre Anweisungen.<\/p>\n<p style=\"text-align: center\">\u00a0<\/p>\n<p style=\"text-align: center\"><strong>In der Schule und auf dem Schulhof<\/strong><\/p>\n<p style=\"text-align: center\">Ich verbringe die gro\u00dfen Pausen auf dem ausgewiesenen Schulhof.<\/p>\n<p style=\"text-align: center\">Ich klettere nicht auf die B\u00e4ume und rei\u00dfe nichts von B\u00e4umen und Str\u00e4uchern ab.<\/p>\n<p style=\"text-align: center\">Damit unsere Schule sauber bleibt, werfe ich meinen Abfall in die aufgestellten M\u00fclleimer und achte auf M\u00fclltrennung.<\/p>\n<p style=\"text-align: center\">Schulb\u00fccher, Spielsachen und M\u00f6bel m\u00fcssen noch viele Kinder nach mir benutzen. Daher gehe ich sorgsam damit um. Wenn etwas kaputt geht, sage ich Bescheid.<\/p>\n<p style=\"text-align: center\">Jede Klasse kann an einem Tag in der Woche auch w\u00e4hrend der Pausen die Leseecke besuchen. Hier verhalten wir uns leise und behandeln die B\u00fccher schonend.\u00a0 Die Lehrer regeln den Besuch.<\/p>\n<p style=\"text-align: center\">Spielsachen, mit denen ich in der Pause gespielt habe, bringe ich an ihren Platz zur\u00fcck.<\/p>\n<p style=\"text-align: center\">Ich hinterlasse die Toilettenr\u00e4ume stets sauber.<\/p>\n<p style=\"text-align: center\">Wenn es regnet, darf ich mich in der Pausenhalle aufhalten. Die Aufsicht entscheidet, ob wir uns auch in den Klassen aufhalten d\u00fcrfen.<\/p>\n<p style=\"text-align: center\">Wir d\u00fcrfen in der Pausenhalle nicht laufen.<\/p>\n<p style=\"text-align: center\">Wenn ich mich nicht an die Regeln halte, werde ich von den Lehrkr\u00e4ften deutlich ermahnt und sie erkl\u00e4ren mir noch einmal die Regel.<\/p>\n<p style=\"text-align: center\">Die Aufsicht entscheidet, ob ich die Regel, gegen die ich versto\u00dfen habe, abschreiben muss.<\/p>\n","protected":false},"excerpt":{"rendered":"<p>\u00a0 In unserer Schule wollen wir uns alle wohl f\u00fchlen. Damit es allen gut geht und alle gesund bleiben, halte ich mich an die Schulordnung.\u00a0 \u00a0 Umgang miteinander Beim Spielen <a class=\"more-link\" href=\"https:\/\/wordpress.nibis.de\/gsrfeld\/schulordnung\/\">Continue Reading &rarr;<\/a><\/p>\n","protected":false},"author":977,"featured_media":0,"parent":0,"menu_order":0,"comment_status":"closed","ping_status":"closed","template":"","meta":{"footnotes":""},"class_list":["post-258","page","type-page","status-publish","hentry"],"_links":{"self":[{"href":"https:\/\/wordpress.nibis.de\/gsrfeld\/wp-json\/wp\/v2\/pages\/258","targetHints":{"allow":["GET"]}}],"collection":[{"href":"https:\/\/wordpress.nibis.de\/gsrfeld\/wp-json\/wp\/v2\/pages"}],"about":[{"href":"https:\/\/wordpress.nibis.de\/gsrfeld\/wp-json\/wp\/v2\/types\/page"}],"author":[{"embeddable":true,"href":"https:\/\/wordpress.nibis.de\/gsrfeld\/wp-json\/wp\/v2\/users\/977"}],"replies":[{"embeddable":true,"href":"https:\/\/wordpress.nibis.de\/gsrfeld\/wp-json\/wp\/v2\/comments?post=258"}],"version-history":[{"count":4,"href":"https:\/\/wordpress.nibis.de\/gsrfeld\/wp-json\/wp\/v2\/pages\/258\/revisions"}],"predecessor-version":[{"id":468,"href":"https:\/\/wordpress.nibis.de\/gsrfeld\/wp-json\/wp\/v2\/pages\/258\/revisions\/468"}],"wp:attachment":[{"href":"https:\/\/wordpress.nibis.de\/gsrfeld\/wp-json\/wp\/v2\/media?parent=258"}],"curies":[{"name":"wp","href":"https:\/\/api.w.org\/{rel}","templated":true}]}}