{"id":1172,"date":"2014-12-01T18:31:43","date_gmt":"2014-12-01T17:31:43","guid":{"rendered":"http:\/\/wordpress.nibis.de\/gsriemsloh\/?page_id=1172"},"modified":"2017-04-06T00:28:38","modified_gmt":"2017-04-05T22:28:38","slug":"die-lernwerkstatt-in-riemsloh","status":"publish","type":"page","link":"https:\/\/wordpress.nibis.de\/gsriemsloh\/die-lernwerkstatt-in-riemsloh\/","title":{"rendered":"Die Lernwerkstatt in Riemsloh"},"content":{"rendered":"<p><strong><strong><img loading=\"lazy\" decoding=\"async\" class=\"alignnone size-medium wp-image-3096\" src=\"http:\/\/wordpress.nibis.de\/gsriemsloh\/files\/logo_lernwerkstatt-300x211.jpg\" alt=\"\" width=\"300\" height=\"211\" srcset=\"https:\/\/wordpress.nibis.de\/gsriemsloh\/files\/logo_lernwerkstatt-300x211.jpg 300w, https:\/\/wordpress.nibis.de\/gsriemsloh\/files\/logo_lernwerkstatt-150x106.jpg 150w, https:\/\/wordpress.nibis.de\/gsriemsloh\/files\/logo_lernwerkstatt.jpg 640w, https:\/\/wordpress.nibis.de\/gsriemsloh\/files\/logo_lernwerkstatt-426x300.jpg 426w\" sizes=\"auto, (max-width: 300px) 100vw, 300px\" \/><\/strong><\/strong><\/p>\n<p><strong><strong>Modellvorhaben\u00a0 \u201eKindergarten und Grundschule unter einem Dach\u201c<\/strong><\/strong><\/p>\n<p>Im Fr\u00fchjahr 2012 wurde vom Kultusministerium die Ausschreibung zu dem Modellvorhaben des Landes Niedersachsen: Kita und Grundschule unter einem Dach ver\u00f6ffentlicht. F\u00fcr uns eine gute M\u00f6glichkeit unser Vorhaben, eine Lernwerkstatt im Br\u00fcckenjahr einzurichten, weiter voranzubringen.<\/p>\n<p>Wir haben uns gemeinsam mit der Kita St. Johann (ww.kita-st-johann.de) mit unserer Idee des Aufbaus einer <strong><strong>institutionen-\u00fcbergreifenden Lernwerkstatt<\/strong><\/strong> beworben.<\/p>\n<p>Auf der Homepage des Kultusministeriums wird es so formuliert:<\/p>\n<p><strong><strong>\u201e<\/strong><\/strong>Bildung f\u00fcr Kinder von 0 bis 10 Jahren soll in Niedersachsen kindgerecht, flexibel und ohne institutionelle Br\u00fcche &#8211; also \u201eunter einem Dach&#8220; gestaltet werden. Grundlage daf\u00fcr ist eine enge Verzahnung der p\u00e4dagogischen Arbeit in Kindertagesst\u00e4tten und Grundschulen.\u201c<\/p>\n<p>\u201eDas Nieders\u00e4chsische Kultusministerium f\u00f6rdert acht ausgew\u00e4hlte Modellstandorte \u00fcber einen Zeitraum von drei Jahren mit bis zu 30.000 Euro pro Jahr. Die Modellstandorte entwickeln und erproben praxistaugliche Bildungsans\u00e4tze f\u00fcr eine gemeinsame, multiprofessionell angelegte P\u00e4dagogik im \u00dcbergang vom Kindergarten in die Grundschule.\u201c<\/p>\n<p><a href=\"http:\/\/www.mk.niedersachsen.de\/portal\/live.php?navigation_id=30401&amp;article_id=104796&amp;_psmand=8\">www.mk.niedersachsen.de\/portal\/live.php?navigation_id=30401&amp;article_id=104796&amp;_psmand=8<\/a><\/p>\n<p>Am 23. 7. 2012 wurden in Hannover vom damaligen Ministerpr\u00e4sident David McAllister die 8 Standorte bekanntgegeben:<\/p>\n<p>Die Kooperation Kita St. Johann\/GS Riemsloh wurde als Standort aus dem Landkreis Osnabr\u00fcck ausgew\u00e4hlt!<\/p>\n<p>Nach den Sommerferien begann unsere weitere Aufbauarbeit unter diesen neuen Voraussetzungen.<\/p>\n","protected":false},"excerpt":{"rendered":"<p>Modellvorhaben\u00a0 \u201eKindergarten und Grundschule unter einem Dach\u201c Im Fr\u00fchjahr 2012 wurde vom Kultusministerium die Ausschreibung zu dem Modellvorhaben des Landes Niedersachsen: Kita und Grundschule unter einem Dach ver\u00f6ffentlicht. F\u00fcr uns eine gute M\u00f6glichkeit unser Vorhaben, eine Lernwerkstatt im Br\u00fcckenjahr einzurichten, weiter voranzubringen. Wir haben uns gemeinsam mit der Kita St. Johann (ww.kita-st-johann.de) mit unserer Idee &hellip; <a href=\"https:\/\/wordpress.nibis.de\/gsriemsloh\/die-lernwerkstatt-in-riemsloh\/\" class=\"more-link\">Weiterlesen <span class=\"screen-reader-text\">Die Lernwerkstatt in Riemsloh<\/span><\/a><\/p>\n","protected":false},"author":499,"featured_media":0,"parent":0,"menu_order":0,"comment_status":"closed","ping_status":"closed","template":"","meta":{"footnotes":""},"class_list":["post-1172","page","type-page","status-publish","hentry","without-featured-image"],"_links":{"self":[{"href":"https:\/\/wordpress.nibis.de\/gsriemsloh\/wp-json\/wp\/v2\/pages\/1172","targetHints":{"allow":["GET"]}}],"collection":[{"href":"https:\/\/wordpress.nibis.de\/gsriemsloh\/wp-json\/wp\/v2\/pages"}],"about":[{"href":"https:\/\/wordpress.nibis.de\/gsriemsloh\/wp-json\/wp\/v2\/types\/page"}],"author":[{"embeddable":true,"href":"https:\/\/wordpress.nibis.de\/gsriemsloh\/wp-json\/wp\/v2\/users\/499"}],"replies":[{"embeddable":true,"href":"https:\/\/wordpress.nibis.de\/gsriemsloh\/wp-json\/wp\/v2\/comments?post=1172"}],"version-history":[{"count":4,"href":"https:\/\/wordpress.nibis.de\/gsriemsloh\/wp-json\/wp\/v2\/pages\/1172\/revisions"}],"predecessor-version":[{"id":3098,"href":"https:\/\/wordpress.nibis.de\/gsriemsloh\/wp-json\/wp\/v2\/pages\/1172\/revisions\/3098"}],"wp:attachment":[{"href":"https:\/\/wordpress.nibis.de\/gsriemsloh\/wp-json\/wp\/v2\/media?parent=1172"}],"curies":[{"name":"wp","href":"https:\/\/api.w.org\/{rel}","templated":true}]}}