{"id":168,"date":"2014-08-11T11:28:24","date_gmt":"2014-08-11T09:28:24","guid":{"rendered":"http:\/\/wordpress.nibis.de\/gsriemsloh\/?page_id=168"},"modified":"2023-12-05T16:12:42","modified_gmt":"2023-12-05T15:12:42","slug":"schulvorstand","status":"publish","type":"page","link":"https:\/\/wordpress.nibis.de\/gsriemsloh\/schulvorstand\/","title":{"rendered":"Schulvorstand"},"content":{"rendered":"<p style=\"text-align: left\"><strong>Lehrkr\u00e4fte: <\/strong> Frau Bolte, Frau Conrad, Frau Intrup, Frau Schekahn<\/p>\n<p style=\"text-align: left\"><strong>Eltern: <\/strong>Frau Koehler, Frau Beckmann, Frau Terbeck, Frau T\u00f6nsing<\/p>\n<p><strong>Elternvertretende<\/strong>: Frau T\u00f6nsing, Frau Terbeck<\/p>\n","protected":false},"excerpt":{"rendered":"<p>Lehrkr\u00e4fte: Frau Bolte, Frau Conrad, Frau Intrup, Frau Schekahn Eltern: Frau Koehler, Frau Beckmann, Frau Terbeck, Frau T\u00f6nsing Elternvertretende: Frau T\u00f6nsing, Frau Terbeck<\/p>\n","protected":false},"author":472,"featured_media":0,"parent":0,"menu_order":0,"comment_status":"closed","ping_status":"closed","template":"","meta":{"footnotes":""},"class_list":["post-168","page","type-page","status-publish","hentry","without-featured-image"],"_links":{"self":[{"href":"https:\/\/wordpress.nibis.de\/gsriemsloh\/wp-json\/wp\/v2\/pages\/168","targetHints":{"allow":["GET"]}}],"collection":[{"href":"https:\/\/wordpress.nibis.de\/gsriemsloh\/wp-json\/wp\/v2\/pages"}],"about":[{"href":"https:\/\/wordpress.nibis.de\/gsriemsloh\/wp-json\/wp\/v2\/types\/page"}],"author":[{"embeddable":true,"href":"https:\/\/wordpress.nibis.de\/gsriemsloh\/wp-json\/wp\/v2\/users\/472"}],"replies":[{"embeddable":true,"href":"https:\/\/wordpress.nibis.de\/gsriemsloh\/wp-json\/wp\/v2\/comments?post=168"}],"version-history":[{"count":25,"href":"https:\/\/wordpress.nibis.de\/gsriemsloh\/wp-json\/wp\/v2\/pages\/168\/revisions"}],"predecessor-version":[{"id":5884,"href":"https:\/\/wordpress.nibis.de\/gsriemsloh\/wp-json\/wp\/v2\/pages\/168\/revisions\/5884"}],"wp:attachment":[{"href":"https:\/\/wordpress.nibis.de\/gsriemsloh\/wp-json\/wp\/v2\/media?parent=168"}],"curies":[{"name":"wp","href":"https:\/\/api.w.org\/{rel}","templated":true}]}}