{"id":17,"date":"2014-05-27T17:01:18","date_gmt":"2014-05-27T15:01:18","guid":{"rendered":"http:\/\/wordpress.nibis.de\/gsriemsloh\/?page_id=17"},"modified":"2024-05-07T20:25:31","modified_gmt":"2024-05-07T18:25:31","slug":"schule","status":"publish","type":"page","link":"https:\/\/wordpress.nibis.de\/gsriemsloh\/schule\/","title":{"rendered":""},"content":{"rendered":"\n<p><\/p>\n\n\n<p style=\"text-align: center\"><strong><span style=\"font-size: 18pt\">Herzlich Willkommen auf der Homepage der Grundschule Riemsloh.<\/span><\/strong><\/p>\n<p style=\"text-align: center\"><img loading=\"lazy\" decoding=\"async\" class=\"alignnone wp-image-4233\" src=\"https:\/\/wordpress.nibis.de\/gsriemsloh\/files\/20200323_073858-300x225.jpg\" alt=\"\" width=\"352\" height=\"264\" srcset=\"https:\/\/wordpress.nibis.de\/gsriemsloh\/files\/20200323_073858-300x225.jpg 300w, https:\/\/wordpress.nibis.de\/gsriemsloh\/files\/20200323_073858-150x113.jpg 150w, https:\/\/wordpress.nibis.de\/gsriemsloh\/files\/20200323_073858-400x300.jpg 400w, https:\/\/wordpress.nibis.de\/gsriemsloh\/files\/20200323_073858.jpg 640w\" sizes=\"auto, (max-width: 352px) 100vw, 352px\" \/><\/p>\n<div id='gallery-1' class='gallery galleryid-17 gallery-columns-4 gallery-size-thumbnail'><dl class='gallery-item'>\n\t\t\t<dt class='gallery-icon landscape'>\n\t\t\t\t<a href='https:\/\/wordpress.nibis.de\/gsriemsloh\/schule\/logo\/#main'><img loading=\"lazy\" decoding=\"async\" width=\"150\" height=\"54\" src=\"https:\/\/wordpress.nibis.de\/gsriemsloh\/files\/logo-150x54.jpg\" class=\"attachment-thumbnail size-thumbnail\" alt=\"\" srcset=\"https:\/\/wordpress.nibis.de\/gsriemsloh\/files\/logo-150x54.jpg 150w, https:\/\/wordpress.nibis.de\/gsriemsloh\/files\/logo-300x108.jpg 300w, https:\/\/wordpress.nibis.de\/gsriemsloh\/files\/logo.jpg 640w, https:\/\/wordpress.nibis.de\/gsriemsloh\/files\/logo-500x180.jpg 500w\" sizes=\"auto, (max-width: 150px) 100vw, 150px\" \/><\/a>\n\t\t\t<\/dt><\/dl><dl class='gallery-item'>\n\t\t\t<dt class='gallery-icon portrait'>\n\t\t\t\t<a href='https:\/\/wordpress.nibis.de\/gsriemsloh\/schule\/logo_sportschule_04\/#main'><img loading=\"lazy\" decoding=\"async\" width=\"141\" height=\"141\" src=\"https:\/\/wordpress.nibis.de\/gsriemsloh\/files\/logo_sportschule_04-150x150.jpg\" class=\"attachment-thumbnail size-thumbnail\" alt=\"\" srcset=\"https:\/\/wordpress.nibis.de\/gsriemsloh\/files\/logo_sportschule_04-150x150.jpg 150w, https:\/\/wordpress.nibis.de\/gsriemsloh\/files\/logo_sportschule_04-298x300.jpg 298w, https:\/\/wordpress.nibis.de\/gsriemsloh\/files\/logo_sportschule_04.jpg 476w\" sizes=\"auto, (max-width: 141px) 100vw, 141px\" \/><\/a>\n\t\t\t<\/dt><\/dl><dl class='gallery-item'>\n\t\t\t<dt class='gallery-icon landscape'>\n\t\t\t\t<a href='https:\/\/wordpress.nibis.de\/gsriemsloh\/schule\/lerie-logo_lernwerkstatt\/#main'><img loading=\"lazy\" decoding=\"async\" width=\"150\" height=\"106\" src=\"https:\/\/wordpress.nibis.de\/gsriemsloh\/files\/lerie-logo_lernwerkstatt-150x106.jpg\" class=\"attachment-thumbnail size-thumbnail\" alt=\"\" srcset=\"https:\/\/wordpress.nibis.de\/gsriemsloh\/files\/lerie-logo_lernwerkstatt-150x106.jpg 150w, https:\/\/wordpress.nibis.de\/gsriemsloh\/files\/lerie-logo_lernwerkstatt-300x212.jpg 300w, https:\/\/wordpress.nibis.de\/gsriemsloh\/files\/lerie-logo_lernwerkstatt-426x300.jpg 426w, https:\/\/wordpress.nibis.de\/gsriemsloh\/files\/lerie-logo_lernwerkstatt.jpg 600w\" sizes=\"auto, (max-width: 150px) 100vw, 150px\" \/><\/a>\n\t\t\t<\/dt><\/dl>\n\t\t\t<br style='clear: both' \/>\n\t\t<\/div>\n\n<p>Unsere zweiz\u00fcgige Grundschule besuchen derzeit 130 Sch\u00fclerinnen und Sch\u00fcler. Die Kinder werden von neun LehrerInnen und zwei F\u00f6rderschullehrerinnen unterrichtet. Unterst\u00fctzt werden wir durch zwei Jahrespraktikantinnen. F\u00fcnf p\u00e4dagogische Mitarbeiterinnen sind f\u00fcr die Betreuung und f\u00fcr den Vertretungsunterricht zust\u00e4ndig.<\/p>\n<p>Die Grundschule Riemsloh befindet sich in einer l\u00e4ndlichen Umgebung. Die Schule liegt im Zentrum von Riemsloh mit guten Busanbindungen zu den einzelnen Ortsteilen sowie umliegenden Gemeinden. Im direkten Umfeld liegt der Kindergarten, der Sportplatz, die Turnhalle, das Freibad und die katholische Kirche.<\/p>\n<p>Unsere 8 Klassenr\u00e4ume sind medientechnisch sehr gut ausgestattet. Jede Klasse verf\u00fcgt \u00fcber eine Dokumentenkamera und ein interaktives Smartboard. Die Schule hat weiterhin einen Werkraum, einen Textilraum, einen Englischraum, einen F\u00f6rderraum, eine Aula mit Musikraum, eine B\u00fccherei und eine Leselandschaft. Nicht zu vergessen ist unsere Lernwerkstatt.<\/p>\n<p>Der gro\u00dfz\u00fcgig angelegte Schulhof bietet den Kindern Spiel- und Bewegungsm\u00f6glichkeiten im Gr\u00fcnen. Die Spielger\u00e4te werden regelm\u00e4\u00dfig mit Hilfe des F\u00f6rdervereins erg\u00e4nzt und erneuert.<\/p>\n<p>Die Grundschule Riemsloh verfolgt verschiedene <u>p\u00e4dagogische Konzepte<\/u>, die stets evaluiert werden. Wir sind:<\/p>\n<ul>\n<li>Sportfreundliche Schule<\/li>\n<li>Musikalische Grundschule<\/li>\n<li>Mitglied im \u201eKooperationsverbund f\u00fcr begabte Sch\u00fclerinnen und Sch\u00fcler\u201c<\/li>\n<li>Konsultationsst\u00e4tte f\u00fcr Kitas und Grundschulen gemeinsam mit der Kita St. Johann (Fortbildungen zu den Bereichen \u201eLernwerkstatt\u201c und \u201eSprachbildung\u201c werden angeboten)<\/li>\n<\/ul>\n<p><u>Unser Schulleben<\/u>: Um 7.45 Uhr beginnt unser Unterricht. Bis 13.00 Uhr sind wir eine verl\u00e4ssliche Grundschule. Neben dem regul\u00e4ren Unterricht gibt es verschiedene Angebote an denen die Klassen teilnehmen k\u00f6nnen:<\/p>\n<ul>\n<li>Lesef\u00f6rderung (Teilnahme am Lesekoffer-Projekt mit der \u00f6rtlichen Buchhandlung, Vorlesewettbewerb, Tag des Buches, Antolin\u2026)<\/li>\n<li>j\u00e4hrlich stattfindende Sport-Veranstaltungen (Laufabzeichen, Sportabzeichen, Stadtlauf, Tischtennis-Rundlauf-Team-Cup)<\/li>\n<li>jahrgangs\u00fcbergreifende Projekte (Kunst-Projekt, Musik-Projekt \u201eKlasse!Wir singen\u201c, Zirkus-Projekt, Sport-Projekt)<\/li>\n<\/ul>\n<p>Regelm\u00e4\u00dfig finden vor den Ferien Schulversammlungen statt, an denen auch die Eltern teilnehmen k\u00f6nnen.<\/p>\n<p>Die Kinder werden ab 7.20 Uhr auf dem Schulhof beaufsichtigt.<\/p>\n<p>Ab 7.30 Uhr wird die Schule ge\u00f6ffnet.<\/p>\n<table>\n<tbody>\n<tr>\n<td width=\"165\">1. Stunde<\/td>\n<td width=\"415\">\u00a0 7.45 Uhr \u2013\u00a0\u00a0 8.30 Uhr<\/td>\n<\/tr>\n<tr>\n<td width=\"165\">2. Stunde<\/td>\n<td width=\"415\">\u00a0 8.30 Uhr \u2013\u00a0\u00a0 9.15 Uhr<\/td>\n<\/tr>\n<tr>\n<td width=\"165\">Fr\u00fchst\u00fcckspause<\/td>\n<td width=\"415\">\u00a0 9.15 Uhr \u2013\u00a0\u00a0 9.25 Uhr<\/td>\n<\/tr>\n<tr>\n<td width=\"165\">Gro\u00dfe Pause<\/td>\n<td width=\"415\">\u00a0 9.25 Uhr \u2013\u00a0\u00a0 9.40 Uhr<\/td>\n<\/tr>\n<tr>\n<td width=\"165\">3. Stunde<\/td>\n<td width=\"415\">\u00a0 9.40 Uhr \u2013 10.25 Uhr<\/td>\n<\/tr>\n<tr>\n<td width=\"165\">Kleine Pause<\/td>\n<td width=\"415\">10.25 Uhr \u2013 10.30 Uhr<\/td>\n<\/tr>\n<tr>\n<td width=\"165\">4. Stunde<\/td>\n<td width=\"415\">10.30 Uhr \u2013 11.15 Uhr<\/td>\n<\/tr>\n<tr>\n<td width=\"165\">Gro\u00dfe Pause<\/td>\n<td width=\"415\">11.15 Uhr \u2013 11.30 Uhr<\/td>\n<\/tr>\n<tr>\n<td width=\"165\">5. Stunde<\/td>\n<td width=\"415\">11.30 Uhr \u2013 12.15 Uhr<\/td>\n<\/tr>\n<tr>\n<td width=\"165\">6. Stunde<\/td>\n<td width=\"415\">12.15 Uhr \u2013 13.00 Uhr<\/td>\n<\/tr>\n<\/tbody>\n<\/table>\n<p><span style=\"font-size: 14pt\">\u00a0<\/span><\/p>\n<h5>\u00a0<\/h5>","protected":false},"excerpt":{"rendered":"<p>Herzlich Willkommen auf der Homepage der Grundschule Riemsloh. Unsere zweiz\u00fcgige Grundschule besuchen derzeit 130 Sch\u00fclerinnen und Sch\u00fcler. Die Kinder werden von neun LehrerInnen und zwei F\u00f6rderschullehrerinnen unterrichtet. Unterst\u00fctzt werden wir durch zwei Jahrespraktikantinnen. F\u00fcnf p\u00e4dagogische Mitarbeiterinnen sind f\u00fcr die Betreuung und f\u00fcr den Vertretungsunterricht zust\u00e4ndig. Die Grundschule Riemsloh befindet sich in einer l\u00e4ndlichen Umgebung. Die &hellip; <a href=\"https:\/\/wordpress.nibis.de\/gsriemsloh\/schule\/\" class=\"more-link\">Weiterlesen <span class=\"screen-reader-text\"><\/span><\/a><\/p>\n","protected":false},"author":472,"featured_media":0,"parent":0,"menu_order":0,"comment_status":"closed","ping_status":"closed","template":"","meta":{"footnotes":""},"class_list":["post-17","page","type-page","status-publish","hentry","without-featured-image"],"_links":{"self":[{"href":"https:\/\/wordpress.nibis.de\/gsriemsloh\/wp-json\/wp\/v2\/pages\/17","targetHints":{"allow":["GET"]}}],"collection":[{"href":"https:\/\/wordpress.nibis.de\/gsriemsloh\/wp-json\/wp\/v2\/pages"}],"about":[{"href":"https:\/\/wordpress.nibis.de\/gsriemsloh\/wp-json\/wp\/v2\/types\/page"}],"author":[{"embeddable":true,"href":"https:\/\/wordpress.nibis.de\/gsriemsloh\/wp-json\/wp\/v2\/users\/472"}],"replies":[{"embeddable":true,"href":"https:\/\/wordpress.nibis.de\/gsriemsloh\/wp-json\/wp\/v2\/comments?post=17"}],"version-history":[{"count":32,"href":"https:\/\/wordpress.nibis.de\/gsriemsloh\/wp-json\/wp\/v2\/pages\/17\/revisions"}],"predecessor-version":[{"id":6022,"href":"https:\/\/wordpress.nibis.de\/gsriemsloh\/wp-json\/wp\/v2\/pages\/17\/revisions\/6022"}],"wp:attachment":[{"href":"https:\/\/wordpress.nibis.de\/gsriemsloh\/wp-json\/wp\/v2\/media?parent=17"}],"curies":[{"name":"wp","href":"https:\/\/api.w.org\/{rel}","templated":true}]}}