{"id":174,"date":"2014-08-11T11:29:15","date_gmt":"2014-08-11T09:29:15","guid":{"rendered":"http:\/\/wordpress.nibis.de\/gsriemsloh\/?page_id=174"},"modified":"2024-06-20T21:23:01","modified_gmt":"2024-06-20T19:23:01","slug":"foerderverein","status":"publish","type":"page","link":"https:\/\/wordpress.nibis.de\/gsriemsloh\/foerderverein\/","title":{"rendered":"F\u00f6rderverein"},"content":{"rendered":"<p><strong>F\u00f6rderverein der Grundschule Riemsloh<\/strong><\/p>\n<p><strong>Was genau macht nun unser F\u00f6rderverein?\u00a0<\/strong><\/p>\n<p style=\"text-align: left\">Wir sehen unsere Aufgabe darin, in verschiedenen Bereichen zu einer Verbesserung der Schulatmosph\u00e4re beizutragen, z. B. durch die Anschaffung von Spiel- und Lehrmaterialien. Oder wir unterst\u00fctzen die Finanzierung von Ausfl\u00fcgen oder Projekten die aufgrund der begrenzten st\u00e4dtischen Haushaltsmittel sonst so, oder \u00e4hnlich, gar nicht m\u00f6glich w\u00e4ren. Und wenn die finanzielle Lage in einer Familie angespannt ist, stehen wir gerne hilfsbereit zur Seite, wenn es um die Finanzierung einer Klassenfahrt geht. Denn schlie\u00dflich m\u00f6chten wir allen Sch\u00fclern die M\u00f6glichkeit bieten, an den schulischen Angeboten teilzunehmen. Doch ohne <strong>SIE<\/strong> ist all dies leider nicht durchf\u00fchrbar. Wir sind angewiesen auf die Mithilfe unserer Mitglieder und Sponsoren. Nur durch <strong>SIE<\/strong> k\u00f6nnen wir etwas bewegen.<\/p>\n<p><strong>Vorstand:\u00a0 \u00a0 \u00a0 \u00a0 \u00a0 \u00a0 \u00a0 \u00a0<\/strong><\/p>\n<p><strong>1. Vorsitzende:<\/strong> Dr. Svenja Raasch<\/p>\n<p><strong>stellv. Vorsitzende:<\/strong>\u00a0 Nina Hirsch<\/p>\n<p><strong>Kassenwartin:\u00a0 \u00a0 \u00a0 <\/strong>Christine Riske<\/p>\n<p><strong>Schriftf\u00fchrerin:\u00a0 \u00a0 <\/strong>Annike Bistram<\/p>\n<p><strong><a href=\"https:\/\/wordpress.nibis.de\/gsriemsloh\/files\/2024_Mitgliedsantrag_Neu-1.pdf\">Mitgliedsantrag F\u00f6rderverein<\/a><\/strong><\/p>\n","protected":false},"excerpt":{"rendered":"<p>F\u00f6rderverein der Grundschule Riemsloh Was genau macht nun unser F\u00f6rderverein?\u00a0 Wir sehen unsere Aufgabe darin, in verschiedenen Bereichen zu einer Verbesserung der Schulatmosph\u00e4re beizutragen, z. B. durch die Anschaffung von Spiel- und Lehrmaterialien. Oder wir unterst\u00fctzen die Finanzierung von Ausfl\u00fcgen oder Projekten die aufgrund der begrenzten st\u00e4dtischen Haushaltsmittel sonst so, oder \u00e4hnlich, gar nicht m\u00f6glich &hellip; <a href=\"https:\/\/wordpress.nibis.de\/gsriemsloh\/foerderverein\/\" class=\"more-link\">Weiterlesen <span class=\"screen-reader-text\">F\u00f6rderverein<\/span><\/a><\/p>\n","protected":false},"author":472,"featured_media":0,"parent":0,"menu_order":0,"comment_status":"closed","ping_status":"closed","template":"","meta":{"footnotes":""},"class_list":["post-174","page","type-page","status-publish","hentry","without-featured-image"],"_links":{"self":[{"href":"https:\/\/wordpress.nibis.de\/gsriemsloh\/wp-json\/wp\/v2\/pages\/174","targetHints":{"allow":["GET"]}}],"collection":[{"href":"https:\/\/wordpress.nibis.de\/gsriemsloh\/wp-json\/wp\/v2\/pages"}],"about":[{"href":"https:\/\/wordpress.nibis.de\/gsriemsloh\/wp-json\/wp\/v2\/types\/page"}],"author":[{"embeddable":true,"href":"https:\/\/wordpress.nibis.de\/gsriemsloh\/wp-json\/wp\/v2\/users\/472"}],"replies":[{"embeddable":true,"href":"https:\/\/wordpress.nibis.de\/gsriemsloh\/wp-json\/wp\/v2\/comments?post=174"}],"version-history":[{"count":10,"href":"https:\/\/wordpress.nibis.de\/gsriemsloh\/wp-json\/wp\/v2\/pages\/174\/revisions"}],"predecessor-version":[{"id":6084,"href":"https:\/\/wordpress.nibis.de\/gsriemsloh\/wp-json\/wp\/v2\/pages\/174\/revisions\/6084"}],"wp:attachment":[{"href":"https:\/\/wordpress.nibis.de\/gsriemsloh\/wp-json\/wp\/v2\/media?parent=174"}],"curies":[{"name":"wp","href":"https:\/\/api.w.org\/{rel}","templated":true}]}}