{"id":2728,"date":"2016-07-30T13:17:09","date_gmt":"2016-07-30T11:17:09","guid":{"rendered":"http:\/\/wordpress.nibis.de\/gsriemsloh\/?page_id=2728"},"modified":"2019-12-16T15:11:55","modified_gmt":"2019-12-16T14:11:55","slug":"paed-konzept","status":"publish","type":"page","link":"https:\/\/wordpress.nibis.de\/gsriemsloh\/paed-konzept\/","title":{"rendered":"P\u00e4d. Konzept"},"content":{"rendered":"\n<p>Die Grundschule Riemsloh verfolgt verschiedene&nbsp;p\u00e4dagogische Konzepte, die stets evaluiert werden. Wir sind:<\/p>\n\n\n\n<ul class=\"wp-block-list\"><li>Sportfreundliche Schule<\/li><li>Musikalische Grundschule<\/li><li>Mitglied im \u201eKooperationsverbund f\u00fcr begabte Sch\u00fclerinnen und Sch\u00fcler\u201c<\/li><li>Konsultationsst\u00e4tte f\u00fcr Kitas und Grundschulen gemeinsam mit der Kita St. Johann (Fortbildungen zu den Bereichen \u201eLernwerkstatt\u201c und \u201eSprachbildung\u201c werden angeboten)<\/li><\/ul>\n","protected":false},"excerpt":{"rendered":"<p>Die Grundschule Riemsloh verfolgt verschiedene&nbsp;p\u00e4dagogische Konzepte, die stets evaluiert werden. Wir sind: Sportfreundliche Schule Musikalische Grundschule Mitglied im \u201eKooperationsverbund f\u00fcr begabte Sch\u00fclerinnen und Sch\u00fcler\u201c Konsultationsst\u00e4tte f\u00fcr Kitas und Grundschulen gemeinsam mit der Kita St. Johann (Fortbildungen zu den Bereichen \u201eLernwerkstatt\u201c und \u201eSprachbildung\u201c werden angeboten)<\/p>\n","protected":false},"author":499,"featured_media":0,"parent":0,"menu_order":0,"comment_status":"closed","ping_status":"closed","template":"","meta":{"footnotes":""},"class_list":["post-2728","page","type-page","status-publish","hentry","without-featured-image"],"_links":{"self":[{"href":"https:\/\/wordpress.nibis.de\/gsriemsloh\/wp-json\/wp\/v2\/pages\/2728","targetHints":{"allow":["GET"]}}],"collection":[{"href":"https:\/\/wordpress.nibis.de\/gsriemsloh\/wp-json\/wp\/v2\/pages"}],"about":[{"href":"https:\/\/wordpress.nibis.de\/gsriemsloh\/wp-json\/wp\/v2\/types\/page"}],"author":[{"embeddable":true,"href":"https:\/\/wordpress.nibis.de\/gsriemsloh\/wp-json\/wp\/v2\/users\/499"}],"replies":[{"embeddable":true,"href":"https:\/\/wordpress.nibis.de\/gsriemsloh\/wp-json\/wp\/v2\/comments?post=2728"}],"version-history":[{"count":2,"href":"https:\/\/wordpress.nibis.de\/gsriemsloh\/wp-json\/wp\/v2\/pages\/2728\/revisions"}],"predecessor-version":[{"id":4027,"href":"https:\/\/wordpress.nibis.de\/gsriemsloh\/wp-json\/wp\/v2\/pages\/2728\/revisions\/4027"}],"wp:attachment":[{"href":"https:\/\/wordpress.nibis.de\/gsriemsloh\/wp-json\/wp\/v2\/media?parent=2728"}],"curies":[{"name":"wp","href":"https:\/\/api.w.org\/{rel}","templated":true}]}}