{"id":33,"date":"2014-05-27T17:07:14","date_gmt":"2014-05-27T15:07:14","guid":{"rendered":"http:\/\/wordpress.nibis.de\/gsriemsloh\/?page_id=33"},"modified":"2022-04-01T15:24:24","modified_gmt":"2022-04-01T13:24:24","slug":"klassen","status":"publish","type":"page","link":"https:\/\/wordpress.nibis.de\/gsriemsloh\/klassen\/","title":{"rendered":"Sch\u00fcler der Grundschule Riemsloh"},"content":{"rendered":"<p>Die zweiz\u00fcgige Grundschule Riemsloh besuchen zur Zeit 130 Kinder.<\/p>\n<p>Die Klassenst\u00e4rke in den acht Klassen liegt dabei bei ungef\u00e4hr 15 Sch\u00fclerinnen und Sch\u00fclern.<\/p>\n","protected":false},"excerpt":{"rendered":"<p>Die zweiz\u00fcgige Grundschule Riemsloh besuchen zur Zeit 130 Kinder. Die Klassenst\u00e4rke in den acht Klassen liegt dabei bei ungef\u00e4hr 15 Sch\u00fclerinnen und Sch\u00fclern.<\/p>\n","protected":false},"author":472,"featured_media":0,"parent":0,"menu_order":0,"comment_status":"closed","ping_status":"closed","template":"","meta":{"footnotes":""},"class_list":["post-33","page","type-page","status-publish","hentry","without-featured-image"],"_links":{"self":[{"href":"https:\/\/wordpress.nibis.de\/gsriemsloh\/wp-json\/wp\/v2\/pages\/33","targetHints":{"allow":["GET"]}}],"collection":[{"href":"https:\/\/wordpress.nibis.de\/gsriemsloh\/wp-json\/wp\/v2\/pages"}],"about":[{"href":"https:\/\/wordpress.nibis.de\/gsriemsloh\/wp-json\/wp\/v2\/types\/page"}],"author":[{"embeddable":true,"href":"https:\/\/wordpress.nibis.de\/gsriemsloh\/wp-json\/wp\/v2\/users\/472"}],"replies":[{"embeddable":true,"href":"https:\/\/wordpress.nibis.de\/gsriemsloh\/wp-json\/wp\/v2\/comments?post=33"}],"version-history":[{"count":12,"href":"https:\/\/wordpress.nibis.de\/gsriemsloh\/wp-json\/wp\/v2\/pages\/33\/revisions"}],"predecessor-version":[{"id":5040,"href":"https:\/\/wordpress.nibis.de\/gsriemsloh\/wp-json\/wp\/v2\/pages\/33\/revisions\/5040"}],"wp:attachment":[{"href":"https:\/\/wordpress.nibis.de\/gsriemsloh\/wp-json\/wp\/v2\/media?parent=33"}],"curies":[{"name":"wp","href":"https:\/\/api.w.org\/{rel}","templated":true}]}}