{"id":3762,"date":"2018-12-25T13:31:15","date_gmt":"2018-12-25T12:31:15","guid":{"rendered":"http:\/\/wordpress.nibis.de\/gsriemsloh\/?page_id=3762"},"modified":"2022-04-01T15:23:06","modified_gmt":"2022-04-01T13:23:06","slug":"schulteam","status":"publish","type":"page","link":"https:\/\/wordpress.nibis.de\/gsriemsloh\/schulteam\/","title":{"rendered":"Schulteam"},"content":{"rendered":"\n<p>An unserer Schule unterrichten 9 Lehrkr\u00e4fte und zwei Sonderp\u00e4dagogin. Tatkr\u00e4ftige Unterst\u00fctzung erhalten wir von drei p\u00e4dagogischen MitarbeiterInnen, die auch Teil des Betreuungsteams sind. Mit unseren unseren Inklusionsbegleiterinnen, Herrn Bolte unserem Hausmeister und Frau Kobus unserer Sekret\u00e4rin bilden wir ein 24 k\u00f6pfigesTeam.<\/p>\n","protected":false},"excerpt":{"rendered":"<p>An unserer Schule unterrichten 9 Lehrkr\u00e4fte und zwei Sonderp\u00e4dagogin. Tatkr\u00e4ftige Unterst\u00fctzung erhalten wir von drei p\u00e4dagogischen MitarbeiterInnen, die auch Teil des Betreuungsteams sind. Mit unseren unseren Inklusionsbegleiterinnen, Herrn Bolte unserem Hausmeister und Frau Kobus unserer Sekret\u00e4rin bilden wir ein 24 k\u00f6pfigesTeam.<\/p>\n","protected":false},"author":9192350,"featured_media":0,"parent":0,"menu_order":0,"comment_status":"closed","ping_status":"closed","template":"","meta":{"footnotes":""},"class_list":["post-3762","page","type-page","status-publish","hentry","without-featured-image"],"_links":{"self":[{"href":"https:\/\/wordpress.nibis.de\/gsriemsloh\/wp-json\/wp\/v2\/pages\/3762","targetHints":{"allow":["GET"]}}],"collection":[{"href":"https:\/\/wordpress.nibis.de\/gsriemsloh\/wp-json\/wp\/v2\/pages"}],"about":[{"href":"https:\/\/wordpress.nibis.de\/gsriemsloh\/wp-json\/wp\/v2\/types\/page"}],"author":[{"embeddable":true,"href":"https:\/\/wordpress.nibis.de\/gsriemsloh\/wp-json\/wp\/v2\/users\/9192350"}],"replies":[{"embeddable":true,"href":"https:\/\/wordpress.nibis.de\/gsriemsloh\/wp-json\/wp\/v2\/comments?post=3762"}],"version-history":[{"count":5,"href":"https:\/\/wordpress.nibis.de\/gsriemsloh\/wp-json\/wp\/v2\/pages\/3762\/revisions"}],"predecessor-version":[{"id":5038,"href":"https:\/\/wordpress.nibis.de\/gsriemsloh\/wp-json\/wp\/v2\/pages\/3762\/revisions\/5038"}],"wp:attachment":[{"href":"https:\/\/wordpress.nibis.de\/gsriemsloh\/wp-json\/wp\/v2\/media?parent=3762"}],"curies":[{"name":"wp","href":"https:\/\/api.w.org\/{rel}","templated":true}]}}