{"id":3816,"date":"2019-02-10T14:18:30","date_gmt":"2019-02-10T13:18:30","guid":{"rendered":"http:\/\/wordpress.nibis.de\/gsriemsloh\/?page_id=3816"},"modified":"2024-12-17T20:32:51","modified_gmt":"2024-12-17T19:32:51","slug":"sportfreundliche-schule","status":"publish","type":"page","link":"https:\/\/wordpress.nibis.de\/gsriemsloh\/sportfreundliche-schule\/","title":{"rendered":"Sportfreundliche Schule"},"content":{"rendered":"<p>Wir haben es wieder geschafft!<\/p>\n<p>Im Jahr 2024 wurden wir im Rahmen einer &#8222;sportlichen&#8220; Schulversammlung bereits zum vierten Mal als \u201esportfreundliche Schule\u201c zertifiziert. Diese Auszeichnung des Landes Niedersachsen bescheinigt unserer Schule damit ein besonders sport- und bewegungsfreundliches Klima und w\u00fcrdigt den Einsatz und das Engagement aller in diesem Bereich, der fest in unserem Schulprogramm verankert ist.<\/p>\n<p>Der Dezernent Herr Borgers sowie Herr Singbeil als Fachberater f\u00fcr Schulsport des RLSB \u00fcberreichten das neue Schild f\u00fcr den Eingangsbereich und zeigte sich von unserem Bewegungsangebot f\u00fcr die Kinder begeistert.<\/p>\n<p>Und das zu Recht! Nicht nur w\u00e4hrend der Pausen und w\u00e4hrend des freien Spiels im Betreuungsbereich haben die Kinder unserer Schule vielf\u00e4ltige Gelegenheiten, sich auf unserem gro\u00dfen Hof ausreichend zu bewegen. Laufen, springen, klettern, rollen, gleiten, fahren, \u2026 Alles ist m\u00f6glich!<\/p>\n<p>Und auch im Rahmen des Sportunterrichts lernen die Kinder ein breites Spektrum an Sportarten kennen. J\u00e4hrlich nehmen wir am Tischtennis-Rundenlauf-Team-Cup, am Meller Stadtlauf, am Handball-Tag des HVN sowie am Hallenfu\u00dfballturnier der Meller Grundschulen teil. Alle zwei Jahre spielt die ganze Schule Low-T-Ball und beteiligt sich am talentino-Schultennis-Cup. Au\u00dferdem erf\u00fcllen jedes Jahr zahlreiche Kinder die Anforderungen f\u00fcr den Erwerb des Sport- sowie des Laufabzeichens und erhalten im Rahmen des Schwimmunterrichts h\u00e4ufig eines der drei Jugendschwimmabzeichen.<\/p>\n<p>All das sind feste Bestandteile unseres Schullebens. Dabei und vor allem auch im Ganztag kooperieren wir mit mehreren Vereinen aus der n\u00e4heren Umgebung. Die Tischtennis- und die Tennis-Abteilung des TSV Riemsloh, die HSG Gr\u00f6negau, der SC Melle 03, Budokai Melle und der Reiterhof Beckmann sind hier zu nennen.<\/p>\n<p>Bei all dem hilft uns nat\u00fcrlich auch die Lage unserer Schule ungemein. Direkt auf dem Schulgel\u00e4nde haben wir einen tollen Niedrigseil-Klettergarten und einen auf dem Schulhof aufgezeichneten Fahrrad-Parcours. Der gut ausgestatteten Turnhalle ist ein gro\u00dfer Sportplatz mit 400-Meter-Bahn angeschlossen. Fu\u00dfl\u00e4ufig befinden sich das beheizte Freibad, ein Bolz-, ein Volleyball- und ein Spielplatz.<\/p>\n<p>Wir freuen uns \u00fcber die Auszeichnung und bedanken uns bei allen, die sich in diesem Bereich f\u00fcr die Kinder und unsere Schule in ganz besonderem Ma\u00dfe engagieren!<\/p>\n<p>Melina Hagenhoff<\/p>\n","protected":false},"excerpt":{"rendered":"<p>Wir haben es wieder geschafft! Im Jahr 2024 wurden wir im Rahmen einer &#8222;sportlichen&#8220; Schulversammlung bereits zum vierten Mal als \u201esportfreundliche Schule\u201c zertifiziert. Diese Auszeichnung des Landes Niedersachsen bescheinigt unserer Schule damit ein besonders sport- und bewegungsfreundliches Klima und w\u00fcrdigt den Einsatz und das Engagement aller in diesem Bereich, der fest in unserem Schulprogramm verankert &hellip; <a href=\"https:\/\/wordpress.nibis.de\/gsriemsloh\/sportfreundliche-schule\/\" class=\"more-link\">Weiterlesen <span class=\"screen-reader-text\">Sportfreundliche Schule<\/span><\/a><\/p>\n","protected":false},"author":9192350,"featured_media":0,"parent":0,"menu_order":0,"comment_status":"closed","ping_status":"closed","template":"","meta":{"footnotes":""},"class_list":["post-3816","page","type-page","status-publish","hentry","without-featured-image"],"_links":{"self":[{"href":"https:\/\/wordpress.nibis.de\/gsriemsloh\/wp-json\/wp\/v2\/pages\/3816","targetHints":{"allow":["GET"]}}],"collection":[{"href":"https:\/\/wordpress.nibis.de\/gsriemsloh\/wp-json\/wp\/v2\/pages"}],"about":[{"href":"https:\/\/wordpress.nibis.de\/gsriemsloh\/wp-json\/wp\/v2\/types\/page"}],"author":[{"embeddable":true,"href":"https:\/\/wordpress.nibis.de\/gsriemsloh\/wp-json\/wp\/v2\/users\/9192350"}],"replies":[{"embeddable":true,"href":"https:\/\/wordpress.nibis.de\/gsriemsloh\/wp-json\/wp\/v2\/comments?post=3816"}],"version-history":[{"count":3,"href":"https:\/\/wordpress.nibis.de\/gsriemsloh\/wp-json\/wp\/v2\/pages\/3816\/revisions"}],"predecessor-version":[{"id":6279,"href":"https:\/\/wordpress.nibis.de\/gsriemsloh\/wp-json\/wp\/v2\/pages\/3816\/revisions\/6279"}],"wp:attachment":[{"href":"https:\/\/wordpress.nibis.de\/gsriemsloh\/wp-json\/wp\/v2\/media?parent=3816"}],"curies":[{"name":"wp","href":"https:\/\/api.w.org\/{rel}","templated":true}]}}