{"id":3823,"date":"2019-02-17T15:44:20","date_gmt":"2019-02-17T14:44:20","guid":{"rendered":"http:\/\/wordpress.nibis.de\/gsriemsloh\/?page_id=3823"},"modified":"2023-02-01T10:00:41","modified_gmt":"2023-02-01T09:00:41","slug":"musikalische-grundschule","status":"publish","type":"page","link":"https:\/\/wordpress.nibis.de\/gsriemsloh\/musikalische-grundschule\/","title":{"rendered":"Musikalische Grundschule"},"content":{"rendered":"<p>Wir die Grundschule Riemsloh sind seit dem Fr\u00fchjahr 2020 Musikalische Grundschule. Die Musikalische Grundschule ist ein Schulentwicklungsprojekt des Nieders\u00e4chsischen Kultusministeriums, an dem momentan rund 80 Schulen teilnehmen und dessen Ziel es ist Musik in den Schulalltag einzubinden: Mehr Musik, mit mehr Beteiligten, zu mehr Gelegenheiten, in mehr F\u00e4chern.<\/p>\n<p><strong>Ziel der Grundschule Riemsloh<\/strong> soll es sein, dass die Sch\u00fclerinnen und Sch\u00fcler zu verschiedenen Gelegenheiten, mit mehr Beteiligten, mehr Musik zuerleben. Durch die neuen musikalischen Begebenheiten soll sich ein gr\u00f6\u00dferes Gemeinschaftsgef\u00fchl entwickeln und der Zusammenhalt in Schule und vor allem zwischen den Sch\u00fclerinnen und Sch\u00fclern gest\u00e4rkt werden.<\/p>\n<p>Bereits vor dem Start des Projektes wurde Musik an unserer Schule praktiziert: es findet das allj\u00e4hrliche Adventssingen statt, es gibt viele musikalische Beitr\u00e4ge bei Schulauff\u00fchrungen und alle vier Jahre f\u00e4hrt die gesamte Schule zu \u201eKlasse!Wir singen!\u201c.<\/p>\n<p>Wir arbeiten immer daran unserem Ziel ein St\u00fcck n\u00e4her zu kommen.<\/p>\n<p>Zur Zeit gibt es an unserer Schule folgende Aktionen:<\/p>\n<ol>\n<li><strong>Musikalische H\u00e4ppchen in DB\u00b4s\u00a0 \u00a0 \u00a0 \u00a0 \u00a0 \u00a0 \u00a0 \u00a0 \u00a0 \u00a0 \u00a0 \u00a0 \u00a0 \u00a0 \u00a0 \u00a0 \u00a0 \u00a0 \u00a0 \u00a0 \u00a0 \u00a0 \u00a0 \u00a0 \u00a0 \u00a0 \u00a0 \u00a0 \u00a0 \u00a0 \u00a0 \u00a0 \u00a0 \u00a0 \u00a0 \u00a0 \u00a0 <\/strong>Das in den Modueln erlernte wird von der Musikkordernatorin in den Dienstbesprechungen an die Kollegen weiter getragen. Diese sind Multiplikatoren und k\u00f6nnen das Erlernte mit ihren Sch\u00fclern umsetzen.<\/li>\n<\/ol>\n<ol start=\"2\">\n<li><strong>Monatssingen\u00a0 \u00a0 \u00a0 \u00a0 \u00a0 \u00a0 \u00a0 \u00a0 \u00a0 \u00a0 \u00a0 \u00a0 \u00a0 \u00a0 \u00a0 \u00a0 \u00a0 \u00a0 \u00a0 \u00a0 \u00a0 \u00a0 \u00a0 \u00a0 \u00a0 \u00a0 \u00a0 \u00a0 \u00a0 \u00a0 \u00a0 \u00a0 \u00a0 \u00a0 \u00a0 \u00a0 \u00a0 \u00a0 \u00a0 \u00a0 \u00a0 \u00a0 \u00a0 \u00a0 \u00a0 \u00a0 \u00a0 \u00a0 \u00a0 \u00a0 \u00a0 \u00a0 <\/strong>Alle Klassen lernen jeden Monat ein neues, gemeinsames Lied kennen. Dieses wird t\u00e4glich ge\u00fcbt, um es am Ende des jeweiligen Monats gemeinsam mit der ganzen Schule zu singen.<\/li>\n<\/ol>\n<ol start=\"3\">\n<li><strong>Kreismusikschule (Mini-Moos)\u00a0 \u00a0 \u00a0 \u00a0 \u00a0 \u00a0 \u00a0 \u00a0 \u00a0 \u00a0 \u00a0 \u00a0 \u00a0 \u00a0 \u00a0 \u00a0 \u00a0 \u00a0 \u00a0 \u00a0 \u00a0 \u00a0 \u00a0 \u00a0 \u00a0 \u00a0 \u00a0 \u00a0 \u00a0 \u00a0 \u00a0 \u00a0 \u00a0 \u00a0 \u00a0 \u00a0 \u00a0 \u00a0 <\/strong>Seit dem 2. Halbjahr des Schuljahres 2018\/19 findet das Projekt \u201eMini-Moos\u201c an unserer Schule statt. Hier k\u00f6nnen Erstkl\u00e4ssler an dem Angebot einer elementaren, musikalischen Grundausbildung teilnehmen. Es wird gesungen, mit Instrumenten\u00a0 experimentiert, verschiedene Rhythmen erlernt, eine Vorf\u00fchrung vorbereitet und vieles mehr.<\/li>\n<\/ol>\n<ol start=\"4\">\n<li><strong>Schulhymne\u00a0 \u00a0 \u00a0 \u00a0 \u00a0 \u00a0 \u00a0 \u00a0 \u00a0 \u00a0 \u00a0 \u00a0 \u00a0 \u00a0 \u00a0 \u00a0 \u00a0 \u00a0 \u00a0 \u00a0 \u00a0 \u00a0 \u00a0 \u00a0 \u00a0 \u00a0 \u00a0 \u00a0 \u00a0 \u00a0 \u00a0 \u00a0 \u00a0 \u00a0 \u00a0 \u00a0 \u00a0 \u00a0 \u00a0 \u00a0 \u00a0 \u00a0 \u00a0 \u00a0 \u00a0 \u00a0 \u00a0 \u00a0 \u00a0 \u00a0 \u00a0 \u00a0 \u00a0 <\/strong>Im Schuljahr 18\/19 und 19\/20 haben die damaligen dritten bzw. vierten Klassen gemeinsam mit Frau Cornelius eine eigenen Schulhymne geschrieben. Diese wurde anschlie\u00dfend auf CD aufgenommen und in anderen Klassen einge\u00fcbt. Nun ist sie fester Bestandteil bei Veranstaltungen, Festen und Feiern.<\/li>\n<\/ol>\n<p>Ansprechparterinnen istFrau Schekahn als Musikkoordinatorin.<\/p>\n","protected":false},"excerpt":{"rendered":"<p>Wir die Grundschule Riemsloh sind seit dem Fr\u00fchjahr 2020 Musikalische Grundschule. Die Musikalische Grundschule ist ein Schulentwicklungsprojekt des Nieders\u00e4chsischen Kultusministeriums, an dem momentan rund 80 Schulen teilnehmen und dessen Ziel es ist Musik in den Schulalltag einzubinden: Mehr Musik, mit mehr Beteiligten, zu mehr Gelegenheiten, in mehr F\u00e4chern. Ziel der Grundschule Riemsloh soll es sein, &hellip; <a href=\"https:\/\/wordpress.nibis.de\/gsriemsloh\/musikalische-grundschule\/\" class=\"more-link\">Weiterlesen <span class=\"screen-reader-text\">Musikalische Grundschule<\/span><\/a><\/p>\n","protected":false},"author":9192350,"featured_media":0,"parent":0,"menu_order":0,"comment_status":"closed","ping_status":"closed","template":"","meta":{"footnotes":""},"class_list":["post-3823","page","type-page","status-publish","hentry","without-featured-image"],"_links":{"self":[{"href":"https:\/\/wordpress.nibis.de\/gsriemsloh\/wp-json\/wp\/v2\/pages\/3823","targetHints":{"allow":["GET"]}}],"collection":[{"href":"https:\/\/wordpress.nibis.de\/gsriemsloh\/wp-json\/wp\/v2\/pages"}],"about":[{"href":"https:\/\/wordpress.nibis.de\/gsriemsloh\/wp-json\/wp\/v2\/types\/page"}],"author":[{"embeddable":true,"href":"https:\/\/wordpress.nibis.de\/gsriemsloh\/wp-json\/wp\/v2\/users\/9192350"}],"replies":[{"embeddable":true,"href":"https:\/\/wordpress.nibis.de\/gsriemsloh\/wp-json\/wp\/v2\/comments?post=3823"}],"version-history":[{"count":6,"href":"https:\/\/wordpress.nibis.de\/gsriemsloh\/wp-json\/wp\/v2\/pages\/3823\/revisions"}],"predecessor-version":[{"id":5391,"href":"https:\/\/wordpress.nibis.de\/gsriemsloh\/wp-json\/wp\/v2\/pages\/3823\/revisions\/5391"}],"wp:attachment":[{"href":"https:\/\/wordpress.nibis.de\/gsriemsloh\/wp-json\/wp\/v2\/media?parent=3823"}],"curies":[{"name":"wp","href":"https:\/\/api.w.org\/{rel}","templated":true}]}}