{"id":4923,"date":"2022-02-08T15:24:57","date_gmt":"2022-02-08T14:24:57","guid":{"rendered":"https:\/\/wordpress.nibis.de\/gsriemsloh\/?page_id=4923"},"modified":"2022-02-09T16:24:57","modified_gmt":"2022-02-09T15:24:57","slug":"schulsozialarbeit","status":"publish","type":"page","link":"https:\/\/wordpress.nibis.de\/gsriemsloh\/schulsozialarbeit\/","title":{"rendered":"Schulsozialarbeiterin"},"content":{"rendered":"\n<div class=\"wp-block-image\"><figure class=\"alignleft size-full is-resized\"><img loading=\"lazy\" decoding=\"async\" src=\"https:\/\/wordpress.nibis.de\/gsriemsloh\/files\/Picture1.jpg\" alt=\"\" class=\"wp-image-4930\" width=\"160\" height=\"199\" srcset=\"https:\/\/wordpress.nibis.de\/gsriemsloh\/files\/Picture1.jpg 370w, https:\/\/wordpress.nibis.de\/gsriemsloh\/files\/Picture1-114x141.jpg 114w, https:\/\/wordpress.nibis.de\/gsriemsloh\/files\/Picture1-307x380.jpg 307w\" sizes=\"auto, (max-width: 160px) 100vw, 160px\" \/><figcaption>Anne Jurgelucks<\/figcaption><\/figure><\/div>\n\n\n\n<p>Liebe Kinder, liebe Eltern!<\/p>\n<p>Mein Name ist Anne Jurgelucks, ich bin Sozialp\u00e4dagogin<\/p>\n<p>und als Schulsozialarbeiterin an der Grundschule Riemsloh t\u00e4tig.<\/p>\n<p>\u00a0<\/p>\n<p>\u00a0<\/p>\n<p>Schulsozialarbeit? Was ist das eigentlich?<\/p>\n<p>F\u00fcr euch, als <strong>Sch\u00fcler<\/strong> bedeutet es, dass ihr immer eine vertrauensvolle Ansprechpartnerin habt. Ihr habt Streit mit eurem besten Freund oder eurer besten Freundin? Zuhause gibt es Stress mit den Eltern oder ihr werdet nachmittags im Sportverein ge\u00e4rgert? Vielleicht kommt ihr auch nicht so gut mit einer Lehrerin zurecht oder ihr habt Angst vor schlechten Noten?<\/p>\n<p>Egal, was euch besch\u00e4ftigt \u2013 ihr k\u00f6nnt mich jederzeit ansprechen! Au\u00dferdem habe ich eine Schweigepflicht. Das hei\u00dft: nur wenn ihr einverstanden seid, darf ich \u00fcber unser Gespr\u00e4ch mit jemand anderem reden.<\/p>\n<p>\u00a0Auch Sie als <strong>Eltern<\/strong> haben in mir eine vertrauensvolle Ansprechpartnerin, die Ihnen gerne beratend zur Seite steht.<\/p>\n<p>Sie haben Schwierigkeiten, Ihr Kind zu den Hausaufgaben zu motivieren oder machen sich Sorgen, wie Sie die B\u00fccher f\u00fcr das neue Schuljahr bezahlen sollen?<\/p>\n<p>Sprechen Sie mich gerne an, wenn Sie Unterst\u00fctzung, Hilfe oder einfach mal einen Rat brauchen. Dabei ist es egal, ob es sich um Erziehungsfragen, um Konflikte zu Hause, um Unstimmigkeiten mit der Schule oder um etwas anderes geht. Und nat\u00fcrlich gilt auch hier meine Schweigepflicht.<\/p>\n<p>Gerne k\u00f6nnen Sie mich anrufen oder mir eine E-Mail schreiben.<\/p>\n<p>Ich freue mich auf eine gute und vertrauensvolle Zusammenarbeit!<\/p>\n<p>Mit freundlichen Gr\u00fc\u00dfen,<\/p>\n<p>Anne Jurgelucks<\/p>\n<p>\u00a0<\/p>\n<p><strong>Ihr Kontakt:<\/strong><\/p>\n<p>Anne Jurgelucks<\/p>\n<p>(Sozialp\u00e4daogin\/Sozialarbeiterin B.A.)<\/p>\n<p><a href=\"m&#97;&#x69;&#x6c;t&#111;&#x3a;&#x61;n&#110;&#101;&#x2e;&#x6a;u&#114;&#x67;&#x65;l&#117;&#x63;&#x6b;s&#64;&#103;&#x73;&#x2d;r&#105;&#x65;&#x6d;s&#108;&#x6f;&#x68;&#46;&#110;&#101;&#x74;\">anne&#46;&#106;&#117;&#114;&#103;&#x65;&#x6c;&#x75;&#x63;&#x6b;&#x73;&#x40;gs-r&#105;&#101;&#109;&#115;&#108;&#x6f;&#x68;&#x2e;&#x6e;&#x65;&#x74;<\/a><\/p>\n<p>Telefon: 05226\/987861<\/p>\n","protected":false},"excerpt":{"rendered":"<p>Liebe Kinder, liebe Eltern! Mein Name ist Anne Jurgelucks, ich bin Sozialp\u00e4dagogin und als Schulsozialarbeiterin an der Grundschule Riemsloh t\u00e4tig. \u00a0 \u00a0 Schulsozialarbeit? Was ist das eigentlich? F\u00fcr euch, als Sch\u00fcler bedeutet es, dass ihr immer eine vertrauensvolle Ansprechpartnerin habt. Ihr habt Streit mit eurem besten Freund oder eurer besten Freundin? Zuhause gibt es Stress &hellip; <a href=\"https:\/\/wordpress.nibis.de\/gsriemsloh\/schulsozialarbeit\/\" class=\"more-link\">Weiterlesen <span class=\"screen-reader-text\">Schulsozialarbeiterin<\/span><\/a><\/p>\n","protected":false},"author":9192350,"featured_media":0,"parent":0,"menu_order":0,"comment_status":"closed","ping_status":"closed","template":"","meta":{"footnotes":""},"class_list":["post-4923","page","type-page","status-publish","hentry","without-featured-image"],"_links":{"self":[{"href":"https:\/\/wordpress.nibis.de\/gsriemsloh\/wp-json\/wp\/v2\/pages\/4923","targetHints":{"allow":["GET"]}}],"collection":[{"href":"https:\/\/wordpress.nibis.de\/gsriemsloh\/wp-json\/wp\/v2\/pages"}],"about":[{"href":"https:\/\/wordpress.nibis.de\/gsriemsloh\/wp-json\/wp\/v2\/types\/page"}],"author":[{"embeddable":true,"href":"https:\/\/wordpress.nibis.de\/gsriemsloh\/wp-json\/wp\/v2\/users\/9192350"}],"replies":[{"embeddable":true,"href":"https:\/\/wordpress.nibis.de\/gsriemsloh\/wp-json\/wp\/v2\/comments?post=4923"}],"version-history":[{"count":11,"href":"https:\/\/wordpress.nibis.de\/gsriemsloh\/wp-json\/wp\/v2\/pages\/4923\/revisions"}],"predecessor-version":[{"id":5631,"href":"https:\/\/wordpress.nibis.de\/gsriemsloh\/wp-json\/wp\/v2\/pages\/4923\/revisions\/5631"}],"wp:attachment":[{"href":"https:\/\/wordpress.nibis.de\/gsriemsloh\/wp-json\/wp\/v2\/media?parent=4923"}],"curies":[{"name":"wp","href":"https:\/\/api.w.org\/{rel}","templated":true}]}}