{"id":4934,"date":"2022-02-08T15:37:34","date_gmt":"2022-02-08T14:37:34","guid":{"rendered":"https:\/\/wordpress.nibis.de\/gsriemsloh\/?page_id=4934"},"modified":"2022-02-08T15:43:32","modified_gmt":"2022-02-08T14:43:32","slug":"die-schulsozialarbeiterin-ist-ansprechpartnerin","status":"publish","type":"page","link":"https:\/\/wordpress.nibis.de\/gsriemsloh\/die-schulsozialarbeiterin-ist-ansprechpartnerin\/","title":{"rendered":"Die Schulsozialarbeiterin ist Ansprechpartnerin&#8230;"},"content":{"rendered":"\n<p>&#8230; f\u00fcr Sch\u00fclerinnen und Sch\u00fcler:<\/p>\n<ul>\n<li>bei Schwierigkeiten in der Schule<\/li>\n<li>bei Problemen in der Familie und mit Freunden<\/li>\n<li>bei Konflikten zwischen Sch\u00fclerInnen<\/li>\n<li>in der Zusammenarbeit mit au\u00dferschulischen Einrichtungen<\/li>\n<\/ul>\n<p>\u00a0<\/p>\n<p>&#8230; f\u00fcr Eltern\/Erziehungsberechtigte:<\/p>\n<ul>\n<li>bei Erziehungsfragen<\/li>\n<li>bei der Vermittlung von Kontakten zu anderen unterst\u00fctzenden Einrichtungen<\/li>\n<\/ul>\n<p>\u00a0<\/p>\n<p>&#8230; f\u00fcr Lehrkr\u00e4fte:<\/p>\n<ul>\n<li>bei sozialp\u00e4dagogischen Projekten und deren Durchf\u00fchrung (z.B. zur F\u00f6rderung von sozialen Kompetenzen)<\/li>\n<li>zur Unterst\u00fctzung bei der F\u00f6rderung einer guten Klassengemeinschaft oder bei der Konfliktbearbeitung<br \/>(z.B. Klassenrat, Konflikte von einzelnen Sch\u00fclerInnen in der Klassengemeinschaft)<\/li>\n<\/ul>\n<p>\u00a0<\/p>\n<p>\u00a0<\/p>\n\n\n\n<figure class=\"wp-block-image size-full\"><img loading=\"lazy\" decoding=\"async\" width=\"698\" height=\"438\" src=\"https:\/\/wordpress.nibis.de\/gsriemsloh\/files\/Screenshot-2022-02-08-154245.jpg\" alt=\"\" class=\"wp-image-4942\" srcset=\"https:\/\/wordpress.nibis.de\/gsriemsloh\/files\/Screenshot-2022-02-08-154245.jpg 698w, https:\/\/wordpress.nibis.de\/gsriemsloh\/files\/Screenshot-2022-02-08-154245-225x141.jpg 225w, https:\/\/wordpress.nibis.de\/gsriemsloh\/files\/Screenshot-2022-02-08-154245-606x380.jpg 606w\" sizes=\"auto, (max-width: 698px) 100vw, 698px\" \/><\/figure>\n","protected":false},"excerpt":{"rendered":"<p>&#8230; f\u00fcr Sch\u00fclerinnen und Sch\u00fcler: bei Schwierigkeiten in der Schule bei Problemen in der Familie und mit Freunden bei Konflikten zwischen Sch\u00fclerInnen in der Zusammenarbeit mit au\u00dferschulischen Einrichtungen \u00a0 &#8230; f\u00fcr Eltern\/Erziehungsberechtigte: bei Erziehungsfragen bei der Vermittlung von Kontakten zu anderen unterst\u00fctzenden Einrichtungen \u00a0 &#8230; f\u00fcr Lehrkr\u00e4fte: bei sozialp\u00e4dagogischen Projekten und deren Durchf\u00fchrung (z.B. zur &hellip; <a href=\"https:\/\/wordpress.nibis.de\/gsriemsloh\/die-schulsozialarbeiterin-ist-ansprechpartnerin\/\" class=\"more-link\">Weiterlesen <span class=\"screen-reader-text\">Die Schulsozialarbeiterin ist Ansprechpartnerin&#8230;<\/span><\/a><\/p>\n","protected":false},"author":9192350,"featured_media":0,"parent":0,"menu_order":0,"comment_status":"closed","ping_status":"closed","template":"","meta":{"footnotes":""},"class_list":["post-4934","page","type-page","status-publish","hentry","without-featured-image"],"_links":{"self":[{"href":"https:\/\/wordpress.nibis.de\/gsriemsloh\/wp-json\/wp\/v2\/pages\/4934","targetHints":{"allow":["GET"]}}],"collection":[{"href":"https:\/\/wordpress.nibis.de\/gsriemsloh\/wp-json\/wp\/v2\/pages"}],"about":[{"href":"https:\/\/wordpress.nibis.de\/gsriemsloh\/wp-json\/wp\/v2\/types\/page"}],"author":[{"embeddable":true,"href":"https:\/\/wordpress.nibis.de\/gsriemsloh\/wp-json\/wp\/v2\/users\/9192350"}],"replies":[{"embeddable":true,"href":"https:\/\/wordpress.nibis.de\/gsriemsloh\/wp-json\/wp\/v2\/comments?post=4934"}],"version-history":[{"count":3,"href":"https:\/\/wordpress.nibis.de\/gsriemsloh\/wp-json\/wp\/v2\/pages\/4934\/revisions"}],"predecessor-version":[{"id":4943,"href":"https:\/\/wordpress.nibis.de\/gsriemsloh\/wp-json\/wp\/v2\/pages\/4934\/revisions\/4943"}],"wp:attachment":[{"href":"https:\/\/wordpress.nibis.de\/gsriemsloh\/wp-json\/wp\/v2\/media?parent=4934"}],"curies":[{"name":"wp","href":"https:\/\/api.w.org\/{rel}","templated":true}]}}