{"id":599,"date":"2014-10-06T22:57:44","date_gmt":"2014-10-06T20:57:44","guid":{"rendered":"http:\/\/wordpress.nibis.de\/gsriemsloh\/?page_id=599"},"modified":"2020-08-30T18:32:41","modified_gmt":"2020-08-30T16:32:41","slug":"formulare-2","status":"publish","type":"page","link":"https:\/\/wordpress.nibis.de\/gsriemsloh\/formulare-2\/","title":{"rendered":"Elterninfos"},"content":{"rendered":"\n<p><strong>Handreichung zum Umgang mit symptomatischen Kindern<\/strong><\/p>\n\n\n\n<div class=\"wp-block-file\"><a href=\"https:\/\/wordpress.nibis.de\/gsriemsloh\/files\/NLGA_Handreichung-zum-Umgang-mit-symptomatischen-Kindern-1.pdf\">NLGA_Handreichung-zum-Umgang-mit-symptomatischen-Kindern<\/a><a href=\"https:\/\/wordpress.nibis.de\/gsriemsloh\/files\/NLGA_Handreichung-zum-Umgang-mit-symptomatischen-Kindern-1.pdf\" class=\"wp-block-file__button\" download>Herunterladen<\/a><\/div>\n\n\n\n<p><\/p>\n\n\n\n<p><strong>Schulleben<\/strong><\/p>\n\n\n\n<p>Um 7.45 Uhr beginnt unser Unterricht. Bis 13.00 Uhr sind wir eine verl\u00e4ssliche Grundschule. Neben dem regul\u00e4ren Unterricht gibt es verschiedene Angebote an denen die Klassen teilnehmen k\u00f6nnen:<\/p>\n\n\n\n<ul class=\"wp-block-list\"><li>Lesef\u00f6rderung (Teilnahme am Lesekoffer-Projekt mit der \u00f6rtlichen Buchhandlung, Vorlesewettbewerb, Tag des Buches, Antolin\u2026)<\/li><li>j\u00e4hrlich stattfindende Sport-Veranstaltungen (Laufabzeichen, Sportabzeichen, Stadtlauf, Tischtennis-Rundlauf-Team-Cup)<\/li><li>jahrgangs\u00fcbergreifende Projekte (Kunst-Projekt, Musik-Projekt \u201eKlasse!Wir singen\u201c, Zirkus-Projekt, Sport-Projekt)<\/li><\/ul>\n\n\n\n<p>Regelm\u00e4\u00dfig finden vor den Ferien Schulversammlungen statt, an denen auch die Eltern teilnehmen k\u00f6nnen.<\/p>\n\n\n\n<p>Die Kinder werden ab 7.20 Uhr auf dem Schulhof beaufsichtigt.<\/p>\n\n\n\n<p>Ab 7.30 Uhr wird die Schule ge\u00f6ffnet.<\/p>\n\n\n\n<figure class=\"wp-block-table\"><table><tbody><tr><td>1. Stunde<\/td><td>&nbsp; 7.45 Uhr \u2013&nbsp;&nbsp; 8.30 Uhr<\/td><\/tr><tr><td>2. Stunde<\/td><td>&nbsp; 8.30 Uhr \u2013&nbsp;&nbsp; 9.15 Uhr<\/td><\/tr><tr><td>Fr\u00fchst\u00fcckspause<\/td><td>&nbsp; 9.15 Uhr \u2013&nbsp;&nbsp; 9.25 Uhr<\/td><\/tr><tr><td>Gro\u00dfe Pause<\/td><td>&nbsp; 9.25 Uhr \u2013&nbsp;&nbsp; 9.40 Uhr<\/td><\/tr><tr><td>3. Stunde<\/td><td>&nbsp; 9.40 Uhr \u2013 10.25 Uhr<\/td><\/tr><tr><td>Kleine Pause<\/td><td>10.25 Uhr \u2013 10.30 Uhr<\/td><\/tr><tr><td>4. Stunde<\/td><td>10.30 Uhr \u2013 11.15 Uhr<\/td><\/tr><tr><td>Gro\u00dfe Pause<\/td><td>11.15 Uhr \u2013 11.30 Uhr<\/td><\/tr><tr><td>5. Stunde<\/td><td>11.30 Uhr \u2013 12.15 Uhr<\/td><\/tr><tr><td>6. Stunde<\/td><td>12.15 Uhr \u2013 13.00 Uhr<\/td><\/tr><\/tbody><\/table><\/figure>\n","protected":false},"excerpt":{"rendered":"<p>Handreichung zum Umgang mit symptomatischen Kindern Schulleben Um 7.45 Uhr beginnt unser Unterricht. Bis 13.00 Uhr sind wir eine verl\u00e4ssliche Grundschule. Neben dem regul\u00e4ren Unterricht gibt es verschiedene Angebote an denen die Klassen teilnehmen k\u00f6nnen: Lesef\u00f6rderung (Teilnahme am Lesekoffer-Projekt mit der \u00f6rtlichen Buchhandlung, Vorlesewettbewerb, Tag des Buches, Antolin\u2026) j\u00e4hrlich stattfindende Sport-Veranstaltungen (Laufabzeichen, Sportabzeichen, Stadtlauf, Tischtennis-Rundlauf-Team-Cup) &hellip; <a href=\"https:\/\/wordpress.nibis.de\/gsriemsloh\/formulare-2\/\" class=\"more-link\">Weiterlesen <span class=\"screen-reader-text\">Elterninfos<\/span><\/a><\/p>\n","protected":false},"author":500,"featured_media":0,"parent":0,"menu_order":0,"comment_status":"closed","ping_status":"closed","template":"","meta":{"footnotes":""},"class_list":["post-599","page","type-page","status-publish","hentry","without-featured-image"],"_links":{"self":[{"href":"https:\/\/wordpress.nibis.de\/gsriemsloh\/wp-json\/wp\/v2\/pages\/599","targetHints":{"allow":["GET"]}}],"collection":[{"href":"https:\/\/wordpress.nibis.de\/gsriemsloh\/wp-json\/wp\/v2\/pages"}],"about":[{"href":"https:\/\/wordpress.nibis.de\/gsriemsloh\/wp-json\/wp\/v2\/types\/page"}],"author":[{"embeddable":true,"href":"https:\/\/wordpress.nibis.de\/gsriemsloh\/wp-json\/wp\/v2\/users\/500"}],"replies":[{"embeddable":true,"href":"https:\/\/wordpress.nibis.de\/gsriemsloh\/wp-json\/wp\/v2\/comments?post=599"}],"version-history":[{"count":10,"href":"https:\/\/wordpress.nibis.de\/gsriemsloh\/wp-json\/wp\/v2\/pages\/599\/revisions"}],"predecessor-version":[{"id":5856,"href":"https:\/\/wordpress.nibis.de\/gsriemsloh\/wp-json\/wp\/v2\/pages\/599\/revisions\/5856"}],"wp:attachment":[{"href":"https:\/\/wordpress.nibis.de\/gsriemsloh\/wp-json\/wp\/v2\/media?parent=599"}],"curies":[{"name":"wp","href":"https:\/\/api.w.org\/{rel}","templated":true}]}}