{"id":605,"date":"2014-10-06T23:01:22","date_gmt":"2014-10-06T21:01:22","guid":{"rendered":"http:\/\/wordpress.nibis.de\/gsriemsloh\/?page_id=605"},"modified":"2025-03-11T20:23:41","modified_gmt":"2025-03-11T19:23:41","slug":"betreunngsteam","status":"publish","type":"page","link":"https:\/\/wordpress.nibis.de\/gsriemsloh\/betreunngsteam\/","title":{"rendered":"Betreuung"},"content":{"rendered":"<p><strong>Sehr geehrte Eltern,<\/strong><\/p>\n<p>Wir freuen uns, dass wir Ihnen ein Betreuungsangebot f\u00fcr Ihre Kinder anbieten k\u00f6nnen.\u00a0<strong>Die Teilnahme ist freiwillig. Die Anmeldung verpflichtet allerdings zur Teilnahme f\u00fcr die Dauer eines Schulhalbjahres<\/strong>. <strong>An jedem angemeldeten Tag muss Ihr Kind bis 15.30 Uhr an der Betreuung teilnehmen. \u00a0<\/strong><\/p>\n<p><strong>\u00a0Das Ganztagsangebot wird von Montag bis Donnerstag vorgehalten. Sollten Sie dringend eine Betreuung am Freitag oder nach 15.30 Uhr ben\u00f6tigen, wenden Sie Sich bitte an das Familienb\u00fcro in Melle, Tel.: 05422 965 -522. Wir haben eine Tagespflegegruppe in der Schule. <\/strong><\/p>\n<p>Es besteht die M\u00f6glichkeit, ein warmes Mittagessen zu bestellen (siehe Anmeldung Mittagessen). <strong>Bei Anspruch auf Leistungen f\u00fcr Bildung und Teilhabe ist das Mittagessen kostenfrei<\/strong>. Der entsprechende Gutschein muss rechtzeitig im Sekretariat vorgelegt werden. M\u00f6chten Sie kein Mittagessen bestellen, geben Sie Ihrem Kind Essen f\u00fcr die Mittagspause mit.<\/p>\n<p>Die Kosten f\u00fcr das Mittagessen sind Durchschnittskosten auf ein Halbjahr berechnet, die jeden Monat f\u00e4llig werden und per Lastschriftverfahren bezahlt werden m\u00fcssen. Sollten sich auf Grund von Rundungen der Beitr\u00e4ge oder einzelner Abmeldungen der Mahlzeiten \u00dcbersch\u00fcsse ergeben, wird dieses Geld f\u00fcr Getr\u00e4nke, Obst, Rohkost, kleine Naschereien oder andere Bedarfe (der Sch\u00fclerinnen und Sch\u00fcler im Ganztag) verwendet.<\/p>\n<p>Die Beitr\u00e4ge f\u00fcr das Mittagessen werden bis zum 25. des Vormonats per Lastschriftverfahren Ihrem Konto belastet. Hierzu f\u00fcllen Sie bitte das SEPA-Lastschriftmandat auf der Anmeldung zum Mittagessen aus. Sollte kein Geldeingang erfolgen, wird das Kind von der Mittagsverpflegung abgemeldet.<\/p>\n<p>Wie bisher informieren Sie uns bei Fehlzeiten (Krankheit usw.) Ihres Kindes bis sp\u00e4testens 7.45 Uhr. Dabei teilen Sie bitte mit, ob Ihr Kind zum Mittagessen angemeldet ist.<\/p>\n<p>Bei einer l\u00e4ngerfristigen Erkrankung Ihres Kindes (mehr als 2 Tage) k\u00f6nnen Sie die R\u00fcckerstattung der Kosten f\u00fcr das Mittagessen\u00a0<strong>ab dem 3. Tag\u00a0<\/strong>innerhalb von 4 Wochen schriftlich im Sekretariat beantragen.\u00a0<u>Voraussetzung:<\/u>\u00a0Das Essen konnte durch rechtzeitiges Einreichen einer schriftlichen Abmeldung (auch per E-Mail) abbestellt werden.<\/p>\n<p>\u00a0<\/p>\n<p>Mit freundlichen Gr\u00fc\u00dfen<\/p>\n<p><strong>Anke Bolte<\/strong><\/p>\n<p>(Schulleiterin)<\/p>\n\n\n<div data-wp-interactive=\"core\/file\" class=\"wp-block-file\"><object data-wp-bind--hidden=\"!state.hasPdfPreview\" hidden class=\"wp-block-file__embed\" data=\"https:\/\/wordpress.nibis.de\/gsriemsloh\/files\/6.2-Verbindliche-Anmeldung-zum-Mittagessen-1.pdf\" type=\"application\/pdf\" style=\"width:100%;height:600px\" aria-label=\"Einbettung von Einbettung von 6.2-Verbindliche-Anmeldung-zum-Mittagessen-1..\"><\/object><a id=\"wp-block-file--media-860adb39-5892-4f29-b3ad-3d53599367e7\" href=\"https:\/\/wordpress.nibis.de\/gsriemsloh\/files\/6.2-Verbindliche-Anmeldung-zum-Mittagessen-1.pdf\">6.2-Verbindliche-Anmeldung-zum-Mittagessen-1<\/a><a href=\"https:\/\/wordpress.nibis.de\/gsriemsloh\/files\/6.2-Verbindliche-Anmeldung-zum-Mittagessen-1.pdf\" class=\"wp-block-file__button\" download aria-describedby=\"wp-block-file--media-860adb39-5892-4f29-b3ad-3d53599367e7\">Herunterladen<\/a><\/div>\n","protected":false},"excerpt":{"rendered":"<p>Sehr geehrte Eltern, Wir freuen uns, dass wir Ihnen ein Betreuungsangebot f\u00fcr Ihre Kinder anbieten k\u00f6nnen.\u00a0Die Teilnahme ist freiwillig. Die Anmeldung verpflichtet allerdings zur Teilnahme f\u00fcr die Dauer eines Schulhalbjahres. An jedem angemeldeten Tag muss Ihr Kind bis 15.30 Uhr an der Betreuung teilnehmen. \u00a0 \u00a0Das Ganztagsangebot wird von Montag bis Donnerstag vorgehalten. Sollten Sie &hellip; <a href=\"https:\/\/wordpress.nibis.de\/gsriemsloh\/betreunngsteam\/\" class=\"more-link\">Weiterlesen <span class=\"screen-reader-text\">Betreuung<\/span><\/a><\/p>\n","protected":false},"author":472,"featured_media":0,"parent":0,"menu_order":0,"comment_status":"closed","ping_status":"closed","template":"","meta":{"footnotes":""},"class_list":["post-605","page","type-page","status-publish","hentry","without-featured-image"],"_links":{"self":[{"href":"https:\/\/wordpress.nibis.de\/gsriemsloh\/wp-json\/wp\/v2\/pages\/605","targetHints":{"allow":["GET"]}}],"collection":[{"href":"https:\/\/wordpress.nibis.de\/gsriemsloh\/wp-json\/wp\/v2\/pages"}],"about":[{"href":"https:\/\/wordpress.nibis.de\/gsriemsloh\/wp-json\/wp\/v2\/types\/page"}],"author":[{"embeddable":true,"href":"https:\/\/wordpress.nibis.de\/gsriemsloh\/wp-json\/wp\/v2\/users\/472"}],"replies":[{"embeddable":true,"href":"https:\/\/wordpress.nibis.de\/gsriemsloh\/wp-json\/wp\/v2\/comments?post=605"}],"version-history":[{"count":29,"href":"https:\/\/wordpress.nibis.de\/gsriemsloh\/wp-json\/wp\/v2\/pages\/605\/revisions"}],"predecessor-version":[{"id":6350,"href":"https:\/\/wordpress.nibis.de\/gsriemsloh\/wp-json\/wp\/v2\/pages\/605\/revisions\/6350"}],"wp:attachment":[{"href":"https:\/\/wordpress.nibis.de\/gsriemsloh\/wp-json\/wp\/v2\/media?parent=605"}],"curies":[{"name":"wp","href":"https:\/\/api.w.org\/{rel}","templated":true}]}}