{"id":6171,"date":"2024-09-18T22:01:57","date_gmt":"2024-09-18T20:01:57","guid":{"rendered":"https:\/\/wordpress.nibis.de\/gsriemsloh\/?page_id=6171"},"modified":"2024-09-18T22:11:15","modified_gmt":"2024-09-18T20:11:15","slug":"walking-bus","status":"publish","type":"page","link":"https:\/\/wordpress.nibis.de\/gsriemsloh\/walking-bus\/","title":{"rendered":"Walking Bus"},"content":{"rendered":"\n<p id=\"pClxY9cce0ftRBeA\">\u00a0<\/p>\n<p id=\"np5n0eBGyEhTsyLn\"><span id=\"RpGwO9bagMA6bzxk\">Der Walking Bus bringt Bewegung in unsere Schule.<\/span><img loading=\"lazy\" decoding=\"async\" class=\"wp-image-6182 alignleft\" src=\"https:\/\/wordpress.nibis.de\/gsriemsloh\/files\/Walking-bus.jpg\" alt=\"\" width=\"230\" height=\"230\" srcset=\"https:\/\/wordpress.nibis.de\/gsriemsloh\/files\/Walking-bus.jpg 387w, https:\/\/wordpress.nibis.de\/gsriemsloh\/files\/Walking-bus-141x141.jpg 141w, https:\/\/wordpress.nibis.de\/gsriemsloh\/files\/Walking-bus-90x90.jpg 90w, https:\/\/wordpress.nibis.de\/gsriemsloh\/files\/Walking-bus-380x380.jpg 380w\" sizes=\"auto, (max-width: 230px) 100vw, 230px\" \/><\/p>\n<p><span id=\"RpGwO9bagMA6bzxk\">Um den Schulweg m\u00f6glichst sicher und nachhaltig zu gestalten, sind wir mit unserer Schule Pioniere der Stadt Melle. Seit August 2024 &#8222;f\u00e4hrt&#8220; der Walking Bus von verschiedenen Haltestellen in Riemsloh aus die teilnehmenden Kinder zur Schule. <\/span><\/p>\n<p id=\"zvHf9Lerivu6E5sM\"><span id=\"nIqwRkVLVPd8rfSL\">Die Initiative \u201eThe Walking Bus\u201c, die \u00fcbersetzt so viel wie \u201elaufender Bus\u201c bedeutet, kurz erkl\u00e4rt:<\/span><\/p>\n<p><span id=\"nIqwRkVLVPd8rfSL\">Die Kinder laufen morgens mit dem Walking Bus in einer Gehgemeinschaft, die wie ein Linienbus nach festem Fahrplan die Schule erreicht. Die \u201eBusfahrer\u201c sind ehrenamtliche Senioren, Berufst\u00e4tige, Eltern und Studenten, die verl\u00e4sslich und vertrauensvoll tagt\u00e4glich den laufen Schulbus \u201efahren\u201c. Sie sind Begleiter, vermitteln Verkehrsregeln und passen auf, dass jedes Kind sicher die Schule erreicht.<\/span><\/p>\n<p id=\"PyaavDPhV5HISBJ0\"><span id=\"khwGjOj5sUxb3xPY\">Auf dem Weg kommen die Kinder und Begleiter miteinander ins Gespr\u00e4ch, bewegen sich an der frischen Luft und lernen ihre Umgebung besser kennen. Das oftmals hohe Verkehrsaufkommen vor der Schule wird entsch\u00e4rft und Eltern und Erziehungsberechtigte werden entlastet.<\/span><\/p>\n<p id=\"CoLKCDM7ksYHmSsC\"><span id=\"sQuFSCMEkNAQd2LF\">Alle Haltestellen des Walking Bus sind wie Buslinien gekennzeichnet. Den Fahrplan mit festgelegten Haltestellen und Zeitangaben sehen sie hier auf unserer Homepage.\u00a0<\/span><\/p>\n\n\n","protected":false},"excerpt":{"rendered":"<p>\u00a0 Der Walking Bus bringt Bewegung in unsere Schule. Um den Schulweg m\u00f6glichst sicher und nachhaltig zu gestalten, sind wir mit unserer Schule Pioniere der Stadt Melle. Seit August 2024 &#8222;f\u00e4hrt&#8220; der Walking Bus von verschiedenen Haltestellen in Riemsloh aus die teilnehmenden Kinder zur Schule. Die Initiative \u201eThe Walking Bus\u201c, die \u00fcbersetzt so viel wie &hellip; <a href=\"https:\/\/wordpress.nibis.de\/gsriemsloh\/walking-bus\/\" class=\"more-link\">Weiterlesen <span class=\"screen-reader-text\">Walking Bus<\/span><\/a><\/p>\n","protected":false},"author":9194145,"featured_media":0,"parent":0,"menu_order":0,"comment_status":"closed","ping_status":"closed","template":"","meta":{"footnotes":""},"class_list":["post-6171","page","type-page","status-publish","hentry","without-featured-image"],"_links":{"self":[{"href":"https:\/\/wordpress.nibis.de\/gsriemsloh\/wp-json\/wp\/v2\/pages\/6171","targetHints":{"allow":["GET"]}}],"collection":[{"href":"https:\/\/wordpress.nibis.de\/gsriemsloh\/wp-json\/wp\/v2\/pages"}],"about":[{"href":"https:\/\/wordpress.nibis.de\/gsriemsloh\/wp-json\/wp\/v2\/types\/page"}],"author":[{"embeddable":true,"href":"https:\/\/wordpress.nibis.de\/gsriemsloh\/wp-json\/wp\/v2\/users\/9194145"}],"replies":[{"embeddable":true,"href":"https:\/\/wordpress.nibis.de\/gsriemsloh\/wp-json\/wp\/v2\/comments?post=6171"}],"version-history":[{"count":3,"href":"https:\/\/wordpress.nibis.de\/gsriemsloh\/wp-json\/wp\/v2\/pages\/6171\/revisions"}],"predecessor-version":[{"id":6184,"href":"https:\/\/wordpress.nibis.de\/gsriemsloh\/wp-json\/wp\/v2\/pages\/6171\/revisions\/6184"}],"wp:attachment":[{"href":"https:\/\/wordpress.nibis.de\/gsriemsloh\/wp-json\/wp\/v2\/media?parent=6171"}],"curies":[{"name":"wp","href":"https:\/\/api.w.org\/{rel}","templated":true}]}}