{"id":6241,"date":"2024-11-27T20:24:07","date_gmt":"2024-11-27T19:24:07","guid":{"rendered":"https:\/\/wordpress.nibis.de\/gsriemsloh\/?page_id=6241"},"modified":"2025-03-12T15:22:53","modified_gmt":"2025-03-12T14:22:53","slug":"kov","status":"publish","type":"page","link":"https:\/\/wordpress.nibis.de\/gsriemsloh\/kov\/","title":{"rendered":"KOV"},"content":{"rendered":"\n<p>Hier finden Sie die aktuellen Angebote des Kooperationsverband zur Begabtenf\u00f6rderung der Meller Schulen. Wir freuen uns, den Sch\u00fclerInnen aus dem Raum Melle an unserer Schule ein tolles Angebot bieten zu k\u00f6nnen.<\/p>\n<div style=\"text-align: left\">Hintergrund KOV: Die Grundschule Riemsloh hat sich mit dem Gymnasium Melle, der Lindenschule Buer,<\/div>\n<div style=\"text-align: left\">der Grundschule im Engelgarten, der Wellingholzhausener Grundschule und der Gr\u00f6nenbergschule<\/div>\n<div style=\"text-align: left\">zu einem Kooperationsverbund zusammengeschlossen.<\/div>\n<div style=\"text-align: left\">Im Rahmen von Arbeitsgemeinschaften mit unterschiedlichen Schwerpunkten<\/div>\n<div style=\"text-align: left\">sollen Sch\u00fclerinnen und Sch\u00fcler mit besonderen Begabungen zus\u00e4tzlich gef\u00f6rdert<\/div>\n<div style=\"text-align: left\">und gefordert werden.<\/div>\n<div>\u00a0<\/div>\n<div>Halbj\u00e4hrlich wird von den beteiligten Schulen ein Programm erstellt.<\/div>\n<p><a href=\"https:\/\/wordpress.nibis.de\/gsriemsloh\/files\/KOV-Angebote-1.Hj-202425.pdf\">KOV-Angebote 1.Hj 2024\/25<\/a><\/p>\n<p><a href=\"https:\/\/wordpress.nibis.de\/gsriemsloh\/files\/KOV-Angebote-2.-Hj-2425.pdf\">KOV-Angebote 2. Hj 24\/25<\/a><\/p>\n\n\n","protected":false},"excerpt":{"rendered":"<p>Hier finden Sie die aktuellen Angebote des Kooperationsverband zur Begabtenf\u00f6rderung der Meller Schulen. Wir freuen uns, den Sch\u00fclerInnen aus dem Raum Melle an unserer Schule ein tolles Angebot bieten zu k\u00f6nnen. Hintergrund KOV: Die Grundschule Riemsloh hat sich mit dem Gymnasium Melle, der Lindenschule Buer, der Grundschule im Engelgarten, der Wellingholzhausener Grundschule und der Gr\u00f6nenbergschule &hellip; <a href=\"https:\/\/wordpress.nibis.de\/gsriemsloh\/kov\/\" class=\"more-link\">Weiterlesen <span class=\"screen-reader-text\">KOV<\/span><\/a><\/p>\n","protected":false},"author":9194145,"featured_media":0,"parent":0,"menu_order":0,"comment_status":"closed","ping_status":"closed","template":"","meta":{"footnotes":""},"class_list":["post-6241","page","type-page","status-publish","hentry","without-featured-image"],"_links":{"self":[{"href":"https:\/\/wordpress.nibis.de\/gsriemsloh\/wp-json\/wp\/v2\/pages\/6241","targetHints":{"allow":["GET"]}}],"collection":[{"href":"https:\/\/wordpress.nibis.de\/gsriemsloh\/wp-json\/wp\/v2\/pages"}],"about":[{"href":"https:\/\/wordpress.nibis.de\/gsriemsloh\/wp-json\/wp\/v2\/types\/page"}],"author":[{"embeddable":true,"href":"https:\/\/wordpress.nibis.de\/gsriemsloh\/wp-json\/wp\/v2\/users\/9194145"}],"replies":[{"embeddable":true,"href":"https:\/\/wordpress.nibis.de\/gsriemsloh\/wp-json\/wp\/v2\/comments?post=6241"}],"version-history":[{"count":4,"href":"https:\/\/wordpress.nibis.de\/gsriemsloh\/wp-json\/wp\/v2\/pages\/6241\/revisions"}],"predecessor-version":[{"id":6365,"href":"https:\/\/wordpress.nibis.de\/gsriemsloh\/wp-json\/wp\/v2\/pages\/6241\/revisions\/6365"}],"wp:attachment":[{"href":"https:\/\/wordpress.nibis.de\/gsriemsloh\/wp-json\/wp\/v2\/media?parent=6241"}],"curies":[{"name":"wp","href":"https:\/\/api.w.org\/{rel}","templated":true}]}}